{"id":113757,"date":"2025-11-02T00:00:00","date_gmt":"2025-11-02T05:00:00","guid":{"rendered":"http:\/\/gpl-love.com\/es\/?post_type=product&#038;p=113757"},"modified":"2026-03-09T07:40:08","modified_gmt":"2026-03-09T12:40:08","slug":"gravity-forms-polls-addon","status":"publish","type":"product","link":"https:\/\/gpl-love.com\/es\/producto\/gravity-forms-polls-addon\/","title":{"rendered":"Gravity Forms Polls Addon 4.4.0"},"content":{"rendered":"<h3>Gravity Forms Polls Addon Caracteristicas<\/h3>\n<p>El complemento de las encuestas de Gravity Forms es una herramienta incre\u00edblemente robusta y formidable que le otorga la capacidad de dise\u00f1ar encuestas altamente personalizables y cautivadoras directamente en su sitio web. Este complemento excepcional le permite generar encuestas sin esfuerzo que acumulan efectivamente comentarios invaluables de sus estimados visitantes, facilitando as\u00ed el proceso de tomar decisiones comerciales astutas e informadas. La sencilla interfaz de arrastrar y soltar proporcionada por este complemento hace que la creaci\u00f3n de encuestas sea un esfuerzo sin esfuerzo, incluso para las personas desprovistas de cualquier competencia de codificaci\u00f3n. Adem\u00e1s, la naturaleza vers\u00e1til de sus dise\u00f1os garantiza que sus encuestas se armonicen sin problemas con la est\u00e9tica general de su sitio web. Adem\u00e1s, la gravedad de las encuestas de formularios ofrece una gran cantidad de opciones avanzadas que aumentan exponencialmente la profundidad de sus encuestas. Estas opciones avanzadas abarcan la implementaci\u00f3n de la l\u00f3gica condicional, la imposici\u00f3n de limitaciones en el n\u00famero de presentaciones, as\u00ed como la capacidad de programar cu\u00e1ndo se hacen accesibles las encuestas. En general, puede declararse inequ\u00edvocamente que las encuestas de formularios de gravedad el complemento sirve como una herramienta indispensable e imperativa para cualquier empresa que busque comprometerse con \u00e9xito con su p\u00fablico objetivo y obtener comentarios invaluables.<\/p>\n<ul>\n<li>Crear encuestas personalizadas dentro de las formas de gravedad<\/li>\n<li>Incrustar encuestas en cualquier p\u00e1gina de su sitio web<\/li>\n<li>Elija entre varios tipos de preguntas, incluidas la escala de opci\u00f3n m\u00faltiple, abierto y Likert<\/li>\n<li>Establezca opciones para encuestados, como limitar las respuestas, requerir inicio de sesi\u00f3n y permitir m\u00faltiples respuestas<\/li>\n<li>Monitorear los resultados de la encuesta en tiempo real con an\u00e1lisis incorporado<\/li>\n<li>Exportar datos en formato CSV para su posterior an\u00e1lisis<\/li>\n<li>Personalizar el dise\u00f1o y el estilo de las encuestas para que coincida con su sitio web<\/li>\n<li>Integrarse con las populares plataformas de marketing por correo electr\u00f3nico y CRM<\/li>\n<li>Desarrollador con ganchos y filtros para la personalizaci\u00f3n<\/li>\n<\/ul>\n","protected":false},"excerpt":{"rendered":"<p>Gravity Forms Polls Addon es un complemento incre\u00edblemente impresionante y muy robusto que ofrece una multitud de caracter\u00edsticas, todas las cuales le permiten crear encuestas y encuestas interactivas sin esfuerzo para su sitio web de WordPress. Este notable complemento cuenta con una interfaz incre\u00edblemente intuitiva, lo que significa que incluso aquellos que no poseen una amplia experiencia en el dise\u00f1o y el desarrollo del sitio web podr\u00e1n navegar f\u00e1cilmente por el complemento y crear formas atractivas que recopilen efectivamente comentarios e ideas de su audiencia. Adem\u00e1s, este notable complemento se integra perfectamente con el complemento de formularios de gravedad ya muy populares, lo que a su vez hace que sea incre\u00edblemente conveniente para usted administrar y realizar un seguimiento de todas las respuestas recibidas. Ya sea que est\u00e9 buscando realizar una investigaci\u00f3n de mercado crucial, recopilar comentarios vitales de los clientes o simplemente tener el objetivo de entretener a su audiencia, el complemento de las encuestas de gravedad es, sin duda, una herramienta incre\u00edblemente poderosa y efectiva que sin duda puede ayudarlo a lograr con \u00e9xito todas sus objetivos y objetivos. .<\/p>\n","protected":false},"featured_media":166324,"comment_status":"open","ping_status":"open","template":"","meta":[],"product_brand":[2469],"product_cat":[1214,1206,1211],"product_tag":[1300],"class_list":{"0":"post-113757","1":"product","2":"type-product","3":"status-publish","4":"has-post-thumbnail","6":"product_brand-gravityforms","7":"product_cat-personalizacion","8":"product_cat-plugins","9":"product_cat-wordpress-plugins","10":"product_tag-gravityforms","11":"member-discount","12":"discount-restricted","14":"first","15":"instock","16":"sale","17":"downloadable","18":"virtual","19":"sold-individually","20":"purchasable","21":"product-type-simple"},"_links":{"self":[{"href":"https:\/\/gpl-love.com\/es\/wp-json\/wp\/v2\/product\/113757","targetHints":{"allow":["GET"]}}],"collection":[{"href":"https:\/\/gpl-love.com\/es\/wp-json\/wp\/v2\/product"}],"about":[{"href":"https:\/\/gpl-love.com\/es\/wp-json\/wp\/v2\/types\/product"}],"replies":[{"embeddable":true,"href":"https:\/\/gpl-love.com\/es\/wp-json\/wp\/v2\/comments?post=113757"}],"wp:featuredmedia":[{"embeddable":true,"href":"https:\/\/gpl-love.com\/es\/wp-json\/wp\/v2\/media\/166324"}],"wp:attachment":[{"href":"https:\/\/gpl-love.com\/es\/wp-json\/wp\/v2\/media?parent=113757"}],"wp:term":[{"taxonomy":"product_brand","embeddable":true,"href":"https:\/\/gpl-love.com\/es\/wp-json\/wp\/v2\/product_brand?post=113757"},{"taxonomy":"product_cat","embeddable":true,"href":"https:\/\/gpl-love.com\/es\/wp-json\/wp\/v2\/product_cat?post=113757"},{"taxonomy":"product_tag","embeddable":true,"href":"https:\/\/gpl-love.com\/es\/wp-json\/wp\/v2\/product_tag?post=113757"}],"curies":[{"name":"wp","href":"https:\/\/api.w.org\/{rel}","templated":true}]}}