{"id":113755,"date":"2023-11-10T00:00:00","date_gmt":"2023-11-10T05:00:00","guid":{"rendered":"http:\/\/gpl-love.com\/es\/?post_type=product&#038;p=113755"},"modified":"2026-03-09T07:40:06","modified_gmt":"2026-03-09T12:40:06","slug":"gravity-forms-pipe-addon","status":"publish","type":"product","link":"https:\/\/gpl-love.com\/es\/producto\/gravity-forms-pipe-addon\/","title":{"rendered":"Gravity Forms Pipe AddOn 1.4.0"},"content":{"rendered":"<h3>Gravity Forms Pipe AddOn Caracteristicas<\/h3>\n<p>El complemento Pipe Forms Pipe es una herramienta incre\u00edblemente robusta y vers\u00e1til que otorga a los usuarios la capacidad perfecta para establecer sin esfuerzo las conexiones entre sus formas de gravedad y una amplia gama de servicios y aplicaciones de terceros. Al utilizar este complemento excepcional, los usuarios est\u00e1n facultados para integrar sin esfuerzo y r\u00e1pidamente sus env\u00edos de formularios con servicios muy solicitados como Salesforce, HubSpot y MailChimp, adem\u00e1s de aplicaciones y bases de datos personalizadas. La instalaci\u00f3n y la configuraci\u00f3n de este complemento son f\u00e1ciles de usar y sencillas, y cuenta con una amplia gama de caracter\u00edsticas potentes que lo hacen excepcionalmente adecuado para personas de todos los niveles de habilidad, desde novatos hasta profesionales experimentados. Ya sea que su objetivo sea optimizar y automatizar sus procesos de recopilaci\u00f3n de datos, mejorar la eficiencia de sus formularios en l\u00ednea o optimizar su flujo de trabajo general, la gravedad forma tuber\u00edas, sin duda, es una opci\u00f3n excepcional que lo ayudar\u00e1 a lograr sus objetivos.<\/p>\n<ul>\n<li>Conecta a la perfecci\u00f3n los formularios de gravedad con otros servicios y aplicaciones<\/li>\n<li>Automatizar la transferencia de datos de formularios de gravedad a sistemas de terceros<\/li>\n<li>Elimina la necesidad de entrada de datos manuales o pases de copia<\/li>\n<li>Admite una amplia gama de integraciones, que incluyen CRMS, herramientas de marketing por correo electr\u00f3nico y plataformas de gesti\u00f3n de proyectos<\/li>\n<li>Permite a los usuarios mapear los campos de formularios de gravedad a campos espec\u00edficos en otros sistemas para una transferencia de datos eficiente<\/li>\n<li>Proporciona sincronizaci\u00f3n en tiempo real para transferencia de datos precisa y actualizada<\/li>\n<li>Ofrece una interfaz f\u00e1cil de usar para una f\u00e1cil configuraci\u00f3n y configuraci\u00f3n<\/li>\n<li>Configuraci\u00f3n avanzada personalizable para usuarios con flujos de trabajo o requisitos m\u00e1s complejos<\/li>\n<li>Ahorra tiempo y esfuerzo, reduciendo el riesgo de errores y aumentando la productividad<\/li>\n<li>Compatible con formularios de gravedad versi\u00f3n -0 o superior.<\/li>\n<\/ul>\n","protected":false},"excerpt":{"rendered":"<p>La gravedad forma tuber\u00eda se presenta como un instrumento incre\u00edblemente robusto y eficaz que ha sido meticulosamente elaborado para facilitar y acelerar el intrincado proceso de recopilaci\u00f3n de datos. A trav\u00e9s de la utilizaci\u00f3n de este complemento muy ventajoso, se le otorga la invaluable oportunidad de establecer conexiones perfectas e ininterrumpidas entre su estimada cuenta de formularios de gravedad y una extensa variedad de herramientas de terceros, incluidas, entre otras, Salesforce, Hubspot y Trello. Como consecuencia, la cartera de ingresar datos manualmente se erradica de manera efectiva, lo que le permite dedicar sus valiosos recursos de tiempo y energ\u00eda a asuntos m\u00e1s apremiantes. En consecuencia, la gravedad forma el complemento de la tuber\u00eda emerge como un activo indispensable, lo que le permite optimizar su flujo de trabajo de una manera sin precedentes.<\/p>\n","protected":false},"featured_media":166323,"comment_status":"open","ping_status":"open","template":"","meta":[],"product_brand":[2469],"product_cat":[1214,1206,1211],"product_tag":[1300],"class_list":{"0":"post-113755","1":"product","2":"type-product","3":"status-publish","4":"has-post-thumbnail","6":"product_brand-gravityforms","7":"product_cat-personalizacion","8":"product_cat-plugins","9":"product_cat-wordpress-plugins","10":"product_tag-gravityforms","11":"member-discount","12":"discount-restricted","14":"first","15":"instock","16":"sale","17":"downloadable","18":"virtual","19":"sold-individually","20":"purchasable","21":"product-type-simple"},"_links":{"self":[{"href":"https:\/\/gpl-love.com\/es\/wp-json\/wp\/v2\/product\/113755","targetHints":{"allow":["GET"]}}],"collection":[{"href":"https:\/\/gpl-love.com\/es\/wp-json\/wp\/v2\/product"}],"about":[{"href":"https:\/\/gpl-love.com\/es\/wp-json\/wp\/v2\/types\/product"}],"replies":[{"embeddable":true,"href":"https:\/\/gpl-love.com\/es\/wp-json\/wp\/v2\/comments?post=113755"}],"wp:featuredmedia":[{"embeddable":true,"href":"https:\/\/gpl-love.com\/es\/wp-json\/wp\/v2\/media\/166323"}],"wp:attachment":[{"href":"https:\/\/gpl-love.com\/es\/wp-json\/wp\/v2\/media?parent=113755"}],"wp:term":[{"taxonomy":"product_brand","embeddable":true,"href":"https:\/\/gpl-love.com\/es\/wp-json\/wp\/v2\/product_brand?post=113755"},{"taxonomy":"product_cat","embeddable":true,"href":"https:\/\/gpl-love.com\/es\/wp-json\/wp\/v2\/product_cat?post=113755"},{"taxonomy":"product_tag","embeddable":true,"href":"https:\/\/gpl-love.com\/es\/wp-json\/wp\/v2\/product_tag?post=113755"}],"curies":[{"name":"wp","href":"https:\/\/api.w.org\/{rel}","templated":true}]}}