{"id":113753,"date":"2024-03-29T00:00:00","date_gmt":"2024-03-29T05:00:00","guid":{"rendered":"http:\/\/gpl-love.com\/es\/?post_type=product&#038;p=113753"},"modified":"2026-03-09T07:39:57","modified_gmt":"2026-03-09T12:39:57","slug":"gravity-forms-mailgun-addon","status":"publish","type":"product","link":"https:\/\/gpl-love.com\/es\/producto\/gravity-forms-mailgun-addon\/","title":{"rendered":"Gravity Forms Mailgun Addon 1.4.0"},"content":{"rendered":"<h3>Gravity Forms Mailgun Addon Caracteristicas<\/h3>\n<p>La gravedad forma Mailgun Addon, una herramienta notablemente robusta, presenta a los usuarios la oportunidad de enviar notificaciones de correo electr\u00f3nico sin esfuerzo derivadas de sus formularios de gravedad. Este complemento particular se integra sin problemas con el proveedor de servicios de correo electr\u00f3nico de Mailgun, lo que permite a los usuarios configurar su configuraci\u00f3n de correo electr\u00f3nico directamente dentro de la plataforma de formularios de gravedad. En virtud de las capacidades formidables de este complemento, los usuarios se encuentran capaces de transmitir correos electr\u00f3nicos personalizados a sus destinatarios previstos, que abarcan una amplia gama de formatos como HTML, texto sin formato e incluso correos electr\u00f3nicos acompa\u00f1ados de archivos adjuntos. Adem\u00e1s, los usuarios poseen la capacidad de monitorear meticulosamente el estado de entrega de sus correos electr\u00f3nicos, analizar las tasas de rebote, as\u00ed como analizar meticulosamente el rendimiento integral de sus correos electr\u00f3nicos a trav\u00e9s del empleo de las herramientas de an\u00e1lisis de Mailgun, supremamente potentes. En general, la gravedad forma el complemento de Mailgun funciona para optimizar el proceso de otro modo de enviar correos electr\u00f3nicos, lo que lo hace significativamente m\u00e1s eficiente, confiable y eficaz.<\/p>\n<ul>\n<li>Conecta a la perfecci\u00f3n los formularios de gravedad con el servicio de correo electr\u00f3nico de Mailgun<\/li>\n<li>Configurar y configurar f\u00e1cilmente notificaciones y suscripciones de correo electr\u00f3nico<\/li>\n<li>Permite la personalizaci\u00f3n y personalizaci\u00f3n avanzada del correo electr\u00f3nico<\/li>\n<li>Rastrea la entrega del correo electr\u00f3nico y las tarifas de rebote para una mejor gesti\u00f3n de la campa\u00f1a de correo electr\u00f3nico<\/li>\n<li>Se integra con el servicio de validaci\u00f3n por correo electr\u00f3nico de Mailgun para una mejor capacidad de entrega de correo electr\u00f3nico<\/li>\n<li>Viene con una interfaz f\u00e1cil de usar para una f\u00e1cil configuraci\u00f3n y administraci\u00f3n<\/li>\n<li>Proporciona documentaci\u00f3n detallada y soporte para los usuarios<\/li>\n<\/ul>\n","protected":false},"excerpt":{"rendered":"<p>La gravedad forma Mailgun Addon, conocido por sus notables capacidades, sirve como un recurso invaluable para las personas que buscan fusionar sin problemas sus formularios de gravedad con la plataforma Mailgun. Al utilizar este complemento, los usuarios obtienen la notable capacidad de enviar correos electr\u00f3nicos sin esfuerzo a trav\u00e9s de Mailgun junto con sus env\u00edos de formularios de gravedad. En consecuencia, esta integraci\u00f3n facilita la recopilaci\u00f3n de informaci\u00f3n y fomenta la comunicaci\u00f3n mejorada con los clientes. Con una variedad de caracter\u00edsticas notables, como notificaciones automatizadas por correo electr\u00f3nico, mecanismos de seguimiento integrales y la opci\u00f3n de personalizar las plantillas de correo electr\u00f3nico, el complemento de Gravity Forms Mailgun surge como la soluci\u00f3n definitiva para empresas con el objetivo de optimizar sus procesos de comunicaci\u00f3n. No pierda el tiempo y se embarque en este viaje transformador hoy, disfrutando de los innumerables beneficios de la automatizaci\u00f3n de correo electr\u00f3nico perfecta a trav\u00e9s de la combinaci\u00f3n incomparable de formularios de gravedad y ca\u00f1\u00f3n de correo.<\/p>\n","protected":false},"featured_media":166317,"comment_status":"open","ping_status":"open","template":"","meta":[],"product_brand":[2469],"product_cat":[1232,1206,1211],"product_tag":[1300],"class_list":{"0":"post-113753","1":"product","2":"type-product","3":"status-publish","4":"has-post-thumbnail","6":"product_brand-gravityforms","7":"product_cat-marketing-wordpress-plugins","8":"product_cat-plugins","9":"product_cat-wordpress-plugins","10":"product_tag-gravityforms","11":"member-discount","12":"discount-restricted","14":"first","15":"instock","16":"sale","17":"downloadable","18":"virtual","19":"sold-individually","20":"purchasable","21":"product-type-simple"},"_links":{"self":[{"href":"https:\/\/gpl-love.com\/es\/wp-json\/wp\/v2\/product\/113753","targetHints":{"allow":["GET"]}}],"collection":[{"href":"https:\/\/gpl-love.com\/es\/wp-json\/wp\/v2\/product"}],"about":[{"href":"https:\/\/gpl-love.com\/es\/wp-json\/wp\/v2\/types\/product"}],"replies":[{"embeddable":true,"href":"https:\/\/gpl-love.com\/es\/wp-json\/wp\/v2\/comments?post=113753"}],"wp:featuredmedia":[{"embeddable":true,"href":"https:\/\/gpl-love.com\/es\/wp-json\/wp\/v2\/media\/166317"}],"wp:attachment":[{"href":"https:\/\/gpl-love.com\/es\/wp-json\/wp\/v2\/media?parent=113753"}],"wp:term":[{"taxonomy":"product_brand","embeddable":true,"href":"https:\/\/gpl-love.com\/es\/wp-json\/wp\/v2\/product_brand?post=113753"},{"taxonomy":"product_cat","embeddable":true,"href":"https:\/\/gpl-love.com\/es\/wp-json\/wp\/v2\/product_cat?post=113753"},{"taxonomy":"product_tag","embeddable":true,"href":"https:\/\/gpl-love.com\/es\/wp-json\/wp\/v2\/product_tag?post=113753"}],"curies":[{"name":"wp","href":"https:\/\/api.w.org\/{rel}","templated":true}]}}