{"id":113751,"date":"2026-02-18T00:00:00","date_gmt":"2026-02-18T05:00:00","guid":{"rendered":"http:\/\/gpl-love.com\/es\/?post_type=product&#038;p=113751"},"modified":"2026-03-09T07:39:53","modified_gmt":"2026-03-09T12:39:53","slug":"gravity-forms-hubspot-addon","status":"publish","type":"product","link":"https:\/\/gpl-love.com\/es\/producto\/gravity-forms-hubspot-addon\/","title":{"rendered":"Gravity Forms HubSpot Addon 3.0.2"},"content":{"rendered":"<h3>Gravity Forms HubSpot Addon Caracteristicas<\/h3>\n<p>La gravedad forma HubSpot Addon se presenta como una herramienta muy potente, con el objetivo de optimizar el intrincado proceso de recopilaci\u00f3n y gesti\u00f3n de datos valiosos del cliente. Al integrarse perfectamente con formularios de gravedad y Hubspot, este complemento ofrece una experiencia perfecta en la creaci\u00f3n de formularios personalizados que capturan sin esfuerzo informaci\u00f3n esencial de contacto, incluidas, entre otros, direcciones de correo electr\u00f3nico, n\u00fameros de tel\u00e9fono y varios otros detalles pertinentes. Una vez que estos formularios se env\u00edan debidamente, los datos obtenidos se canalizan de manera r\u00e1pida y autom\u00e1ticamente a su cuenta de Hubspot, proporcion\u00e1ndole un tesoro de posibilidades, que van desde la creaci\u00f3n de campa\u00f1as de marketing espec\u00edficas, monitoreando de cerca las interacciones de los clientes, hasta examinar meticulosamente los datos con el intenci\u00f3n de optimizar tu negocio. Gracias al complemento Hubspot de Gravity Forms, no solo puede economizar a tiempo y optimizar sus flujos de trabajo, sino que tambi\u00e9n puede aumentar la precisi\u00f3n y el calibre de los datos de sus clientes.<\/p>\n<ul>\n<li>Integre perfectamente las formas de gravedad con Hubspot<\/li>\n<li>Automatizar la captura y gesti\u00f3n de plomo<\/li>\n<li>Funcionalidad mejorada de flujo de trabajo de Hubspot<\/li>\n<li>Informes y an\u00e1lisis m\u00e1s precisos<\/li>\n<li>Simplifique los formularios del sitio web y la recopilaci\u00f3n de datos<\/li>\n<li>Colaboraci\u00f3n mejorada del equipo de ventas y marketing<\/li>\n<li>Personalice f\u00e1cilmente los campos de formulario para satisfacer sus necesidades espec\u00edficas<\/li>\n<li>Mayor eficiencia en la crianza y seguimiento de plomo<\/li>\n<li>Agilice su proceso de generaci\u00f3n de leads<\/li>\n<li>No se requieren habilidades de codificaci\u00f3n<\/li>\n<\/ul>\n","protected":false},"excerpt":{"rendered":"<p>El complemento de HubSpot Forms Hubspot demuestra ser una herramienta extremadamente robusta y eficiente que sirve para optimizar los intrincados procesos involucrados tanto en marketing como en ventas. Al emplear este complemento, se puede establecer sin esfuerzo una conexi\u00f3n entre sus datos de formularios de gravedad y su cuenta Hubspot, automatizando efectivamente la ardua tarea de generar y administrar clientes potenciales. Adem\u00e1s, el Addon permite a los usuarios obtener directamente los clientes potenciales de su sitio web, asignar eficientemente los contactos a los equipos designados, difundir la informaci\u00f3n de seguimiento pertinente y mucho m\u00e1s. Independientemente de si uno se identifica como vendedor, profesional de ventas o propietario de negocios, la implementaci\u00f3n del complemento Hubspot de los formularios de gravedad sin duda producir\u00e1 ahorros de tiempo y esfuerzo sustanciales, mientras fomenta un crecimiento exponencial para la empresa de uno.<\/p>\n","protected":false},"featured_media":166313,"comment_status":"open","ping_status":"open","template":"","meta":[],"product_brand":[2469],"product_cat":[1232,1206,1211],"product_tag":[1300],"class_list":{"0":"post-113751","1":"product","2":"type-product","3":"status-publish","4":"has-post-thumbnail","6":"product_brand-gravityforms","7":"product_cat-marketing-wordpress-plugins","8":"product_cat-plugins","9":"product_cat-wordpress-plugins","10":"product_tag-gravityforms","11":"member-discount","12":"discount-restricted","14":"first","15":"instock","16":"sale","17":"downloadable","18":"virtual","19":"sold-individually","20":"purchasable","21":"product-type-simple"},"_links":{"self":[{"href":"https:\/\/gpl-love.com\/es\/wp-json\/wp\/v2\/product\/113751","targetHints":{"allow":["GET"]}}],"collection":[{"href":"https:\/\/gpl-love.com\/es\/wp-json\/wp\/v2\/product"}],"about":[{"href":"https:\/\/gpl-love.com\/es\/wp-json\/wp\/v2\/types\/product"}],"replies":[{"embeddable":true,"href":"https:\/\/gpl-love.com\/es\/wp-json\/wp\/v2\/comments?post=113751"}],"wp:featuredmedia":[{"embeddable":true,"href":"https:\/\/gpl-love.com\/es\/wp-json\/wp\/v2\/media\/166313"}],"wp:attachment":[{"href":"https:\/\/gpl-love.com\/es\/wp-json\/wp\/v2\/media?parent=113751"}],"wp:term":[{"taxonomy":"product_brand","embeddable":true,"href":"https:\/\/gpl-love.com\/es\/wp-json\/wp\/v2\/product_brand?post=113751"},{"taxonomy":"product_cat","embeddable":true,"href":"https:\/\/gpl-love.com\/es\/wp-json\/wp\/v2\/product_cat?post=113751"},{"taxonomy":"product_tag","embeddable":true,"href":"https:\/\/gpl-love.com\/es\/wp-json\/wp\/v2\/product_tag?post=113751"}],"curies":[{"name":"wp","href":"https:\/\/api.w.org\/{rel}","templated":true}]}}