{"id":113749,"date":"2025-05-02T00:00:00","date_gmt":"2025-05-02T05:00:00","guid":{"rendered":"http:\/\/gpl-love.com\/es\/?post_type=product&#038;p=113749"},"modified":"2026-03-09T07:39:40","modified_gmt":"2026-03-09T12:39:40","slug":"gravity-forms-emma-addon","status":"publish","type":"product","link":"https:\/\/gpl-love.com\/es\/producto\/gravity-forms-emma-addon\/","title":{"rendered":"Gravity Forms Emma Addon 1.8.0"},"content":{"rendered":"<h3>Gravity Forms Emma Addon Caracteristicas<\/h3>\n<p>La gravedad forma Emma Addon emerge como un instrumento muy potente, atendiendo las necesidades de las empresas, al reforzar sus esfuerzos de marketing por correo electr\u00f3nico. A trav\u00e9s de su perfecta integraci\u00f3n con Emma, \u200b\u200bun sofisticado software de marketing por correo electr\u00f3nico, permite a los usuarios conectar sin esfuerzo sus datos de formularios de gravedad con las listas de correo electr\u00f3nico de Emma. Al hacerlo, el complemento simplifica significativamente el arduo proceso de recopilar informaci\u00f3n vital del cliente y elaborar campa\u00f1as de correo electr\u00f3nico altamente espec\u00edficas. Adem\u00e1s, la gravedad Forma Emma Addon permite a los usuarios la capacidad de dise\u00f1ar campa\u00f1as de correo electr\u00f3nico personalizadas sin esfuerzo, controlar efectivamente las m\u00e9tricas de participaci\u00f3n y automatizar eficientemente los flujos de trabajo de correo electr\u00f3nico. En consecuencia, es una herramienta indispensable para las empresas que aspiran a optimizar sus estrategias de marketing por correo electr\u00f3nico y, en consecuencia, lograr resultados m\u00e1s favorables.<\/p>\n<ul>\n<li>Integra perfectamente formularios de gravedad con la plataforma de marketing de correo electr\u00f3nico de Emma<\/li>\n<li>Agrega autom\u00e1ticamente nuevos clientes potenciales y contactos a su cuenta de EMMA<\/li>\n<li>Activar campa\u00f1as de correo electr\u00f3nico automatizadas basadas en env\u00edos de usuarios de formularios de gravedad<\/li>\n<li>Opciones de opci\u00f3n y exclusi\u00f3n personalizables para el bolet\u00edn y listas de correo<\/li>\n<li>Configuraci\u00f3n y configuraci\u00f3n f\u00e1ciles, no se necesita conocimiento de codificaci\u00f3n<\/li>\n<li>Funciona con todos los campos de formularios de gravedad, incluidos los campos personalizados<\/li>\n<li>Opciones de mapeo flexibles para sincronizar los datos de formularios de gravedad con Emma Fields<\/li>\n<li>Informes detallados y an\u00e1lisis para rastrear el rendimiento de marketing por correo electr\u00f3nico<\/li>\n<li>Cumplimiento de GDPR, con opciones para pol\u00edticas de retenci\u00f3n de datos y gesti\u00f3n de consentimiento de usuarios<\/li>\n<li>Equipo de soporte dedicado disponible para ayudar con cualquier problema o pregunta<\/li>\n<\/ul>\n","protected":false},"excerpt":{"rendered":"<p>La gravedad forma Emma Addon se presenta como la soluci\u00f3n definitiva para las personas que buscan unificar armoniosamente sus presentaciones de formularios con su software de marketing por correo electr\u00f3nico de Emma. Al aprovechar las capacidades de este complemento robusto, los usuarios pueden recopilar sin esfuerzo una gran cantidad de informaci\u00f3n esencial, incluidas las direcciones de correo electr\u00f3nico, los nombres y otros datos invaluables, todos directamente desde su sitio web, e incorporarlo r\u00e1pidamente a su cuenta de EMMA. Esta conveniencia invaluable optimiza los procesos, conservando efectivamente tanto el tiempo como el esfuerzo, asegurando que las listas de correo electr\u00f3nico sigan siendo constantemente actualizadas y precisas. Ya sea que uno se encuentre operando una empresa a peque\u00f1a escala o se encuentre profundamente arraigado en el \u00e1mbito del marketing, la gravedad forma Emma Addon, sin duda, se destaca como una herramienta indispensable, mejorando profundamente los esfuerzos de marketing por correo electr\u00f3nico.<\/p>\n","protected":false},"featured_media":166304,"comment_status":"open","ping_status":"open","template":"","meta":[],"product_brand":[2469],"product_cat":[1232,1206,1211],"product_tag":[1300],"class_list":{"0":"post-113749","1":"product","2":"type-product","3":"status-publish","4":"has-post-thumbnail","6":"product_brand-gravityforms","7":"product_cat-marketing-wordpress-plugins","8":"product_cat-plugins","9":"product_cat-wordpress-plugins","10":"product_tag-gravityforms","11":"member-discount","12":"discount-restricted","14":"first","15":"instock","16":"sale","17":"downloadable","18":"virtual","19":"sold-individually","20":"purchasable","21":"product-type-simple"},"_links":{"self":[{"href":"https:\/\/gpl-love.com\/es\/wp-json\/wp\/v2\/product\/113749","targetHints":{"allow":["GET"]}}],"collection":[{"href":"https:\/\/gpl-love.com\/es\/wp-json\/wp\/v2\/product"}],"about":[{"href":"https:\/\/gpl-love.com\/es\/wp-json\/wp\/v2\/types\/product"}],"replies":[{"embeddable":true,"href":"https:\/\/gpl-love.com\/es\/wp-json\/wp\/v2\/comments?post=113749"}],"wp:featuredmedia":[{"embeddable":true,"href":"https:\/\/gpl-love.com\/es\/wp-json\/wp\/v2\/media\/166304"}],"wp:attachment":[{"href":"https:\/\/gpl-love.com\/es\/wp-json\/wp\/v2\/media?parent=113749"}],"wp:term":[{"taxonomy":"product_brand","embeddable":true,"href":"https:\/\/gpl-love.com\/es\/wp-json\/wp\/v2\/product_brand?post=113749"},{"taxonomy":"product_cat","embeddable":true,"href":"https:\/\/gpl-love.com\/es\/wp-json\/wp\/v2\/product_cat?post=113749"},{"taxonomy":"product_tag","embeddable":true,"href":"https:\/\/gpl-love.com\/es\/wp-json\/wp\/v2\/product_tag?post=113749"}],"curies":[{"name":"wp","href":"https:\/\/api.w.org\/{rel}","templated":true}]}}