{"id":113747,"date":"2026-02-26T00:00:00","date_gmt":"2026-02-26T05:00:00","guid":{"rendered":"http:\/\/gpl-love.com\/es\/?post_type=product&#038;p=113747"},"modified":"2026-03-09T07:39:39","modified_gmt":"2026-03-09T12:39:39","slug":"gravity-forms-dropbox-addon","status":"publish","type":"product","link":"https:\/\/gpl-love.com\/es\/producto\/gravity-forms-dropbox-addon\/","title":{"rendered":"Gravity Forms Dropbox Addon 3.3.1"},"content":{"rendered":"<h3>Gravity Forms Dropbox Addon Caracteristicas<\/h3>\n<p>El complemento de Dropbox Forms de gravedad es una herramienta indispensable tanto para empresas como para personas que desean una integraci\u00f3n perfecta entre sus formularios de gravedad y las cuentas de Dropbox, facilitando as\u00ed un flujo de trabajo simplificado. A trav\u00e9s de la utilizaci\u00f3n de este complemento, los usuarios est\u00e1n dotados de la capacidad sin esfuerzo para cargar sin esfuerzo una amplia gama de archivos, documentos y varias otras formas de datos que se han adquirido a trav\u00e9s de sus formas de gravedad, lo que genera una transmisi\u00f3n expedita de dichos datos directamente a sus Cuenta de Dropbox. Como consecuencia de este proceso optimizado, los usuarios tienen la conveniencia de acceder a sus datos desde cualquier ubicaci\u00f3n y en cualquier momento, evitando as\u00ed la necesidad de participar en b\u00fasquedas arduas a trav\u00e9s de correos electr\u00f3nicos o archivos locales. Adem\u00e1s, el complemento de Dropbox Forms Gravity tambi\u00e9n garantiza la importancia primordial de la seguridad y la integridad de los datos transmitidos, ya que Dropbox ha implementado una gran cantidad de medidas de seguridad s\u00f3lidas, incluido el cifrado y la autenticaci\u00f3n de dos factores. A fin de cuentas, este complemento es una indispensabilidad para cualquier individuo o entidad que emplee el uso en t\u00e1ndem de las formas de gravedad y Dropbox, ya que no solo simplifica la gesti\u00f3n de los datos, sino que tambi\u00e9n fomenta un entorno colaborativo marcadamente m\u00e1s eficiente.<\/p>\n<ul>\n<li>Integra perfectamente las formas de gravedad con Dropbox<\/li>\n<li>Le permite almacenar de forma segura todos los env\u00edos de formularios directamente en su cuenta de Dropbox<\/li>\n<li>No se necesitan m\u00e1s transferencias manuales de exportaci\u00f3n o archivo<\/li>\n<li>Organiza autom\u00e1ticamente las env\u00edos en carpetas designadas en su Dropbox<\/li>\n<li>Configuraci\u00f3n f\u00e1cil con instrucciones paso a paso proporcionadas<\/li>\n<li>La sincronizaci\u00f3n en tiempo real garantiza que sus datos est\u00e9n siempre actualizados<\/li>\n<li>Compatible con todas las formas de gravedad y extensiones<\/li>\n<li>Ofrece flexibilidad en la gesti\u00f3n de nombres y formatos de archivos para env\u00edos de formulario guardado<\/li>\n<li>Precios transparentes con solo una tarifa de compra \u00fanica<\/li>\n<li>Excelente servicio al cliente proporcionado por Gravity Forms Team<\/li>\n<li>Ideal para empresas y organizaciones que necesitan almacenar y administrar grandes vol\u00famenes de env\u00edos de formularios de forma segura.<\/li>\n<\/ul>\n","protected":false},"excerpt":{"rendered":"<p>La gravedad forma Dropbox Addon sirve como una herramienta sin complicaciones, que posee una destreza significativa, lo que permite la integraci\u00f3n perfecta de sus formas de gravedad con Dropbox. Al aprovechar este complemento, puede acumular y retener datos sin esfuerzo de sus formularios, deposit\u00e1ndolo directamente dentro de su cuenta de Dropbox. En consecuencia, su flujo de trabajo est\u00e1 meticulosamente simplificado y los esfuerzos de colaboraci\u00f3n se mejoran ampliamente. Independientemente de si ocupa la estimada posici\u00f3n de un propietario, comercializador o desarrollador de gravedad, el complemento de Dropbox es inequ\u00edvocamente un instrumento indispensable que facilita la gesti\u00f3n eficiente y la organizaci\u00f3n de sus datos.<\/p>\n","protected":false},"featured_media":166303,"comment_status":"open","ping_status":"open","template":"","meta":[],"product_brand":[2469],"product_cat":[1212,1206,1211],"product_tag":[1300],"class_list":{"0":"post-113747","1":"product","2":"type-product","3":"status-publish","4":"has-post-thumbnail","6":"product_brand-gravityforms","7":"product_cat-administracion-wordpress-plugins","8":"product_cat-plugins","9":"product_cat-wordpress-plugins","10":"product_tag-gravityforms","11":"member-discount","12":"discount-restricted","14":"first","15":"instock","16":"sale","17":"downloadable","18":"virtual","19":"sold-individually","20":"purchasable","21":"product-type-simple"},"_links":{"self":[{"href":"https:\/\/gpl-love.com\/es\/wp-json\/wp\/v2\/product\/113747","targetHints":{"allow":["GET"]}}],"collection":[{"href":"https:\/\/gpl-love.com\/es\/wp-json\/wp\/v2\/product"}],"about":[{"href":"https:\/\/gpl-love.com\/es\/wp-json\/wp\/v2\/types\/product"}],"replies":[{"embeddable":true,"href":"https:\/\/gpl-love.com\/es\/wp-json\/wp\/v2\/comments?post=113747"}],"wp:featuredmedia":[{"embeddable":true,"href":"https:\/\/gpl-love.com\/es\/wp-json\/wp\/v2\/media\/166303"}],"wp:attachment":[{"href":"https:\/\/gpl-love.com\/es\/wp-json\/wp\/v2\/media?parent=113747"}],"wp:term":[{"taxonomy":"product_brand","embeddable":true,"href":"https:\/\/gpl-love.com\/es\/wp-json\/wp\/v2\/product_brand?post=113747"},{"taxonomy":"product_cat","embeddable":true,"href":"https:\/\/gpl-love.com\/es\/wp-json\/wp\/v2\/product_cat?post=113747"},{"taxonomy":"product_tag","embeddable":true,"href":"https:\/\/gpl-love.com\/es\/wp-json\/wp\/v2\/product_tag?post=113747"}],"curies":[{"name":"wp","href":"https:\/\/api.w.org\/{rel}","templated":true}]}}