{"id":113745,"date":"2025-02-20T00:00:00","date_gmt":"2025-02-20T05:00:00","guid":{"rendered":"http:\/\/gpl-love.com\/es\/?post_type=product&#038;p=113745"},"modified":"2026-03-09T07:39:28","modified_gmt":"2026-03-09T12:39:28","slug":"gravity-forms-aweber-addon","status":"publish","type":"product","link":"https:\/\/gpl-love.com\/es\/producto\/gravity-forms-aweber-addon\/","title":{"rendered":"Gravity Forms AWeber Addon 4.2.0"},"content":{"rendered":"<h3>Gravity Forms AWeber Addon Caracteristicas<\/h3>\n<p>La gravedad forma Aweber Addon, una herramienta altamente efectiva, otorga a las empresas la capacidad de incorporar a la perfecci\u00f3n sus formularios de gravedad con Aweber, una plataforma de marketing por correo electr\u00f3nico ampliamente utilizada. A trav\u00e9s de la utilizaci\u00f3n de este complemento, los usuarios pueden agregar sin esfuerzo a los suscriptores a su lista de correo electr\u00f3nico de Aweber una vez que hayan completado obedientemente un formulario de gravedad en su sitio web respectivo. Este proceso de integraci\u00f3n simplificado sirve para erradicar la necesidad de transferir datos manualmente entre las dos plataformas, ahorrando as\u00ed un tiempo y energ\u00eda valiosos. Adem\u00e1s, el complemento Aweber Forms Aweber est\u00e1 equipado con una gran cantidad de opciones de personalizaci\u00f3n, lo que brinda a los usuarios la oportunidad de personalizar sus campa\u00f1as de marketing por correo electr\u00f3nico de manera que se alinee armoniosamente con sus requisitos \u00fanicos. En general, este complemento es absolutamente indispensable para las empresas que buscan optimizar sus esfuerzos de marketing por correo electr\u00f3nico y aumentar su base de suscriptores.<\/p>\n<ul>\n<li>-Enamente integra las formas de gravedad con Aweber<\/li>\n<li>-Ting wors para transferencia perfecta y autom\u00e1tica de los env\u00edos de formulario a Aweber<\/li>\n<li>-Seable Personalizaci\u00f3n de listas de correo electr\u00f3nico basadas en env\u00edos de formularios<\/li>\n<li>-Save el tiempo eliminando la necesidad de entrada de datos manuales<\/li>\n<li>-Angener la precisi\u00f3n de la transferencia de datos entre plataformas<\/li>\n<li>-Supporta todos los campos de formularios de gravedad y atributos de la lista de Aweber<\/li>\n<li>-Proventa la flexibilidad para elegir a qu\u00e9 lista de Aweber enviar datos<\/li>\n<li>-Oficina opciones avanzadas para mapeo de datos y campos personalizados<\/li>\n<li>-Tera para una f\u00e1cil configuraci\u00f3n y configuraci\u00f3n dentro de la plataforma de formularios de gravedad<\/li>\n<li>-Proventa una comunicaci\u00f3n confiable y eficiente entre las formas de gravedad y Aweber.<\/li>\n<\/ul>\n","protected":false},"excerpt":{"rendered":"<p>Con el incre\u00edble complemento de Aweber Forms Aweber, puede incorporar sin esfuerzo sus datos de formularios de gravedad con Aweber, que es una plataforma de marketing por correo electr\u00f3nico excepcionalmente demandada. Este notable complemento le otorga la capacidad de agregar a la perfecci\u00f3n suscriptores a sus listas de Aweber de acuerdo con los env\u00edos de formularios, al tiempo que garantiza que la informaci\u00f3n de los suscriptores existentes se actualice diligentemente. Al implementar esta s\u00f3lida integraci\u00f3n, optimizar\u00e1 efectivamente sus esfuerzos de marketing por correo electr\u00f3nico y adquirir\u00e1 efectivamente clientes potenciales que tienen un valor inmenso.<\/p>\n","protected":false},"featured_media":166293,"comment_status":"open","ping_status":"open","template":"","meta":[],"product_brand":[2469],"product_cat":[1232,1206,1211],"product_tag":[1300],"class_list":{"0":"post-113745","1":"product","2":"type-product","3":"status-publish","4":"has-post-thumbnail","6":"product_brand-gravityforms","7":"product_cat-marketing-wordpress-plugins","8":"product_cat-plugins","9":"product_cat-wordpress-plugins","10":"product_tag-gravityforms","11":"member-discount","12":"discount-restricted","14":"first","15":"instock","16":"sale","17":"downloadable","18":"virtual","19":"sold-individually","20":"purchasable","21":"product-type-simple"},"_links":{"self":[{"href":"https:\/\/gpl-love.com\/es\/wp-json\/wp\/v2\/product\/113745","targetHints":{"allow":["GET"]}}],"collection":[{"href":"https:\/\/gpl-love.com\/es\/wp-json\/wp\/v2\/product"}],"about":[{"href":"https:\/\/gpl-love.com\/es\/wp-json\/wp\/v2\/types\/product"}],"replies":[{"embeddable":true,"href":"https:\/\/gpl-love.com\/es\/wp-json\/wp\/v2\/comments?post=113745"}],"wp:featuredmedia":[{"embeddable":true,"href":"https:\/\/gpl-love.com\/es\/wp-json\/wp\/v2\/media\/166293"}],"wp:attachment":[{"href":"https:\/\/gpl-love.com\/es\/wp-json\/wp\/v2\/media?parent=113745"}],"wp:term":[{"taxonomy":"product_brand","embeddable":true,"href":"https:\/\/gpl-love.com\/es\/wp-json\/wp\/v2\/product_brand?post=113745"},{"taxonomy":"product_cat","embeddable":true,"href":"https:\/\/gpl-love.com\/es\/wp-json\/wp\/v2\/product_cat?post=113745"},{"taxonomy":"product_tag","embeddable":true,"href":"https:\/\/gpl-love.com\/es\/wp-json\/wp\/v2\/product_tag?post=113745"}],"curies":[{"name":"wp","href":"https:\/\/api.w.org\/{rel}","templated":true}]}}