{"id":113741,"date":"2026-03-25T00:00:00","date_gmt":"2026-03-25T05:00:00","guid":{"rendered":"http:\/\/gpl-love.com\/es\/?post_type=product&#038;p=113741"},"modified":"2026-03-25T17:15:55","modified_gmt":"2026-03-25T22:15:55","slug":"lumise-product-designer-para-woocommerce-wordpress","status":"publish","type":"product","link":"https:\/\/gpl-love.com\/es\/producto\/lumise-product-designer-para-woocommerce-wordpress\/","title":{"rendered":"Lumise Product Designer para WooCommerce WordPress 2.1.0"},"content":{"rendered":"<h3>Lumise Product Designer para WooCommerce WordPress Caracteristicas<\/h3>\n<p>El dise\u00f1ador de productos Lumise para WooCommerce WordPress es una herramienta incre\u00edblemente robusta y potente que permite a los propietarios de tiendas en l\u00ednea proporcionar una experiencia de dise\u00f1o de productos incomparable y verdaderamente personalizable a sus estimados clientes. A trav\u00e9s de la utilizaci\u00f3n de Lumise, a los clientes se les otorga la oportunidad excepcional de crear y dise\u00f1ar sus propios dise\u00f1os distintivos y exclusivos en una amplia gama de productos, que abarcan desde camisetas modernas hasta tazas elegantes, e incluso hasta cajas telef\u00f3nicas elegantes, entre numerosos otros atrapados de otros que atraen opciones. Adem\u00e1s, este software innovador y f\u00e1cil de usar se fusiona armoniosamente y se integra perfectamente con WooCommerce, lo que lo convierte en una adici\u00f3n inmensamente valiosa e indispensable a cualquier tienda en l\u00ednea exigente. Vale la pena se\u00f1alar que Lumise cuenta con una mir\u00edada de caracter\u00edsticas notables e indispensables, incluida, entre otros, la capacidad de cargar sin esfuerzo fuentes y gr\u00e1ficos personalizados, as\u00ed como un mecanismo de vista previa en vivo notablemente eficiente y altamente funcional que muestra el dise\u00f1o en el dise\u00f1o real en el dise\u00f1o real. -Time, ya que es minuciosamente devolverse a la vida. En consecuencia, queda muy claro que Lumise faculta efectivamente a los propietarios de tiendas en l\u00ednea para elevar notablemente sus niveles de participaci\u00f3n del cliente y, en consecuencia, elevar sus ventas tambi\u00e9n, dotando con la capacidad incomparable de ofrecer una experiencia de compra encantadora y personalizada que las distingue efectivamente de sus hom\u00f3logos y competidores dentro del vasto y feroz y competitivo panorama de comercio electr\u00f3nico.<\/p>\n<ul>\n<li>Ofrece una herramienta de dise\u00f1o interactiva y f\u00e1cil de usar para personalizar y personalizar productos en un sitio web de WooCommerce WordPress<\/li>\n<li>Proporciona a los clientes una amplia gama de plantillas de dise\u00f1o, gr\u00e1ficos y opciones de texto para elegir para crear productos \u00fanicos.<\/li>\n<li>Permite una f\u00e1cil carga de im\u00e1genes y logotipo.<\/li>\n<li>Permite la representaci\u00f3n en tiempo real de productos personalizados con vista 3D, ampliaci\u00f3n y vista previa de 360 \u200b\u200bgrados<\/li>\n<li>Admite m\u00faltiples tipos de productos como camisetas, tazas, fundas para tel\u00e9fonos y m\u00e1s<\/li>\n<li>Se integra con WooCommerce para la gesti\u00f3n y el cumplimiento de pedidos sin problemas<\/li>\n<li>Opci\u00f3n para que los clientes guarden dise\u00f1os para uso futuro o compartan dise\u00f1os en las redes sociales<\/li>\n<li>Admite la traducci\u00f3n multiling\u00fce para empresas globales<\/li>\n<li>Proporciona an\u00e1lisis detallados de popularidad del dise\u00f1o y tasa de conversi\u00f3n de pedidos para informaci\u00f3n sobre el comportamiento del cliente y el rendimiento del producto.<\/li>\n<\/ul>\n","protected":false},"excerpt":{"rendered":"<p>El dise\u00f1ador de productos Lumise para WooCommerce WordPress es una herramienta de dise\u00f1o en l\u00ednea excepcionalmente robusta y rica en caracter\u00edsticas que otorga a los clientes la libertad y flexibilidad incomparables para la moda sin esfuerzo y adapta sus productos personalizados a trav\u00e9s de la utilizaci\u00f3n sin esfuerzo de un editor intuitivo de arrastre y drop . Al integrar a la perfecci\u00f3n este complemento en su plataforma WooCommerce, puede proporcionar a su clientela estimada de manera efectiva la oportunidad y la capacidad incre\u00edblemente atractivas para infundir su propia toque y esencia distintivos en su mercanc\u00eda elegida por su propia mercanc\u00eda elegida y sin costura. e incorporando sin problemas textos personalizados. El resultado final es un producto \u00fanico en su tipo y completamente exclusivo que est\u00e1 dise\u00f1ado meticulosamente e intrincadamente y meticulosamente personalizado por el estimado cliente mismo, lo que lo convierte en una obra maestra absolutamente cautivadora e inimitable. Este magn\u00edfico y muy buscado producto se puede agregar sin problemas a su carrito de compras virtual y, en \u00faltima instancia, adquirir y adquirir mediante la utilizaci\u00f3n de su estimada tienda de WooCommerce. Es un imperativo inequ\u00edvoco que aproveche esta oportunidad de oro para elevar y aumentar el encanto general y la eficacia de su empresa de comercio electr\u00f3nico al implementar y adoptar de inmediato las capacidades y funcionalidades extraordinarias e incomparables que lumise el dise\u00f1ador de productos indudablemente otorga fervientemente. No pierda m\u00e1s tiempo y embellece y mejore su negocio de comercio electr\u00f3nico con la maravilla inigualable y excepcional que es el dise\u00f1ador de productos Lumise hoy en d\u00eda.<\/p>\n","protected":false},"featured_media":166639,"comment_status":"open","ping_status":"open","template":"","meta":[],"product_brand":[2339],"product_cat":[1207,1248,1206],"product_tag":[1256],"class_list":{"0":"post-113741","1":"product","2":"type-product","3":"status-publish","4":"has-post-thumbnail","6":"product_brand-codecanyon","7":"product_cat-comercio-electronico-plugins","8":"product_cat-personalizacion-comercio-electronico-plugins","9":"product_cat-plugins","10":"product_tag-codecanyon","11":"member-discount","12":"discount-restricted","14":"first","15":"instock","16":"sale","17":"downloadable","18":"virtual","19":"sold-individually","20":"purchasable","21":"product-type-simple"},"_links":{"self":[{"href":"https:\/\/gpl-love.com\/es\/wp-json\/wp\/v2\/product\/113741","targetHints":{"allow":["GET"]}}],"collection":[{"href":"https:\/\/gpl-love.com\/es\/wp-json\/wp\/v2\/product"}],"about":[{"href":"https:\/\/gpl-love.com\/es\/wp-json\/wp\/v2\/types\/product"}],"replies":[{"embeddable":true,"href":"https:\/\/gpl-love.com\/es\/wp-json\/wp\/v2\/comments?post=113741"}],"wp:featuredmedia":[{"embeddable":true,"href":"https:\/\/gpl-love.com\/es\/wp-json\/wp\/v2\/media\/166639"}],"wp:attachment":[{"href":"https:\/\/gpl-love.com\/es\/wp-json\/wp\/v2\/media?parent=113741"}],"wp:term":[{"taxonomy":"product_brand","embeddable":true,"href":"https:\/\/gpl-love.com\/es\/wp-json\/wp\/v2\/product_brand?post=113741"},{"taxonomy":"product_cat","embeddable":true,"href":"https:\/\/gpl-love.com\/es\/wp-json\/wp\/v2\/product_cat?post=113741"},{"taxonomy":"product_tag","embeddable":true,"href":"https:\/\/gpl-love.com\/es\/wp-json\/wp\/v2\/product_tag?post=113741"}],"curies":[{"name":"wp","href":"https:\/\/api.w.org\/{rel}","templated":true}]}}