{"id":113725,"date":"2024-09-27T00:00:00","date_gmt":"2024-09-27T05:00:00","guid":{"rendered":"http:\/\/gpl-love.com\/es\/?post_type=product&#038;p=113725"},"modified":"2026-03-09T08:29:42","modified_gmt":"2026-03-09T13:29:42","slug":"wp-setup-wizard","status":"publish","type":"product","link":"https:\/\/gpl-love.com\/es\/producto\/wp-setup-wizard\/","title":{"rendered":"WP Setup Wizard 1.0.9"},"content":{"rendered":"<h3>WP Setup Wizard Caracteristicas<\/h3>\n<p>El asistente de configuraci\u00f3n de WP, una herramienta incre\u00edblemente poderosa, ha sido meticulosamente dise\u00f1ada con el objetivo de simplificar y acelerar el proceso de configuraci\u00f3n de sitios web de WordPress. Empleando una interfaz f\u00e1cil e intuitiva, esta herramienta gu\u00eda sin problemas a los usuarios a trav\u00e9s de cada paso del proceso de instalaci\u00f3n. Gracias al Asistente de configuraci\u00f3n de WP, los usuarios pueden configurar sin esfuerzo y r\u00e1pidamente su instalaci\u00f3n de WordPress, establecer la configuraci\u00f3n fundamental de su sitio e instalar perfectamente complementos y temas esenciales. Esta herramienta demuestra ser especialmente ventajosa para las personas que son novatos en el \u00e1mbito de WordPress o se encuentran en necesidad de configurar de manera eficiente y de inmediato m\u00faltiples sitios. Independientemente de si uno tiene la intenci\u00f3n de dise\u00f1ar un blog personal o embarcarse en el desarrollo de un complejo sitio de comercio electr\u00f3nico, el asistente de configuraci\u00f3n de WP sirve como un recurso invaluable, capaz de impulsar a uno hacia el logro de un sitio de WordPress completamente funcional en un impresionantemente corto. lapso de tiempo.<\/p>\n<ul>\n<li>Instalaci\u00f3n r\u00e1pida y f\u00e1cil de WordPress<\/li>\n<li>Proceso de configuraci\u00f3n optimizado para principiantes y usuarios experimentados por igual<\/li>\n<li>Configuraci\u00f3n personalizable para adaptar su instalaci\u00f3n a sus necesidades<\/li>\n<li>Opciones para configurar complementos y temas esenciales autom\u00e1ticamente<\/li>\n<li>Creaci\u00f3n autom\u00e1tica de la base de datos de WordPress y los archivos de configuraci\u00f3n<\/li>\n<li>Interfaz f\u00e1cil de usar con instrucciones transparentes paso a paso<\/li>\n<li>Soluci\u00f3n que ahorra tiempo para configurar m\u00faltiples sitios de WordPress<\/li>\n<li>Compatibilidad con la mayor\u00eda de los proveedores de alojamiento web<\/li>\n<li>Acceso a recursos de soporte y soluci\u00f3n de problemas<\/li>\n<li>Elimina la necesidad de instalaci\u00f3n manual y configuraci\u00f3n de WordPress<\/li>\n<\/ul>\n","protected":false},"excerpt":{"rendered":"<p>El Asistente de configuraci\u00f3n de WP, una herramienta incre\u00edblemente robusta, se presenta como un activo primordial cuando se trata de la facilitaci\u00f3n del intrincado procedimiento de establecer un sitio web de WordPress. Esta herramienta extraordinaria optimiza y acelera el proceso de instalaci\u00f3n configurando adiptas configuraciones fundamentales e incorporando eficientemente todos los complementos y temas indispensables. En una mera cuesti\u00f3n de unos pocos clics sin esfuerzo, puede lograr sin esfuerzo un sitio web impecablemente que funcione y est\u00e9 operativo. El Asistente de configuraci\u00f3n de WP, con sus notables capacidades, hace que la creaci\u00f3n del sitio web sea un caminata absoluto, que atiende a ne\u00f3fitos y desarrolladores experimentados por igual.<\/p>\n","protected":false},"featured_media":168446,"comment_status":"open","ping_status":"open","template":"","meta":[],"product_brand":[2339],"product_cat":[1212,1206,1211],"product_tag":[1256],"class_list":{"0":"post-113725","1":"product","2":"type-product","3":"status-publish","4":"has-post-thumbnail","6":"product_brand-codecanyon","7":"product_cat-administracion-wordpress-plugins","8":"product_cat-plugins","9":"product_cat-wordpress-plugins","10":"product_tag-codecanyon","11":"member-discount","12":"discount-restricted","14":"first","15":"instock","16":"sale","17":"downloadable","18":"virtual","19":"sold-individually","20":"purchasable","21":"product-type-simple"},"_links":{"self":[{"href":"https:\/\/gpl-love.com\/es\/wp-json\/wp\/v2\/product\/113725","targetHints":{"allow":["GET"]}}],"collection":[{"href":"https:\/\/gpl-love.com\/es\/wp-json\/wp\/v2\/product"}],"about":[{"href":"https:\/\/gpl-love.com\/es\/wp-json\/wp\/v2\/types\/product"}],"replies":[{"embeddable":true,"href":"https:\/\/gpl-love.com\/es\/wp-json\/wp\/v2\/comments?post=113725"}],"wp:featuredmedia":[{"embeddable":true,"href":"https:\/\/gpl-love.com\/es\/wp-json\/wp\/v2\/media\/168446"}],"wp:attachment":[{"href":"https:\/\/gpl-love.com\/es\/wp-json\/wp\/v2\/media?parent=113725"}],"wp:term":[{"taxonomy":"product_brand","embeddable":true,"href":"https:\/\/gpl-love.com\/es\/wp-json\/wp\/v2\/product_brand?post=113725"},{"taxonomy":"product_cat","embeddable":true,"href":"https:\/\/gpl-love.com\/es\/wp-json\/wp\/v2\/product_cat?post=113725"},{"taxonomy":"product_tag","embeddable":true,"href":"https:\/\/gpl-love.com\/es\/wp-json\/wp\/v2\/product_tag?post=113725"}],"curies":[{"name":"wp","href":"https:\/\/api.w.org\/{rel}","templated":true}]}}