{"id":113723,"date":"2025-06-03T00:00:00","date_gmt":"2025-06-03T05:00:00","guid":{"rendered":"http:\/\/gpl-love.com\/es\/?post_type=product&#038;p=113723"},"modified":"2026-03-09T08:26:46","modified_gmt":"2026-03-09T13:26:46","slug":"wooevents-calendar-y-event-booking-plugin","status":"publish","type":"product","link":"https:\/\/gpl-love.com\/es\/producto\/wooevents-calendar-y-event-booking-plugin\/","title":{"rendered":"WooEvents Calendar y Event Booking Plugin 4.1.6"},"content":{"rendered":"<h3>WooEvents Calendar y Event Booking Plugin Caracteristicas<\/h3>\n<p>Wooevents Calendar and Event Booking Plugin es una herramienta incre\u00edblemente robusta y eficiente meticulosamente dise\u00f1ada para satisfacer las necesidades de los organizadores y empresas de eventos para administrar sin esfuerzo sus eventos y reservas. Su interfaz notablemente f\u00e1cil de usar, junto con su amplia gama de caracter\u00edsticas, permite a los usuarios crear y publicar eventos sin esfuerzo, configurar los procedimientos de boletos y registro, y administrar sin problemas las listas de asistentes. El complemento se integra armoniosamente con la aclamada plataforma de WooCommerce, equipando as\u00ed a los usuarios con la capacidad de aceptar pagos, emitir reembolsos sin esfuerzo y generar competencias para sus eventos. Adem\u00e1s, proporciona una variedad de plantillas de eventos personalizables, notificaciones de correo electr\u00f3nico y opciones de intercambio social dise\u00f1adas meticulosamente para ayudar a las empresas diligentemente a promover sus eventos y participar activamente con los asistentes. Sin lugar a dudas, la facilidad y eficiencia inigualables que ofrece el calendario Wooevents y el complemento de reserva de eventos han revolucionado el \u00e1mbito de la gesti\u00f3n de eventos.<\/p>\n<ul>\n<li>Calendario de eventos con todo el mundo para sitios web de WordPress<\/li>\n<li>Creaci\u00f3n de eventos f\u00e1cil con campos personalizables<\/li>\n<li>Opciones de registro de eventos y boletos para eventos pagados y gratuitos<\/li>\n<li>Capacidad para establecer eventos de varios d\u00edas y eventos recurrentes<\/li>\n<li>Integraci\u00f3n con pasarelas de pago populares como PayPal y Stripe<\/li>\n<li>Notificaciones de correo electr\u00f3nico personalizables para registros de eventos y venta de entradas<\/li>\n<li>Dise\u00f1o receptivo para visualizaci\u00f3n m\u00f3vil y de tabletas<\/li>\n<li>Soporte de varios idiomas para audiencias globales<\/li>\n<li>Informes y an\u00e1lisis s\u00f3lidos para el seguimiento de la asistencia y los ingresos<\/li>\n<li>Compatible con la mayor\u00eda de los temas y complementos de WordPress.<\/li>\n<\/ul>\n","protected":false},"excerpt":{"rendered":"<p>Wooevents, un complemento de calendario y reserva de eventos excepcionalmente robusto, se fusiona sin problemas con WooCommerce, que permite una integraci\u00f3n perfecta. Esta herramienta fenomenal le permite la capacidad de fabricar y supervisar sin esfuerzo eventos, reservas y ventas de entradas, todo bajo el paraguas de su sitio de WordPress. La cereza en la parte superior? La provisi\u00f3n de listados de eventos personalizables y formularios de reserva, lo que le permite gobernar sin esfuerzo sus eventos y optimizar la eficiencia de su proceso de registro. Adem\u00e1s, este complemento extraordinario incluye una variedad diversa de caracter\u00edsticas de vanguardia, incluidas, entre otros, notificaciones de correo electr\u00f3nico, c\u00f3digos de descuento y la integraci\u00f3n de varias opciones de pago. Con su gran versatilidad, Wooevents demuestra ser la mejor soluci\u00f3n para empresas, organizaciones e individuos por igual, que buscan una plataforma integral para programar y supervisar de manera efectiva sus eventos en el \u00e1mbito digital.<\/p>\n","protected":false},"featured_media":168320,"comment_status":"open","ping_status":"open","template":"","meta":[],"product_brand":[2339],"product_cat":[1207,1248,1206],"product_tag":[1256],"class_list":{"0":"post-113723","1":"product","2":"type-product","3":"status-publish","4":"has-post-thumbnail","6":"product_brand-codecanyon","7":"product_cat-comercio-electronico-plugins","8":"product_cat-personalizacion-comercio-electronico-plugins","9":"product_cat-plugins","10":"product_tag-codecanyon","11":"member-discount","12":"discount-restricted","14":"first","15":"instock","16":"sale","17":"downloadable","18":"virtual","19":"sold-individually","20":"purchasable","21":"product-type-simple"},"_links":{"self":[{"href":"https:\/\/gpl-love.com\/es\/wp-json\/wp\/v2\/product\/113723","targetHints":{"allow":["GET"]}}],"collection":[{"href":"https:\/\/gpl-love.com\/es\/wp-json\/wp\/v2\/product"}],"about":[{"href":"https:\/\/gpl-love.com\/es\/wp-json\/wp\/v2\/types\/product"}],"replies":[{"embeddable":true,"href":"https:\/\/gpl-love.com\/es\/wp-json\/wp\/v2\/comments?post=113723"}],"wp:featuredmedia":[{"embeddable":true,"href":"https:\/\/gpl-love.com\/es\/wp-json\/wp\/v2\/media\/168320"}],"wp:attachment":[{"href":"https:\/\/gpl-love.com\/es\/wp-json\/wp\/v2\/media?parent=113723"}],"wp:term":[{"taxonomy":"product_brand","embeddable":true,"href":"https:\/\/gpl-love.com\/es\/wp-json\/wp\/v2\/product_brand?post=113723"},{"taxonomy":"product_cat","embeddable":true,"href":"https:\/\/gpl-love.com\/es\/wp-json\/wp\/v2\/product_cat?post=113723"},{"taxonomy":"product_tag","embeddable":true,"href":"https:\/\/gpl-love.com\/es\/wp-json\/wp\/v2\/product_tag?post=113723"}],"curies":[{"name":"wp","href":"https:\/\/api.w.org\/{rel}","templated":true}]}}