{"id":113707,"date":"2022-05-24T00:00:00","date_gmt":"2022-05-24T05:00:00","guid":{"rendered":"http:\/\/gpl-love.com\/es\/?post_type=product&#038;p=113707"},"modified":"2026-04-10T11:26:39","modified_gmt":"2026-04-10T16:26:39","slug":"sunway-hotel-booking-wordpress-theme","status":"publish","type":"product","link":"https:\/\/gpl-love.com\/es\/producto\/sunway-hotel-booking-wordpress-theme\/","title":{"rendered":"Sunway Hotel Booking WordPress Theme 4.4"},"content":{"rendered":"<h3>Sunway Hotel Booking WordPress Theme Caracteristicas<\/h3>\n<p>El tema de WordPress de la reserva de Sunway Hotel es una herramienta excepcional y abarcadora que atiende los requisitos de los hoteles y resorts que buscan establecer una fuerte presencia en l\u00ednea. Este tema cuenta con un dise\u00f1o elegante y sofisticado que se puede adaptar sin esfuerzo para satisfacer las necesidades espec\u00edficas y \u00fanicas de cualquier hotel. Aparece una gran cantidad de caracter\u00edsticas, incluidas, entre otros, reservas en l\u00ednea, calendarios de disponibilidad de habitaciones y herramientas de gesti\u00f3n de reservas, que colectivamente facilitan una experiencia sin costuras y sin problemas tanto para los hu\u00e9spedes como para el personal del hotel. Adem\u00e1s, su naturaleza totalmente receptiva garantiza que mantenga su apariencia impecable en todos los dispositivos, mientras que sus capacidades de optimizaci\u00f3n de motores de b\u00fasqueda mejoran su visibilidad, lo que permite a los hu\u00e9spedes potenciales ubicar sin esfuerzo su hotel en l\u00ednea. Ya sea que sea un novato en el \u00e1mbito de las reservas de hoteles en l\u00ednea o una entidad establecida que busca elevar su presencia digital, el tema de WordPress de Sunway Hotel es inequ\u00edvocamente una elecci\u00f3n ejemplar y juiciosa.<\/p>\n<ul>\n<li>Tema de WordPress profesional de alta calidad dise\u00f1ado espec\u00edficamente para hoteles y otros tipos de alojamiento<\/li>\n<li>El dise\u00f1o receptivo garantiza que su sitio web se vea muy bien en cualquier dispositivo, desde computadoras de escritorio hasta tel\u00e9fonos inteligentes<\/li>\n<li>Incluye una gama de plantillas y dise\u00f1os predise\u00f1ados para elegir, lo que facilita la creaci\u00f3n de un sitio web moderno y elegante<\/li>\n<li>Potente motor de reserva integrado, lo que permite a los clientes buscar f\u00e1cilmente las habitaciones disponibles y hacer reservas en l\u00ednea<\/li>\n<li>La pasarela de pago integrada facilita la aceptaci\u00f3n de pagos en l\u00ednea, agregando conveniencia tanto para usted como para sus clientes<\/li>\n<li>M\u00faltiples opciones de personalizaci\u00f3n para ayudarlo a adaptar su sitio web a sus necesidades espec\u00edficas e identidad de marca<\/li>\n<li>Documentaci\u00f3n y apoyo integrales incluidos para ayudarlo a aprovechar al m\u00e1ximo su nuevo tema.<\/li>\n<\/ul>\n","protected":false},"excerpt":{"rendered":"<p>El tema de WordPress de Sunway Hotel es un tema incre\u00edblemente f\u00e1cil de usar y altamente sofisticado que ha sido exquisitamente dise\u00f1ado espec\u00edficamente para hoteles, resorts y varios otros proveedores de alojamiento. Este tema excepcional cuenta con un sistema de reserva avanzado, que permite a los clientes hacer reservas en l\u00ednea sin esfuerzo y segura utilizando convenientemente las pasarelas de pago integradas. Adem\u00e1s, este notable tema ofrece una variedad de opciones de dise\u00f1o personalizables, lo que le permite adaptar su sitio web a sus preferencias precisas. Adem\u00e1s, el dise\u00f1o receptivo del tema garantiza que su sitio web permanezca accesible para los clientes sin importar el dispositivo que est\u00e9n utilizando. Para acelerar a\u00fan m\u00e1s el proceso, puede optar por una de las muchas plantillas prefabricadas disponibles, reduciendo significativamente el tiempo que lleva poner en funcionamiento su sitio web. La instalaci\u00f3n de este tema es una brisa absoluta, y si encuentra alg\u00fan obst\u00e1culo en el camino, puede confiar en la extensa documentaci\u00f3n y apoyo que viene con ella. Al seleccionar el tema de WordPress de reserva de Sunway Hotel, est\u00e1 asegurando la creaci\u00f3n de una presencia en l\u00ednea para su negocio hotelero que es f\u00e1cil de usar y excepcionalmente profesional.<\/p>\n","protected":false},"featured_media":167641,"comment_status":"open","ping_status":"open","template":"","meta":[],"product_brand":[2337],"product_cat":[1548,1237,1238],"product_tag":[1391],"class_list":{"0":"post-113707","1":"product","2":"type-product","3":"status-publish","4":"has-post-thumbnail","6":"product_brand-themeforest","7":"product_cat-resort-hotel","8":"product_cat-temas","9":"product_cat-wordpress-temas","10":"product_tag-themeforest","11":"member-discount","12":"discount-restricted","14":"first","15":"instock","16":"sale","17":"downloadable","18":"virtual","19":"sold-individually","20":"purchasable","21":"product-type-simple"},"_links":{"self":[{"href":"https:\/\/gpl-love.com\/es\/wp-json\/wp\/v2\/product\/113707","targetHints":{"allow":["GET"]}}],"collection":[{"href":"https:\/\/gpl-love.com\/es\/wp-json\/wp\/v2\/product"}],"about":[{"href":"https:\/\/gpl-love.com\/es\/wp-json\/wp\/v2\/types\/product"}],"replies":[{"embeddable":true,"href":"https:\/\/gpl-love.com\/es\/wp-json\/wp\/v2\/comments?post=113707"}],"wp:featuredmedia":[{"embeddable":true,"href":"https:\/\/gpl-love.com\/es\/wp-json\/wp\/v2\/media\/167641"}],"wp:attachment":[{"href":"https:\/\/gpl-love.com\/es\/wp-json\/wp\/v2\/media?parent=113707"}],"wp:term":[{"taxonomy":"product_brand","embeddable":true,"href":"https:\/\/gpl-love.com\/es\/wp-json\/wp\/v2\/product_brand?post=113707"},{"taxonomy":"product_cat","embeddable":true,"href":"https:\/\/gpl-love.com\/es\/wp-json\/wp\/v2\/product_cat?post=113707"},{"taxonomy":"product_tag","embeddable":true,"href":"https:\/\/gpl-love.com\/es\/wp-json\/wp\/v2\/product_tag?post=113707"}],"curies":[{"name":"wp","href":"https:\/\/api.w.org\/{rel}","templated":true}]}}