{"id":113705,"date":"2022-03-13T00:00:00","date_gmt":"2022-03-13T05:00:00","guid":{"rendered":"http:\/\/gpl-love.com\/es\/?post_type=product&#038;p=113705"},"modified":"2026-04-10T11:24:48","modified_gmt":"2026-04-10T16:24:48","slug":"sidebar-y-widget-manager-para-wordpress","status":"publish","type":"product","link":"https:\/\/gpl-love.com\/es\/producto\/sidebar-y-widget-manager-para-wordpress\/","title":{"rendered":"Sidebar y Widget Manager para WordPress 4.6"},"content":{"rendered":"<h3>Sidebar y Widget Manager para WordPress Caracteristicas<\/h3>\n<p>La barra lateral y el administrador de widgets para WordPress, una herramienta muy robusta, otorga a los usuarios la capacidad de personalizar sin problemas su sitio web a trav\u00e9s de la barra lateral y las opciones de widgets. Con la integraci\u00f3n de este complemento, uno puede supervisar y organizar sin esfuerzo la barra lateral y los widgets de su sitio web, cultivando una interfaz m\u00e1s amigable y met\u00f3dica para sus estimados visitantes. Ya sea que un individuo sea un blogger, creador de contenido o propietario de un negocio, este complemento debe considerarse indiscutiblemente como un activo indispensable para aquellos que buscan elevar la funcionalidad y la experiencia del usuario de su sitio web. Equipado con una variedad de caracter\u00edsticas notables, como la conveniencia de la colocaci\u00f3n de widget de arrastre y ca\u00edda, una abundancia de \u00e1reas de widget para explorar y configuraciones personalizables, la barra lateral y el administrador de widgets para WordPress simplifican efectivamente el proceso de incorporar elementos novedosos y caracter\u00edsticas en el sitio web de uno de uno. , mejorando as\u00ed su rendimiento general y su encanto est\u00e9tico.<\/p>\n<ul>\n<li>Organice y administre toda su barra lateral de WordPress y configuraciones de widget con facilidad.<\/li>\n<li>Cree barras laterales y widgets personalizados espec\u00edficos para ciertas p\u00e1ginas\/publicaciones.<\/li>\n<li>M\u00faltiples opciones de dise\u00f1o personalizables para sus barras laterales y widgets.<\/li>\n<li>Una interfaz f\u00e1cil de usar que le permite arrastrar y soltar widgets en su lugar.<\/li>\n<li>No hay necesidad de codificar la experiencia de experiencia puede usar f\u00e1cilmente este complemento para crear barras laterales y widgets completamente funcionales.<\/li>\n<li>Compatible con todos los temas y complementos de WordPress.<\/li>\n<li>Ahorre tiempo y aumente la productividad con una interfaz organizada para administrar todas las configuraciones de su barra lateral y de widgets.<\/li>\n<li>Un complemento r\u00e1pido y confiable que no ralentizar\u00e1 su sitio web.<\/li>\n<li>Actualizaciones regulares y excelente soporte de los desarrolladores de complementos.<\/li>\n<li>Opciones de precios asequibles para adaptarse a cualquier presupuesto.<\/li>\n<\/ul>\n","protected":false},"excerpt":{"rendered":"<p>\u00a1Estamos encantados de presentarle la soluci\u00f3n m\u00e1s completa y poderosa para administrar eficientemente las barras laterales y widgets en su sitio web de WordPress! Nuestra revolucionaria barra lateral y administrador de widgets le ofrece una variedad de caracter\u00edsticas convenientes que le permiten organizar, personalizar y exhibir el contenido de su barra lateral con una facilidad incomparable a trav\u00e9s de su funcionalidad intuitiva de arrastre y ca\u00edda. Esta herramienta innovadora le proporciona una interfaz f\u00e1cil de usar que hace que la adici\u00f3n o eliminaci\u00f3n de widgets sea muy f\u00e1cil, lo que le permite ajustar con precisi\u00f3n su ubicaci\u00f3n y estilo de acuerdo con sus preferencias. Adem\u00e1s, tambi\u00e9n tiene la capacidad de crear barras laterales hechas a medida para p\u00e1ginas o categor\u00edas espec\u00edficas, mejorando as\u00ed la experiencia general del usuario. D\u00e9jate despedir con la ardua tarea de jugar con el complejo c\u00f3digo de tu sitio web y adoptar el advenimiento de una interfaz m\u00e1s simplificada y din\u00e1mica. \u00a1Eleve tu juego de barra lateral de WordPress hoy adoptando las capacidades incomparables de nuestra notable barra lateral y gerente de widgets!<\/p>\n","protected":false},"featured_media":167487,"comment_status":"open","ping_status":"open","template":"","meta":[],"product_brand":[2339],"product_cat":[1214,1206,1211],"product_tag":[1256],"class_list":{"0":"post-113705","1":"product","2":"type-product","3":"status-publish","4":"has-post-thumbnail","6":"product_brand-codecanyon","7":"product_cat-personalizacion","8":"product_cat-plugins","9":"product_cat-wordpress-plugins","10":"product_tag-codecanyon","11":"member-discount","12":"discount-restricted","14":"first","15":"instock","16":"sale","17":"downloadable","18":"virtual","19":"sold-individually","20":"purchasable","21":"product-type-simple"},"_links":{"self":[{"href":"https:\/\/gpl-love.com\/es\/wp-json\/wp\/v2\/product\/113705","targetHints":{"allow":["GET"]}}],"collection":[{"href":"https:\/\/gpl-love.com\/es\/wp-json\/wp\/v2\/product"}],"about":[{"href":"https:\/\/gpl-love.com\/es\/wp-json\/wp\/v2\/types\/product"}],"replies":[{"embeddable":true,"href":"https:\/\/gpl-love.com\/es\/wp-json\/wp\/v2\/comments?post=113705"}],"wp:featuredmedia":[{"embeddable":true,"href":"https:\/\/gpl-love.com\/es\/wp-json\/wp\/v2\/media\/167487"}],"wp:attachment":[{"href":"https:\/\/gpl-love.com\/es\/wp-json\/wp\/v2\/media?parent=113705"}],"wp:term":[{"taxonomy":"product_brand","embeddable":true,"href":"https:\/\/gpl-love.com\/es\/wp-json\/wp\/v2\/product_brand?post=113705"},{"taxonomy":"product_cat","embeddable":true,"href":"https:\/\/gpl-love.com\/es\/wp-json\/wp\/v2\/product_cat?post=113705"},{"taxonomy":"product_tag","embeddable":true,"href":"https:\/\/gpl-love.com\/es\/wp-json\/wp\/v2\/product_tag?post=113705"}],"curies":[{"name":"wp","href":"https:\/\/api.w.org\/{rel}","templated":true}]}}