{"id":113703,"date":"2021-05-26T00:00:00","date_gmt":"2021-05-26T05:00:00","guid":{"rendered":"http:\/\/gpl-love.com\/es\/?post_type=product&#038;p=113703"},"modified":"2026-04-10T11:24:19","modified_gmt":"2026-04-10T16:24:19","slug":"selio-real-estate-directory-wordpress-theme","status":"publish","type":"product","link":"https:\/\/gpl-love.com\/es\/producto\/selio-real-estate-directory-wordpress-theme\/","title":{"rendered":"Selio Real Estate Directory WordPress Theme 1.4"},"content":{"rendered":"<h3>Selio Real Estate Directory WordPress Theme Caracteristicas<\/h3>\n<p>El tema de WordPress del directorio de bienes ra\u00edces de Selio ofrece una soluci\u00f3n integral y rica en caracter\u00edsticas para las personas que buscan establecer un sitio web de directorio profesional y visualmente llamativo para listados de bienes ra\u00edces. Con un dise\u00f1o limpio y contempor\u00e1neo, este tema es totalmente receptivo y f\u00e1cilmente personalizable, lo que brinda a los usuarios la capacidad de incorporar sin problemas su propia marca y contenido. Adem\u00e1s, este tema proporciona una variedad de caracter\u00edsticas potentes, como opciones de b\u00fasqueda avanzadas, p\u00e1ginas de listado personalizables, integraci\u00f3n de mapas de Google perfecta y mucho m\u00e1s. En consecuencia, es una opci\u00f3n ideal para aquellos que desean desarrollar un sitio web de directorio de bienes ra\u00edces de primer nivel que realmente se distingue de la competencia. Ya sea que sea un agente inmobiliario, un corredor o administrador de propiedades que desee mostrar sus listados, o un empresario que aspira a construir un sitio web de directorio lucrativo, el tema de WordPress de Selio Real Estate es inequ\u00edvocamente la selecci\u00f3n perfecta para usted.<\/p>\n<ul>\n<li>Dise\u00f1o moderno y elegante con opciones personalizables<\/li>\n<li>Compatible con m\u00faltiples idiomas y complemento WPML<\/li>\n<li>Funcionalidad de b\u00fasqueda avanzada incorporada con filtros<\/li>\n<li>Profiles de agentes y agencias con opciones de gesti\u00f3n de listados<\/li>\n<li>Interfaz f\u00e1cil de usar con navegaci\u00f3n suave<\/li>\n<li>Responsable m\u00f3vil para todos los dispositivos, incluidos tel\u00e9fonos inteligentes y tabletas.<\/li>\n<li>Integraci\u00f3n con complementos populares de terceros como PayPal y MailChimp<\/li>\n<li>SEO optimizado con metaetiquetas f\u00e1ciles de usar<\/li>\n<li>M\u00faltiples plantillas de p\u00e1ginas, incluidas la p\u00e1gina de inicio, el contacto y las p\u00e1ginas de blogs<\/li>\n<li>Equipo de soporte dedicado para opciones de ayuda t\u00e9cnica y personalizaci\u00f3n<\/li>\n<\/ul>\n","protected":false},"excerpt":{"rendered":"<p>Selio es un tema de WordPress excepcionalmente robusto y multifac\u00e9tico que ha sido meticulosamente elaborado para ayudarlo en la creaci\u00f3n de una plataforma en l\u00ednea sofisticada y altamente eficiente dedicada a los listados inmobiliarios. Este tema cuenta con una interfaz incre\u00edblemente f\u00e1cil de usar junto con una extensa gama de herramientas de vanguardia, lo que le permite exhibir sin esfuerzo sus listados de propiedades, filtrar los resultados de b\u00fasqueda de manera efectiva y administrar sin problemas cuentas de usuario. Selio es totalmente receptivo y notablemente personalizable, lo que le permite adaptarlo con precisi\u00f3n para que se adapte a sus requisitos precisos y preferencias personales. Independientemente de si es un agente inmobiliario experimentado, un corredor experimentado o un desarrollador astuto, Selio representa inequ\u00edvocamente una opci\u00f3n sobresaliente para aquellos que buscan forjar un directorio en l\u00ednea exquisitamente llamativo y notablemente pr\u00f3spero.<\/p>\n","protected":false},"featured_media":167447,"comment_status":"open","ping_status":"open","template":"","meta":[],"product_brand":[2337],"product_cat":[1381,1237,1238],"product_tag":[1391],"class_list":{"0":"post-113703","1":"product","2":"type-product","3":"status-publish","4":"has-post-thumbnail","6":"product_brand-themeforest","7":"product_cat-bienes-raices","8":"product_cat-temas","9":"product_cat-wordpress-temas","10":"product_tag-themeforest","11":"member-discount","12":"discount-restricted","14":"first","15":"instock","16":"sale","17":"downloadable","18":"virtual","19":"sold-individually","20":"purchasable","21":"product-type-simple"},"_links":{"self":[{"href":"https:\/\/gpl-love.com\/es\/wp-json\/wp\/v2\/product\/113703","targetHints":{"allow":["GET"]}}],"collection":[{"href":"https:\/\/gpl-love.com\/es\/wp-json\/wp\/v2\/product"}],"about":[{"href":"https:\/\/gpl-love.com\/es\/wp-json\/wp\/v2\/types\/product"}],"replies":[{"embeddable":true,"href":"https:\/\/gpl-love.com\/es\/wp-json\/wp\/v2\/comments?post=113703"}],"wp:featuredmedia":[{"embeddable":true,"href":"https:\/\/gpl-love.com\/es\/wp-json\/wp\/v2\/media\/167447"}],"wp:attachment":[{"href":"https:\/\/gpl-love.com\/es\/wp-json\/wp\/v2\/media?parent=113703"}],"wp:term":[{"taxonomy":"product_brand","embeddable":true,"href":"https:\/\/gpl-love.com\/es\/wp-json\/wp\/v2\/product_brand?post=113703"},{"taxonomy":"product_cat","embeddable":true,"href":"https:\/\/gpl-love.com\/es\/wp-json\/wp\/v2\/product_cat?post=113703"},{"taxonomy":"product_tag","embeddable":true,"href":"https:\/\/gpl-love.com\/es\/wp-json\/wp\/v2\/product_tag?post=113703"}],"curies":[{"name":"wp","href":"https:\/\/api.w.org\/{rel}","templated":true}]}}