{"id":113701,"date":"2024-02-20T00:00:00","date_gmt":"2024-02-20T05:00:00","guid":{"rendered":"http:\/\/gpl-love.com\/es\/?post_type=product&#038;p=113701"},"modified":"2026-04-10T11:23:50","modified_gmt":"2026-04-10T16:23:50","slug":"scroller-custom-scrollbar-para-wordpress","status":"publish","type":"product","link":"https:\/\/gpl-love.com\/es\/producto\/scroller-custom-scrollbar-para-wordpress\/","title":{"rendered":"Scroller Custom Scrollbar para WordPress 2.0.1"},"content":{"rendered":"<h3>Scroller Custom Scrollbar para WordPress Caracteristicas<\/h3>\n<p>Scroller Custom Scrollbar para WordPress, una herramienta robusta y multifac\u00e9tica, presenta a los usuarios un encuentro de desplazamiento incomparable que se adapta e individualiza. Este notable complemento faculta a los usuarios para adaptar de manera integral la apariencia y la funcionalidad de su barra de desplazamiento, lo que lo convierte en un complemento excepcional a cualquier sitio de WordPress. Con una variedad de caracter\u00edsticas sofisticadas que incluyen desplazamiento sin costuras, compatibilidad t\u00e1ctil y compatibilidad con una gran cantidad de dispositivos, el Scroller Custom Scrollbar ofrece una soluci\u00f3n accesible y f\u00e1cil de usar para elaborar un sitio web encantador y animado. Ya sea que anhele elevar la experiencia del usuario de su sitio o simplemente se esfuerza por imbuir su sitio con un encanto distintivo, el desplazamiento Scroller Custom Scrollbar positivamente representa una selecci\u00f3n extraordinaria.<\/p>\n<ul>\n<li>Barra de desplazamiento personalizable con un dise\u00f1o moderno para su sitio web de WordPress<\/li>\n<li>No se requiere experiencia de codificaci\u00f3n para la instalaci\u00f3n o configuraci\u00f3n<\/li>\n<li>Velocidad de p\u00e1gina optimizada para una experiencia de usuario perfecta<\/li>\n<li>Capacidad para cambiar los colores, el ancho y la longitud de la barra de desplazamiento para que coincida con la marca de su sitio web<\/li>\n<li>Funciona con todos los principales navegadores, incluidos Chrome, Firefox y Safari<\/li>\n<li>Compatible con todos los temas y complementos de WordPress<\/li>\n<li>Interfaz f\u00e1cil de usar para f\u00e1cil navegaci\u00f3n y control<\/li>\n<li>Velocidad de desplazamiento ajustable para el control final del usuario<\/li>\n<li>Atenci\u00f3n al cliente 24\/7 para un rendimiento confiable.<\/li>\n<\/ul>\n","protected":false},"excerpt":{"rendered":"<p>El complemento Scroller Custom Scrollbar para WordPress ofrece una oportunidad incre\u00edble para que los propietarios de sitios web eleven la experiencia de navegaci\u00f3n de sus estimados visitantes incorporando sin problemas una barra de desplazamiento visualmente cautivadora y totalmente personalizable en sus p\u00e1ginas web. Con una amplia gama de alternativas de dise\u00f1o a su disposici\u00f3n, puede crear sin esfuerzo una est\u00e9tica \u00fanica que se alinee perfectamente con el tema general de su sitio web. La facilidad de instalaci\u00f3n y utilizaci\u00f3n asociada con este complemento garantiza una experiencia sin problemas, lo que le permite adaptar sin esfuerzo el color, el ancho, la altura y una variedad de atributos adicionales de la barra de desplazamiento para adaptarse a sus preferencias \u00fanicas. Mejore la apariencia general de su sitio web y exude una sensaci\u00f3n de profesionalismo y delicadeza con la barra de desplazamiento personalizada de Scroller para WordPress.<\/p>\n","protected":false},"featured_media":167409,"comment_status":"open","ping_status":"open","template":"","meta":[],"product_brand":[2339],"product_cat":[1214,1206,1211],"product_tag":[1256],"class_list":{"0":"post-113701","1":"product","2":"type-product","3":"status-publish","4":"has-post-thumbnail","6":"product_brand-codecanyon","7":"product_cat-personalizacion","8":"product_cat-plugins","9":"product_cat-wordpress-plugins","10":"product_tag-codecanyon","11":"member-discount","12":"discount-restricted","14":"first","15":"instock","16":"sale","17":"downloadable","18":"virtual","19":"sold-individually","20":"purchasable","21":"product-type-simple"},"_links":{"self":[{"href":"https:\/\/gpl-love.com\/es\/wp-json\/wp\/v2\/product\/113701","targetHints":{"allow":["GET"]}}],"collection":[{"href":"https:\/\/gpl-love.com\/es\/wp-json\/wp\/v2\/product"}],"about":[{"href":"https:\/\/gpl-love.com\/es\/wp-json\/wp\/v2\/types\/product"}],"replies":[{"embeddable":true,"href":"https:\/\/gpl-love.com\/es\/wp-json\/wp\/v2\/comments?post=113701"}],"wp:featuredmedia":[{"embeddable":true,"href":"https:\/\/gpl-love.com\/es\/wp-json\/wp\/v2\/media\/167409"}],"wp:attachment":[{"href":"https:\/\/gpl-love.com\/es\/wp-json\/wp\/v2\/media?parent=113701"}],"wp:term":[{"taxonomy":"product_brand","embeddable":true,"href":"https:\/\/gpl-love.com\/es\/wp-json\/wp\/v2\/product_brand?post=113701"},{"taxonomy":"product_cat","embeddable":true,"href":"https:\/\/gpl-love.com\/es\/wp-json\/wp\/v2\/product_cat?post=113701"},{"taxonomy":"product_tag","embeddable":true,"href":"https:\/\/gpl-love.com\/es\/wp-json\/wp\/v2\/product_tag?post=113701"}],"curies":[{"name":"wp","href":"https:\/\/api.w.org\/{rel}","templated":true}]}}