{"id":113699,"date":"2026-03-18T00:00:00","date_gmt":"2026-03-18T05:00:00","guid":{"rendered":"http:\/\/gpl-love.com\/es\/?post_type=product&#038;p=113699"},"modified":"2026-04-10T11:22:30","modified_gmt":"2026-04-10T16:22:30","slug":"publishpress-revisions-pro","status":"publish","type":"product","link":"https:\/\/gpl-love.com\/es\/producto\/publishpress-revisions-pro\/","title":{"rendered":"PublishPress Revisions Pro 3.7.24"},"content":{"rendered":"<h3>PublishPress Revisions Pro Caracteristicas<\/h3>\n<p>PublishPress Revisions Pro es un complemento de WordPress innovador y altamente eficiente que proporciona a los propietarios de sitios web y a los creadores de contenido la capacidad de administrar y rastrear de manera efectiva todas las modificaciones realizadas en el contenido de su sitio web. Este notable complemento ofrece a los usuarios la conveniencia de monitorear y aprobar f\u00e1cilmente revisiones, establecer flujos de trabajo personalizados y colaborar sin problemas con los miembros de su equipo. Independientemente de si se identifica como blogger, escritor, editor o editor, este complemento incomparable sirve para optimizar su proceso de creaci\u00f3n de contenido y asegura que el contenido de su sitio web se mantenga actualizado y sin ning\u00fan error. Al incorporar las revisiones PublishPress Pro en su flujo de trabajo, manejar\u00e1 sin esfuerzo sus revisiones, ahorrar\u00e1 un tiempo valioso y priorizar\u00e1 la creaci\u00f3n de contenido de calidad superior que cautiva e involucra a su audiencia.<\/p>\n<ul>\n<li>Habilita la colaboraci\u00f3n y edici\u00f3n de contenido en sitios de WordPress<\/li>\n<li>Permite a los usuarios revisar y restaurar f\u00e1cilmente versiones anteriores de contenido.<\/li>\n<li>Proporciona una interfaz de usuario optimizada y visualmente atractiva para la gesti\u00f3n de revisiones<\/li>\n<li>Ofrece notificaciones personalizadas y estados de revisi\u00f3n para el trabajo en equipo sin problemas<\/li>\n<li>Agrega un seguimiento avanzado del autor para monitorear los cambios realizados en el contenido a lo largo del tiempo<\/li>\n<li>Admite campos personalizados y revisiones de taxonom\u00eda para una gesti\u00f3n de contenido a\u00fan m\u00e1s integral<\/li>\n<li>Proporciona la capacidad de establecer l\u00edmites de revisi\u00f3n y permisos para garantizar la integridad del contenido y la seguridad.<\/li>\n<\/ul>\n","protected":false},"excerpt":{"rendered":"<p>Al utilizar PublishPress Revisions Pro, se le otorga la capacidad perfecta para administrar y monitorear de manera efectiva las revisiones meticulosamente dentro de sus publicaciones y p\u00e1ginas de WordPress. Este complemento excepcionalmente robusto le permite analizar y contrastar a fondo varias iteraciones de su contenido, estados de revisi\u00f3n a medida de moda y establecer permisos editoriales adaptados a usuarios espec\u00edficos. En consecuencia, puede mantenerse al tanto de las alteraciones realizadas a su contenido y optimizar la eficiencia de su flujo de trabajo editorial a trav\u00e9s de la utilizaci\u00f3n de las revisiones de PublishPress Pro.<\/p>\n","protected":false},"featured_media":167287,"comment_status":"open","ping_status":"open","template":"","meta":[],"product_brand":[2541],"product_cat":[1214,1206,1211],"product_tag":[2135],"class_list":{"0":"post-113699","1":"product","2":"type-product","3":"status-publish","4":"has-post-thumbnail","6":"product_brand-publishpress","7":"product_cat-personalizacion","8":"product_cat-plugins","9":"product_cat-wordpress-plugins","10":"product_tag-publishpress","11":"member-discount","12":"discount-restricted","14":"first","15":"instock","16":"sale","17":"downloadable","18":"virtual","19":"sold-individually","20":"purchasable","21":"product-type-simple"},"_links":{"self":[{"href":"https:\/\/gpl-love.com\/es\/wp-json\/wp\/v2\/product\/113699","targetHints":{"allow":["GET"]}}],"collection":[{"href":"https:\/\/gpl-love.com\/es\/wp-json\/wp\/v2\/product"}],"about":[{"href":"https:\/\/gpl-love.com\/es\/wp-json\/wp\/v2\/types\/product"}],"replies":[{"embeddable":true,"href":"https:\/\/gpl-love.com\/es\/wp-json\/wp\/v2\/comments?post=113699"}],"wp:featuredmedia":[{"embeddable":true,"href":"https:\/\/gpl-love.com\/es\/wp-json\/wp\/v2\/media\/167287"}],"wp:attachment":[{"href":"https:\/\/gpl-love.com\/es\/wp-json\/wp\/v2\/media?parent=113699"}],"wp:term":[{"taxonomy":"product_brand","embeddable":true,"href":"https:\/\/gpl-love.com\/es\/wp-json\/wp\/v2\/product_brand?post=113699"},{"taxonomy":"product_cat","embeddable":true,"href":"https:\/\/gpl-love.com\/es\/wp-json\/wp\/v2\/product_cat?post=113699"},{"taxonomy":"product_tag","embeddable":true,"href":"https:\/\/gpl-love.com\/es\/wp-json\/wp\/v2\/product_tag?post=113699"}],"curies":[{"name":"wp","href":"https:\/\/api.w.org\/{rel}","templated":true}]}}