{"id":113697,"date":"2026-04-08T00:00:00","date_gmt":"2026-04-08T05:00:00","guid":{"rendered":"http:\/\/gpl-love.com\/es\/?post_type=product&#038;p=113697"},"modified":"2026-04-10T11:22:28","modified_gmt":"2026-04-10T16:22:28","slug":"publishpress-permissions-pro","status":"publish","type":"product","link":"https:\/\/gpl-love.com\/es\/producto\/publishpress-permissions-pro\/","title":{"rendered":"PublishPress Permissions Pro 4.8.0"},"content":{"rendered":"<h3>PublishPress Permissions Pro Caracteristicas<\/h3>\n<p>PublishPress Permissions Pro es una herramienta de publicaci\u00f3n incre\u00edblemente robusta que le proporciona la capacidad de administrar efectivamente los roles y permisos de los usuarios en su sitio de WordPress. Este complemento ofrece una variedad de caracter\u00edsticas que le permiten asignar f\u00e1cilmente varios roles a los miembros de su equipo y ejercer control sobre sus acciones y privilegios en su sitio web. Ya sea que desee otorgar a sus escritores acceso a contenido espec\u00edfico exclusivamente o imponer restricciones a ciertas \u00e1reas de su sitio que contengan informaci\u00f3n confidencial, PublishPress Permissions Pro es la soluci\u00f3n ideal para usted. Adem\u00e1s, este complemento cuenta con una amplia gama de funcionalidades avanzadas, incluida la capacidad de personalizar los permisos de tipo posterior, implementar flujos de trabajo de aprobaci\u00f3n de contenido y mucho m\u00e1s. Al aprovechar su interfaz intuitiva y su documentaci\u00f3n integral, PublishPress Permissions Pro sirve como una herramienta indispensable para cualquier propietario del sitio de WordPress que desee retener la autoridad sobre su contenido y garantizar que su equipo opera de manera eficiente.<\/p>\n<ul>\n<li>Sistema integral de gesti\u00f3n de roles de usuario para sitios web de WordPress<\/li>\n<li>Cree y personalice los roles de usuario con capacidades y permisos espec\u00edficos<\/li>\n<li>Asignar roles a usuarios individuales o m\u00faltiples usuarios a la vez<\/li>\n<li>Restringir el acceso a p\u00e1ginas espec\u00edficas, publicaciones, tipos de publicaciones personalizados y elementos de biblioteca de medios<\/li>\n<li>Controle el acceso a las funciones de administraci\u00f3n de backend, incluidos complementos y configuraciones<\/li>\n<li>Establecer restricciones basadas en roles para la publicaci\u00f3n, edici\u00f3n y eliminaci\u00f3n del contenido<\/li>\n<li>Garantiza la seguridad del sitio al limitar el acceso a informaci\u00f3n y acciones confidenciales.<\/li>\n<li>Rimensiones de gesti\u00f3n del sitio y mejora la productividad para los administradores y editores del sitio<\/li>\n<li>Proporciona informes detallados sobre la actividad del usuario y el acceso al contenido para fines de auditor\u00eda<\/li>\n<li>Compatible con complementos y temas populares de WordPress<\/li>\n<li>Actualizaciones regulares y atenci\u00f3n al cliente dedicada incluida con la compra.<\/li>\n<\/ul>\n","protected":false},"excerpt":{"rendered":"<p>PublishPress Permissions Pro es un complemento de WordPress de primer nivel y de primer nivel que ofrece una amplia gama de funcionalidades para capacitar a los propietarios de sitios web con un control incomparable sobre el acceso y los permisos de los usuarios en sus sitios web. Esta soluci\u00f3n de vanguardia proporciona un conjunto de caracter\u00edsticas que abarca todo lo que permite a los propietarios de sitios web definir e implementar roles de usuario personalizados, asignar meticulosamente los permisos granulares y restringir sin problemas el acceso al contenido y la funcionalidad para usuarios o roles espec\u00edficos. Adem\u00e1s, esta herramienta excepcional tambi\u00e9n faculta a los usuarios crear flujos de trabajo personalizados altamente sofisticados sin esfuerzo, aprobar o rechazar efectivamente el contenido con facilidad y configurar convenientemente notificaciones personalizadas para diversas acciones del usuario. Al aprovechar la potencia inigualable y la versatilidad de este complemento robusto, los propietarios de sitios web pueden afirmar la autoridad completa sobre sus sitios web y optimizar sin esfuerzo su proceso de gesti\u00f3n de contenido para lograr una eficiencia y productividad \u00f3ptimas.<\/p>\n","protected":false},"featured_media":167285,"comment_status":"open","ping_status":"open","template":"","meta":[],"product_brand":[2541],"product_cat":[1214,1206,1211],"product_tag":[2135],"class_list":{"0":"post-113697","1":"product","2":"type-product","3":"status-publish","4":"has-post-thumbnail","6":"product_brand-publishpress","7":"product_cat-personalizacion","8":"product_cat-plugins","9":"product_cat-wordpress-plugins","10":"product_tag-publishpress","11":"member-discount","12":"discount-restricted","14":"first","15":"instock","16":"sale","17":"downloadable","18":"virtual","19":"sold-individually","20":"purchasable","21":"product-type-simple"},"_links":{"self":[{"href":"https:\/\/gpl-love.com\/es\/wp-json\/wp\/v2\/product\/113697","targetHints":{"allow":["GET"]}}],"collection":[{"href":"https:\/\/gpl-love.com\/es\/wp-json\/wp\/v2\/product"}],"about":[{"href":"https:\/\/gpl-love.com\/es\/wp-json\/wp\/v2\/types\/product"}],"replies":[{"embeddable":true,"href":"https:\/\/gpl-love.com\/es\/wp-json\/wp\/v2\/comments?post=113697"}],"wp:featuredmedia":[{"embeddable":true,"href":"https:\/\/gpl-love.com\/es\/wp-json\/wp\/v2\/media\/167285"}],"wp:attachment":[{"href":"https:\/\/gpl-love.com\/es\/wp-json\/wp\/v2\/media?parent=113697"}],"wp:term":[{"taxonomy":"product_brand","embeddable":true,"href":"https:\/\/gpl-love.com\/es\/wp-json\/wp\/v2\/product_brand?post=113697"},{"taxonomy":"product_cat","embeddable":true,"href":"https:\/\/gpl-love.com\/es\/wp-json\/wp\/v2\/product_cat?post=113697"},{"taxonomy":"product_tag","embeddable":true,"href":"https:\/\/gpl-love.com\/es\/wp-json\/wp\/v2\/product_tag?post=113697"}],"curies":[{"name":"wp","href":"https:\/\/api.w.org\/{rel}","templated":true}]}}