{"id":113695,"date":"2026-01-23T00:00:00","date_gmt":"2026-01-23T05:00:00","guid":{"rendered":"http:\/\/gpl-love.com\/es\/?post_type=product&#038;p=113695"},"modified":"2026-03-30T11:15:49","modified_gmt":"2026-03-30T16:15:49","slug":"publishpress-checklists-pro","status":"publish","type":"product","link":"https:\/\/gpl-love.com\/es\/producto\/publishpress-checklists-pro\/","title":{"rendered":"PublishPress Checklists Pro 2.27.0"},"content":{"rendered":"<h3>PublishPress Checklists Pro Caracteristicas<\/h3>\n<p>PublishPress Checklists Pro es una herramienta indispensable para las personas que poseen un sitio web de WordPress y desean garantizar la calidad y consistencia de su contenido. Este complemento excepcionalmente robusto ofrece la capacidad de establecer listas de verificaci\u00f3n personalizadas que gu\u00eden de manera integral a los usuarios a lo largo de la totalidad del proceso de creaci\u00f3n de contenido, comenzando de ideaci\u00f3n y concluyendo con la publicaci\u00f3n. En particular, estas listas de verificaci\u00f3n se pueden adaptar para cada etapa cardinal del proceso, que abarca la investigaci\u00f3n, la escritura, la edici\u00f3n y la optimizaci\u00f3n de SEO. Adem\u00e1s, una variedad de caracter\u00edsticas notables, que incluyen el seguimiento del progreso, la asignaci\u00f3n de tareas y los recordatorios de correo electr\u00f3nico, est\u00e1n integrados dentro del complemento, lo que facilita sin problemas la gesti\u00f3n efectiva del flujo de trabajo de creaci\u00f3n de contenido de uno. Al aprovechar las notables capacidades de PublishPress Checklists Pro, los propietarios de sitios web pueden verificar con confianza que cada pieza de contenido que publican se caracteriza por una excelencia incomparable mientras se alinean con sus est\u00e1ndares y criterios \u00fanicos.<\/p>\n<ul>\n<li>Creaci\u00f3n f\u00e1cil y gesti\u00f3n de listas de verificaci\u00f3n para WordPress<\/li>\n<li>Asegurar la consistencia y la precisi\u00f3n en la creaci\u00f3n de contenido<\/li>\n<li>Listas de verificaci\u00f3n personalizables para flujos de trabajo y procesos espec\u00edficos<\/li>\n<li>M\u00faltiples plantillas de la lista de verificaci\u00f3n para elegir o crear las suyas propias<\/li>\n<li>Asignar listas de verificaci\u00f3n a usuarios o roles espec\u00edficos<\/li>\n<li>Rastrear el progreso y la finalizaci\u00f3n de los elementos de la lista de verificaci\u00f3n<\/li>\n<li>Haga cumplir autom\u00e1ticamente la finalizaci\u00f3n de la lista de verificaci\u00f3n antes de publicar contenido<\/li>\n<li>Integraci\u00f3n con otros complementos PublishPress Pro para un flujo de trabajo optimizado<\/li>\n<li>Garant\u00eda de devoluci\u00f3n de dinero de 30 d\u00edas para la tranquilidad<\/li>\n<\/ul>\n","protected":false},"excerpt":{"rendered":"<p>PublishPress Checklists Pro es una soluci\u00f3n de administraci\u00f3n de contenido incre\u00edblemente robusta y rica en funciones dise\u00f1ada espec\u00edficamente para WordPress. Proporciona una amplia gama de herramientas y funcionalidades que permiten a los usuarios administrar y publicar efectivamente su contenido. Una de las caracter\u00edsticas destacadas de las Listas de verificaci\u00f3n Pro es su capacidad para crear e implementar listas de verificaci\u00f3n en todo el proceso de creaci\u00f3n de contenido. Estas listas de verificaci\u00f3n se aseguran de que cada publicaci\u00f3n est\u00e9 meticulosamente optimizada para la optimizaci\u00f3n de motores de b\u00fasqueda (SEO), formateado correctamente y se adhiera a todas las pautas relevantes. Al utilizar estas listas de verificaci\u00f3n, los creadores de contenido pueden mejorar significativamente la calidad y la efectividad de su contenido. Adem\u00e1s, la lista de verificaci\u00f3n Pro ofrece flujos de trabajo altamente personalizables que se pueden adaptar para satisfacer las necesidades y preferencias espec\u00edficas de los usuarios individuales. Esta flexibilidad permite una colaboraci\u00f3n sin problemas del equipo y garantiza que todos los involucrados en el proceso de creaci\u00f3n de contenido est\u00e9n en la misma p\u00e1gina.<\/p>\n","protected":false},"featured_media":167284,"comment_status":"open","ping_status":"open","template":"","meta":[],"product_brand":[2541],"product_cat":[1214,1206,1211],"product_tag":[2135],"class_list":{"0":"post-113695","1":"product","2":"type-product","3":"status-publish","4":"has-post-thumbnail","6":"product_brand-publishpress","7":"product_cat-personalizacion","8":"product_cat-plugins","9":"product_cat-wordpress-plugins","10":"product_tag-publishpress","11":"member-discount","12":"discount-restricted","14":"first","15":"instock","16":"sale","17":"downloadable","18":"virtual","19":"sold-individually","20":"purchasable","21":"product-type-simple"},"_links":{"self":[{"href":"https:\/\/gpl-love.com\/es\/wp-json\/wp\/v2\/product\/113695","targetHints":{"allow":["GET"]}}],"collection":[{"href":"https:\/\/gpl-love.com\/es\/wp-json\/wp\/v2\/product"}],"about":[{"href":"https:\/\/gpl-love.com\/es\/wp-json\/wp\/v2\/types\/product"}],"replies":[{"embeddable":true,"href":"https:\/\/gpl-love.com\/es\/wp-json\/wp\/v2\/comments?post=113695"}],"wp:featuredmedia":[{"embeddable":true,"href":"https:\/\/gpl-love.com\/es\/wp-json\/wp\/v2\/media\/167284"}],"wp:attachment":[{"href":"https:\/\/gpl-love.com\/es\/wp-json\/wp\/v2\/media?parent=113695"}],"wp:term":[{"taxonomy":"product_brand","embeddable":true,"href":"https:\/\/gpl-love.com\/es\/wp-json\/wp\/v2\/product_brand?post=113695"},{"taxonomy":"product_cat","embeddable":true,"href":"https:\/\/gpl-love.com\/es\/wp-json\/wp\/v2\/product_cat?post=113695"},{"taxonomy":"product_tag","embeddable":true,"href":"https:\/\/gpl-love.com\/es\/wp-json\/wp\/v2\/product_tag?post=113695"}],"curies":[{"name":"wp","href":"https:\/\/api.w.org\/{rel}","templated":true}]}}