{"id":113693,"date":"2026-03-25T00:00:00","date_gmt":"2026-03-25T05:00:00","guid":{"rendered":"http:\/\/gpl-love.com\/es\/?post_type=product&#038;p=113693"},"modified":"2026-04-10T11:22:26","modified_gmt":"2026-04-10T16:22:26","slug":"publishpress-capabilities-pro","status":"publish","type":"product","link":"https:\/\/gpl-love.com\/es\/producto\/publishpress-capabilities-pro\/","title":{"rendered":"PublishPress Capabilities Pro 2.42.0"},"content":{"rendered":"<h3>PublishPress Capabilities Pro Caracteristicas<\/h3>\n<p>PublishPress Capacility Pro es un complemento extremadamente robusto que ha sido meticulosamente dise\u00f1ado para satisfacer las necesidades espec\u00edficas de los sitios web de WordPress, lo que le permite regir y supervisar el acceso y los permisos de los usuarios. Al aprovechar el potencial de este complemento excepcional, obtiene la capacidad de adaptar sin esfuerzo los roles de los usuarios para que coincidan con sus requisitos, roles a medida de moda y administre diligentemente permisos para cada papel distinto en su estimado sitio web. Adem\u00e1s, este complemento le otorga una interfaz notablemente f\u00e1cil de usar, lo que lo equipa con las herramientas necesarias para regular sin problemas el acceso a publicaciones, p\u00e1ginas, tipos de publicaciones personalizadas e incluso secciones altamente espec\u00edficas de su sitio web. Ya sea que su intenci\u00f3n es limitar el acceso al contenido clasificado o otorgar a un grupo selecto de personas con un mayor control sobre su sitio web, publicar capacidades profesionales se destaca como una soluci\u00f3n que todo lo abarca, repleta de una amplia gama de herramientas que facilitan h\u00e1bilmente el manejo eficaz de Acceso de usuario y fortificaci\u00f3n de seguridad en su apreciado sitio de WordPress.<\/p>\n<ul>\n<li>Control avanzado sobre los roles y permisos de los usuarios en los sitios web de WordPress<\/li>\n<li>Capacidad para crear roles de usuario personalizados y asignar capacidades espec\u00edficas<\/li>\n<li>Control de grano fino sobre la edici\u00f3n de contenido, la publicaci\u00f3n y los permisos de gesti\u00f3n<\/li>\n<li>Interfaz f\u00e1cil de usar para administrar roles y capacidades de los usuarios<\/li>\n<li>Compatible con los populares constructores y complementos de la p\u00e1gina de WordPress<\/li>\n<li>Flujo de trabajo optimizado para colaboraci\u00f3n y gesti\u00f3n de contenido<\/li>\n<li>Aumento de la seguridad y protecci\u00f3n contra el acceso o edici\u00f3n no autorizados del contenido<\/li>\n<li>Opciones de precios flexibles que incluyen licencias personales, comerciales y de agencia<\/li>\n<li>Acceso a actualizaciones continuas y soporte del equipo PublishPress.<\/li>\n<\/ul>\n","protected":false},"excerpt":{"rendered":"<p>PublishPress Capacility Pro es un complemento muy robusto y eficiente que brinda a los usuarios la capacidad de personalizar y adaptar ampliamente sus roles y permisos de usuarios de WordPress. Al utilizar este complemento, las personas pueden ejercer un control preciso sobre el acceso a varias \u00e1reas de su sitio web, decidir estrat\u00e9gicamente qui\u00e9n posee la autoridad para publicar, editar o eliminar contenido, as\u00ed como administrar efectivamente los permisos para usuarios espec\u00edficos y roles. Adem\u00e1s, este notable complemento faculta a los usuarios crear roles de usuario personalizados sin esfuerzo que vienen equipados con capacidades altamente espec\u00edficas, que luego se pueden asignar sin esfuerzo a los usuarios designados. Ya sea que sea el propietario de un blog modesto o el jefe de un negocio en l\u00ednea pr\u00f3spero, la utilizaci\u00f3n de las capacidades PublishPress Pro est\u00e1 garantizada para aliviar significativamente la carga de administrar los permisos de los usuarios, al tiempo que refuerza la seguridad general de su sitio web.<\/p>\n","protected":false},"featured_media":167283,"comment_status":"open","ping_status":"open","template":"","meta":[],"product_brand":[2541],"product_cat":[1214,1206,1211],"product_tag":[2135],"class_list":{"0":"post-113693","1":"product","2":"type-product","3":"status-publish","4":"has-post-thumbnail","6":"product_brand-publishpress","7":"product_cat-personalizacion","8":"product_cat-plugins","9":"product_cat-wordpress-plugins","10":"product_tag-publishpress","11":"member-discount","12":"discount-restricted","14":"first","15":"instock","16":"sale","17":"downloadable","18":"virtual","19":"sold-individually","20":"purchasable","21":"product-type-simple"},"_links":{"self":[{"href":"https:\/\/gpl-love.com\/es\/wp-json\/wp\/v2\/product\/113693","targetHints":{"allow":["GET"]}}],"collection":[{"href":"https:\/\/gpl-love.com\/es\/wp-json\/wp\/v2\/product"}],"about":[{"href":"https:\/\/gpl-love.com\/es\/wp-json\/wp\/v2\/types\/product"}],"replies":[{"embeddable":true,"href":"https:\/\/gpl-love.com\/es\/wp-json\/wp\/v2\/comments?post=113693"}],"wp:featuredmedia":[{"embeddable":true,"href":"https:\/\/gpl-love.com\/es\/wp-json\/wp\/v2\/media\/167283"}],"wp:attachment":[{"href":"https:\/\/gpl-love.com\/es\/wp-json\/wp\/v2\/media?parent=113693"}],"wp:term":[{"taxonomy":"product_brand","embeddable":true,"href":"https:\/\/gpl-love.com\/es\/wp-json\/wp\/v2\/product_brand?post=113693"},{"taxonomy":"product_cat","embeddable":true,"href":"https:\/\/gpl-love.com\/es\/wp-json\/wp\/v2\/product_cat?post=113693"},{"taxonomy":"product_tag","embeddable":true,"href":"https:\/\/gpl-love.com\/es\/wp-json\/wp\/v2\/product_tag?post=113693"}],"curies":[{"name":"wp","href":"https:\/\/api.w.org\/{rel}","templated":true}]}}