{"id":113691,"date":"2026-04-21T00:00:00","date_gmt":"2026-04-21T05:00:00","guid":{"rendered":"http:\/\/gpl-love.com\/es\/?post_type=product&#038;p=113691"},"modified":"2026-04-21T11:16:06","modified_gmt":"2026-04-21T16:16:06","slug":"publishpress-authors-pro","status":"publish","type":"product","link":"https:\/\/gpl-love.com\/es\/producto\/publishpress-authors-pro\/","title":{"rendered":"PublishPress Authors Pro 4.14.0"},"content":{"rendered":"<h3>PublishPress Authors Pro Caracteristicas<\/h3>\n<p>PublishPress Authors Pro Plugin ofrece a los propietarios y gerentes de sitios web una soluci\u00f3n de gesti\u00f3n de contenido robusta y eficiente, facilitando la gesti\u00f3n perfecta de autores y contribuyentes. Su amplia gama de caracter\u00edsticas permite a los usuarios establecer perfiles de autores personalizados, administrar permisos y roles, y monitorear el rendimiento del contenido. Adem\u00e1s, el complemento permite la creaci\u00f3n de BIOS de autor, que se puede incorporar a varias p\u00e1ginas del sitio web, proporcionando as\u00ed a los lectores un contexto invaluable que rodea el contenido que est\u00e1n leyendo. Independientemente de si uno est\u00e1 operando un blog, un sitio de noticias o una revista en l\u00ednea, la indispensabilidad de PublishPress Authors Pro como una herramienta para supervisar efectivamente un equipo de contribuyentes y generar contenido de primer nivel no puede ser exagerada.<\/p>\n<ul>\n<li>Administre m\u00faltiples autores dentro de su sitio de WordPress con facilidad<\/li>\n<li>Establecer perfiles y biograf\u00edas de autores personalizados<\/li>\n<li>Controlar qu\u00e9 autores pueden publicar, editar o moderar contenido<\/li>\n<li>Asignar autores a categor\u00edas o etiquetas espec\u00edficas<\/li>\n<li>Crear y administrar autores invitados para contribuciones \u00fanicas<\/li>\n<li>Programe contenido para ser publicado en una hora y fecha espec\u00edficas<\/li>\n<li>Revisar y aprobar las presentaciones del autor antes de publicar<\/li>\n<li>Personalizar los permisos y roles de los autores para que se ajusten a su flujo de trabajo de publicaci\u00f3n<\/li>\n<li>Proporciona una interfaz f\u00e1cil de usar para administrar tareas relacionadas con el autor<\/li>\n<li>Se integra a la perfecci\u00f3n con temas y complementos populares de WordPress.<\/li>\n<\/ul>\n","protected":false},"excerpt":{"rendered":"<p>El producto conocido como PublishPress Authors Pro ha sido dise\u00f1ado espec\u00edficamente para optimizar la tarea a menudo ardua de administrar m\u00faltiples autores en un sitio de WordPress. A trav\u00e9s de la utilizaci\u00f3n de esta herramienta innovadora, los administradores del sitio tienen la capacidad de crear y asignar diversos roles a sus autores, administrar efectivamente sus perfiles y ejercer control sobre su acceso al contenido. Adem\u00e1s, Authors Pro viene equipado con una variedad de herramientas de colaboraci\u00f3n invaluables, como la inclusi\u00f3n de notas y comentarios editoriales, as\u00ed como la opci\u00f3n conveniente para establecer perfiles de autores completos con enlaces de redes sociales y biograf\u00edas atractivas. Al optimizar efectivamente el proceso de gesti\u00f3n de los autores, los autores Pro alivian con \u00e9xito las curvas demandas impuestas a los administradores del sitio, brind\u00e1ndoles la oportunidad de asignar su precioso tiempo y esfuerzo hacia el objetivo cr\u00edtico de publicar contenido de alta calidad y de alta calidad.<\/p>\n","protected":false},"featured_media":167281,"comment_status":"open","ping_status":"open","template":"","meta":[],"product_brand":[2541],"product_cat":[1214,1206,1211],"product_tag":[2135],"class_list":{"0":"post-113691","1":"product","2":"type-product","3":"status-publish","4":"has-post-thumbnail","6":"product_brand-publishpress","7":"product_cat-personalizacion","8":"product_cat-plugins","9":"product_cat-wordpress-plugins","10":"product_tag-publishpress","11":"member-discount","12":"discount-restricted","14":"first","15":"instock","16":"sale","17":"downloadable","18":"virtual","19":"sold-individually","20":"purchasable","21":"product-type-simple"},"_links":{"self":[{"href":"https:\/\/gpl-love.com\/es\/wp-json\/wp\/v2\/product\/113691","targetHints":{"allow":["GET"]}}],"collection":[{"href":"https:\/\/gpl-love.com\/es\/wp-json\/wp\/v2\/product"}],"about":[{"href":"https:\/\/gpl-love.com\/es\/wp-json\/wp\/v2\/types\/product"}],"replies":[{"embeddable":true,"href":"https:\/\/gpl-love.com\/es\/wp-json\/wp\/v2\/comments?post=113691"}],"wp:featuredmedia":[{"embeddable":true,"href":"https:\/\/gpl-love.com\/es\/wp-json\/wp\/v2\/media\/167281"}],"wp:attachment":[{"href":"https:\/\/gpl-love.com\/es\/wp-json\/wp\/v2\/media?parent=113691"}],"wp:term":[{"taxonomy":"product_brand","embeddable":true,"href":"https:\/\/gpl-love.com\/es\/wp-json\/wp\/v2\/product_brand?post=113691"},{"taxonomy":"product_cat","embeddable":true,"href":"https:\/\/gpl-love.com\/es\/wp-json\/wp\/v2\/product_cat?post=113691"},{"taxonomy":"product_tag","embeddable":true,"href":"https:\/\/gpl-love.com\/es\/wp-json\/wp\/v2\/product_tag?post=113691"}],"curies":[{"name":"wp","href":"https:\/\/api.w.org\/{rel}","templated":true}]}}