{"id":113689,"date":"2022-11-27T00:00:00","date_gmt":"2022-11-27T05:00:00","guid":{"rendered":"http:\/\/gpl-love.com\/es\/?post_type=product&#038;p=113689"},"modified":"2026-03-09T08:01:29","modified_gmt":"2026-03-09T13:01:29","slug":"portfolio-manager-pro-responsive-portfolio-y-gallery","status":"publish","type":"product","link":"https:\/\/gpl-love.com\/es\/producto\/portfolio-manager-pro-responsive-portfolio-y-gallery\/","title":{"rendered":"Portfolio Manager Pro Responsive Portfolio y Gallery 3.7"},"content":{"rendered":"<h3>Portfolio Manager Pro Responsive Portfolio y Gallery Caracteristicas<\/h3>\n<p>Portfolio Manager Pro es una herramienta notablemente receptiva y notablemente vers\u00e1til para la gesti\u00f3n de cartera y galer\u00eda, ideal para fot\u00f3grafos y dise\u00f1adores profesionales en una amplia gama de industrias. Su interfaz es incre\u00edblemente intuitiva, lo que permite a los usuarios cargar, organizar y exhibir sus esfuerzos creativos de una manera visualmente cautivadora y atractiva. La herramienta cuenta con una gran cantidad de opciones de personalizaci\u00f3n, otorgando a los usuarios la capacidad de personalizar la apariencia de sus carteras para alinearse perfectamente con su marca y su estilo art\u00edstico deseado. Ya sea presentada como una galer\u00eda independiente o integrada sin problemas en un sitio web, el gerente de cartera profesional profesa a las personas exhibir sin esfuerzo sus talentos excepcionales y su atenci\u00f3n sin esfuerzo a posibles clientes.<\/p>\n<ul>\n<li>Dise\u00f1o totalmente receptivo para una f\u00e1cil visualizaci\u00f3n de todos los dispositivos<\/li>\n<li>Gesti\u00f3n de cartera y galer\u00eda con categor\u00edas e im\u00e1genes ilimitadas<\/li>\n<li>Dise\u00f1o y cuadr\u00edculas personalizables para adaptarse a su marca y estilo<\/li>\n<li>Efecto de la caja de luz para una mejor experiencia del usuario al ver im\u00e1genes<\/li>\n<li>Funcionalidad de carga de im\u00e1genes m\u00faltiple y arrastrar y soltar para una organizaci\u00f3n f\u00e1cil<\/li>\n<li>Opciones de intercambio de redes sociales para promocionar y compartir su trabajo<\/li>\n<li>URL con SEO y optimizaci\u00f3n de im\u00e1genes para una mejor clasificaci\u00f3n de motores de b\u00fasqueda<\/li>\n<li>Compatibilidad de WooCommerce para monetizar su cartera o vender productos digitales<\/li>\n<li>Opciones de visualizaci\u00f3n flexible que incluyen mamposter\u00eda, carrusel y m\u00e1s<\/li>\n<li>Interfaz f\u00e1cil de usar para una f\u00e1cil configuraci\u00f3n y personalizaci\u00f3n<\/li>\n<\/ul>\n","protected":false},"excerpt":{"rendered":"<p>Portfolio Manager Pro es una herramienta sumamente completa y altamente receptiva que le permite la capacidad de crear y administrar sin esfuerzo carteras y galer\u00edas extremadamente profesionales para su estimado sitio web. Bendecido con una interfaz exquisitamente f\u00e1cil de usar, un dise\u00f1o intuitivamente cautivador y una extensa variedad de opciones de personalizaci\u00f3n a medida, este complemento excepcional hace que el proceso de presentaci\u00f3n de su trabajo ejemplar de una manera \u00f3ptima y visualmente impresionante sea una exceso. Independientemente de si te encuentras inmerso en el reino cautivador de la fotograf\u00eda, apasionadamente incursionando en los \u00e1mbitos del dise\u00f1o, o proclamando con orgullo tu destreza art\u00edstica, Portfolio Manager Pro se destaca como la soluci\u00f3n ideal para mostrar magn\u00edficamente tus innumerables talentos y cautivar sin esfuerzo y asombrar tu estimaci\u00f3n audiencia.<\/p>\n","protected":false},"featured_media":167238,"comment_status":"open","ping_status":"open","template":"","meta":[],"product_brand":[2339],"product_cat":[1214,1206,1211],"product_tag":[1256],"class_list":{"0":"post-113689","1":"product","2":"type-product","3":"status-publish","4":"has-post-thumbnail","6":"product_brand-codecanyon","7":"product_cat-personalizacion","8":"product_cat-plugins","9":"product_cat-wordpress-plugins","10":"product_tag-codecanyon","11":"member-discount","12":"discount-restricted","14":"first","15":"instock","16":"sale","17":"downloadable","18":"virtual","19":"sold-individually","20":"purchasable","21":"product-type-simple"},"_links":{"self":[{"href":"https:\/\/gpl-love.com\/es\/wp-json\/wp\/v2\/product\/113689","targetHints":{"allow":["GET"]}}],"collection":[{"href":"https:\/\/gpl-love.com\/es\/wp-json\/wp\/v2\/product"}],"about":[{"href":"https:\/\/gpl-love.com\/es\/wp-json\/wp\/v2\/types\/product"}],"replies":[{"embeddable":true,"href":"https:\/\/gpl-love.com\/es\/wp-json\/wp\/v2\/comments?post=113689"}],"wp:featuredmedia":[{"embeddable":true,"href":"https:\/\/gpl-love.com\/es\/wp-json\/wp\/v2\/media\/167238"}],"wp:attachment":[{"href":"https:\/\/gpl-love.com\/es\/wp-json\/wp\/v2\/media?parent=113689"}],"wp:term":[{"taxonomy":"product_brand","embeddable":true,"href":"https:\/\/gpl-love.com\/es\/wp-json\/wp\/v2\/product_brand?post=113689"},{"taxonomy":"product_cat","embeddable":true,"href":"https:\/\/gpl-love.com\/es\/wp-json\/wp\/v2\/product_cat?post=113689"},{"taxonomy":"product_tag","embeddable":true,"href":"https:\/\/gpl-love.com\/es\/wp-json\/wp\/v2\/product_tag?post=113689"}],"curies":[{"name":"wp","href":"https:\/\/api.w.org\/{rel}","templated":true}]}}