{"id":113687,"date":"2024-02-10T00:00:00","date_gmt":"2024-02-10T05:00:00","guid":{"rendered":"http:\/\/gpl-love.com\/es\/?post_type=product&#038;p=113687"},"modified":"2026-04-10T11:16:37","modified_gmt":"2026-04-10T16:16:37","slug":"mikael-modern-y-creative-cv-resume-wordpress-theme","status":"publish","type":"product","link":"https:\/\/gpl-love.com\/es\/producto\/mikael-modern-y-creative-cv-resume-wordpress-theme\/","title":{"rendered":"Mikael Modern y Creative CV Resume WordPress Theme 1.0.6"},"content":{"rendered":"<h3>Mikael Modern y Creative CV Resume WordPress Theme Caracteristicas<\/h3>\n<p>Mikael Modern and Creative CV Reano WordPress El tema es una plantilla muy vers\u00e1til y exquisitamente dise\u00f1ada, que sirve como una plataforma notable para que los solicitantes de empleo exhiban su multitud de habilidades y experiencias extensas de una manera visualmente cautivadora. Este tema no solo cuenta con un dise\u00f1o moderno y elegante, sino que tambi\u00e9n cuenta con un dise\u00f1o f\u00e1cil de usar, ofreciendo as\u00ed una impresionante variedad de opciones de personalizaci\u00f3n que sin duda permitir\u00e1 que su CV se destaque sin esfuerzo en medio del mar de la competencia. Adem\u00e1s, el dise\u00f1o receptivo de este tema garantiza que su curr\u00edculum exude brillante y elegancia en todos los dispositivos, ya sea una computadora de escritorio, tableta o tel\u00e9fono inteligente. Adem\u00e1s, su c\u00f3digo meticulosamente optimizado y las funciones amigables con SEO funcionan armoniosamente para elevar su visibilidad en l\u00ednea, asegurando que los empleadores potenciales no tengan problemas para descubrir sus talentos excepcionales. Adem\u00e1s, este tema extraordinario abarca una mir\u00edada de widgets y complementos robustos, algunos de los cuales incluyen integraci\u00f3n de redes sociales sin interrupciones, formularios de contacto convenientes y cautivadoras secciones de cartera. Esta notable amalgamaci\u00f3n de caracter\u00edsticas lo convierte en una soluci\u00f3n que lo abarca todo, que atiende a las necesidades de todos los solicitantes de empleo que se esfuerzan por establecer una presencia en l\u00ednea verdaderamente profesional. En esencia, al utilizar las capacidades extraordinarias del tema de WordPress de CV moderno y creativo de Mikael, crear\u00e1 sin esfuerzo un curr\u00edculum impresionante con solo unos pocos clics, as\u00ed que se embarcar\u00e1 en la fase inicial de su ilustre viaje hacia el trabajo de sus sue\u00f1os.<\/p>\n<ul>\n<li>Dise\u00f1o moderno \u00fanico y llamativo<\/li>\n<li>Dise\u00f1o totalmente personalizable con opciones de arrastrar y soltar<\/li>\n<li>4 demostraciones predise\u00f1adas para elegir<\/li>\n<li>Dise\u00f1o de respuesta m\u00f3vil para una visualizaci\u00f3n \u00f3ptima en todos los dispositivos<\/li>\n<li>Integraci\u00f3n de las redes sociales para compartir su curr\u00edculum<\/li>\n<li>La navegaci\u00f3n f\u00e1cil de usar para una experiencia de usuario perfecta<\/li>\n<li>Esquemas de color personalizables para que coincidan con su marca personal<\/li>\n<li>Compatible con la \u00faltima versi\u00f3n y complementos de WordPress<\/li>\n<li>Complemento de compositor visual incluido para las opciones de creaci\u00f3n de p\u00e1ginas adicionales<\/li>\n<li>Opciones de tipograf\u00eda avanzada para el estilo profesional<\/li>\n<\/ul>\n","protected":false},"excerpt":{"rendered":"<p>El tema de WordPress de CV moderno y creativo de Mikael ofrece una soluci\u00f3n \u00f3ptima para las personas que buscan establecer un curr\u00edculum en l\u00ednea profesional y visualmente atractivo. Su dise\u00f1o optimizado y caracter\u00edsticas adaptables permiten la pantalla perfecta del conjunto de habilidades y el historial de trabajo a los posibles empleadores. Este tema abarca una variedad de opciones de dise\u00f1o, configuraciones de tipograf\u00eda y widgets personalizados, facilitando la creaci\u00f3n de un CV distintivo y de moda que refleja efectivamente la personalidad y las calificaciones de uno. Ya sea que uno se identifique como un profesional independiente, un buscador de empleo o un profesional con el objetivo de reforzar su presencia en l\u00ednea, el tema Mikael presenta una opci\u00f3n ejemplar para distinguirse en medio del panorama competitivo.<\/p>\n","protected":false},"featured_media":166780,"comment_status":"open","ping_status":"open","template":"","meta":[],"product_brand":[2337],"product_cat":[1267,1237,1238],"product_tag":[1391],"class_list":{"0":"post-113687","1":"product","2":"type-product","3":"status-publish","4":"has-post-thumbnail","6":"product_brand-themeforest","7":"product_cat-creativo","8":"product_cat-temas","9":"product_cat-wordpress-temas","10":"product_tag-themeforest","11":"member-discount","12":"discount-restricted","14":"first","15":"instock","16":"sale","17":"downloadable","18":"virtual","19":"sold-individually","20":"purchasable","21":"product-type-simple"},"_links":{"self":[{"href":"https:\/\/gpl-love.com\/es\/wp-json\/wp\/v2\/product\/113687","targetHints":{"allow":["GET"]}}],"collection":[{"href":"https:\/\/gpl-love.com\/es\/wp-json\/wp\/v2\/product"}],"about":[{"href":"https:\/\/gpl-love.com\/es\/wp-json\/wp\/v2\/types\/product"}],"replies":[{"embeddable":true,"href":"https:\/\/gpl-love.com\/es\/wp-json\/wp\/v2\/comments?post=113687"}],"wp:featuredmedia":[{"embeddable":true,"href":"https:\/\/gpl-love.com\/es\/wp-json\/wp\/v2\/media\/166780"}],"wp:attachment":[{"href":"https:\/\/gpl-love.com\/es\/wp-json\/wp\/v2\/media?parent=113687"}],"wp:term":[{"taxonomy":"product_brand","embeddable":true,"href":"https:\/\/gpl-love.com\/es\/wp-json\/wp\/v2\/product_brand?post=113687"},{"taxonomy":"product_cat","embeddable":true,"href":"https:\/\/gpl-love.com\/es\/wp-json\/wp\/v2\/product_cat?post=113687"},{"taxonomy":"product_tag","embeddable":true,"href":"https:\/\/gpl-love.com\/es\/wp-json\/wp\/v2\/product_tag?post=113687"}],"curies":[{"name":"wp","href":"https:\/\/api.w.org\/{rel}","templated":true}]}}