{"id":113685,"date":"2021-05-26T00:00:00","date_gmt":"2021-05-26T05:00:00","guid":{"rendered":"http:\/\/gpl-love.com\/es\/?post_type=product&#038;p=113685"},"modified":"2026-03-13T17:24:19","modified_gmt":"2026-03-13T22:24:19","slug":"medicalpress-health-y-medical-wordpress-theme","status":"publish","type":"product","link":"https:\/\/gpl-love.com\/es\/producto\/medicalpress-health-y-medical-wordpress-theme\/","title":{"rendered":"MedicalPress Health y Medical WordPress Theme 3.5.0"},"content":{"rendered":"<h3>MedicalPress Health y Medical WordPress Theme Caracteristicas<\/h3>\n<p>El tema MedicalPress Health and Medical WordPress es una herramienta incre\u00edblemente potente y multifac\u00e9tica que ha sido meticulosamente elaborada con la intenci\u00f3n de satisfacer las necesidades de los expertos en salud y los establecimientos m\u00e9dicos. Con un dise\u00f1o elegante y contempor\u00e1neo, este notable tema faculta a los usuarios a la moda sin esfuerzo visualmente impresionantes sitios web que se pueden personalizar al contenido de su coraz\u00f3n, ofreciendo una gran cantidad de caracter\u00edsticas especializadas como sistemas de reserva de citas, perfiles m\u00e9dicos y testimonios de pacientes. Adem\u00e1s, MedicalPress equipa a sus usuarios con una amplia gama de opciones de personalizaci\u00f3n, facilitando as\u00ed la adaptaci\u00f3n perfecta de los sitios web para adaptarse a requisitos espec\u00edficos, mientras que su dise\u00f1o receptivo garantiza una experiencia visualmente agradable, independientemente del dispositivo que se utilice. Ya sea la operaci\u00f3n de una cl\u00ednica, un hospital o la provisi\u00f3n de servicios m\u00e9dicos, MedicalPress inequ\u00edvocamente se presenta como la soluci\u00f3n por excelencia para la creaci\u00f3n de una presencia en l\u00ednea robusta y pulida de la m\u00e1xima profesionalidad.<\/p>\n<ul>\n<li>Tema de WordPress altamente personalizable dise\u00f1ado espec\u00edficamente para sitios web m\u00e9dicos y de salud<\/li>\n<li>Incluye una amplia gama de caracter\u00edsticas y funcionalidades incorporadas, que incluyen reserva de citas, perfiles de m\u00e9dico, testimonios de pacientes y m\u00e1s<\/li>\n<li>El dise\u00f1o totalmente receptivo garantiza que su sitio web se vea muy bien en cualquier dispositivo, desde escritorios hasta tel\u00e9fonos inteligentes.<\/li>\n<li>Compatible con una gama de complementos populares de WordPress, como WooCommerce, BuddyPress, Calendario de eventos y m\u00e1s<\/li>\n<li>Incluye m\u00e1s de 20 plantillas de p\u00e1gina predise\u00f1adas para ayudarlo a poner en funcionamiento su sitio web de manera r\u00e1pida y f\u00e1cil.<\/li>\n<li>Las opciones de personalizaci\u00f3n avanzada le permiten ajustar y ajustar f\u00e1cilmente el dise\u00f1o y el dise\u00f1o de su sitio para satisfacer sus necesidades exactas<\/li>\n<li>Construido con t\u00e9cnicas modernas de desarrollo web, asegurando tiempos de carga r\u00e1pidos y un rendimiento suave<\/li>\n<li>Incluye documentaci\u00f3n detallada y soporte integral, incluido el acceso a un foro de soporte dedicado y soporte de correo electr\u00f3nico individual<\/li>\n<li>Actualizaciones y mejoras peri\u00f3dicas aseguran que su sitio web se mantenga actualizado con las \u00faltimas tecnolog\u00edas web y las mejores pr\u00e1cticas<\/li>\n<\/ul>\n","protected":false},"excerpt":{"rendered":"<p>El tema MedicalPress Health and Medical WordPress, que tiene un costo premium, se adapta expl\u00edcitamente para organizaciones de atenci\u00f3n m\u00e9dica, cl\u00ednicas m\u00e9dicas, hospitales, dentistas y otros profesionales de la salud. Con un dise\u00f1o elegante y contempor\u00e1neo, este tema abarca una variedad de caracter\u00edsticas que facilitan la gesti\u00f3n perfecta de su sitio web m\u00e9dico. Estas caracter\u00edsticas incluyen reserva de citas, formularios de pacientes, perfiles de personal y m\u00e1s. Adem\u00e1s, este tema es optimizado de motores de b\u00fasqueda (SEO) y hace alarde de una interfaz f\u00e1cil de usar, asegurando una f\u00e1cil personalizaci\u00f3n y uso, incluso para las personas que carecen de experiencia en codificaci\u00f3n. Al aprovechar el poder del tema MedicalPress, puede crear sin esfuerzo un sitio web visualmente agradable que resalte efectivamente su pr\u00e1ctica m\u00e9dica, fomentando as\u00ed la confianza entre sus pacientes.<\/p>\n","protected":false},"featured_media":166725,"comment_status":"open","ping_status":"open","template":"","meta":[],"product_brand":[2337],"product_cat":[1307,1237,1238],"product_tag":[1391],"class_list":{"0":"post-113685","1":"product","2":"type-product","3":"status-publish","4":"has-post-thumbnail","6":"product_brand-themeforest","7":"product_cat-negocio-wordpress-temas","8":"product_cat-temas","9":"product_cat-wordpress-temas","10":"product_tag-themeforest","11":"member-discount","12":"discount-restricted","14":"first","15":"instock","16":"sale","17":"downloadable","18":"virtual","19":"sold-individually","20":"purchasable","21":"product-type-simple"},"_links":{"self":[{"href":"https:\/\/gpl-love.com\/es\/wp-json\/wp\/v2\/product\/113685","targetHints":{"allow":["GET"]}}],"collection":[{"href":"https:\/\/gpl-love.com\/es\/wp-json\/wp\/v2\/product"}],"about":[{"href":"https:\/\/gpl-love.com\/es\/wp-json\/wp\/v2\/types\/product"}],"replies":[{"embeddable":true,"href":"https:\/\/gpl-love.com\/es\/wp-json\/wp\/v2\/comments?post=113685"}],"wp:featuredmedia":[{"embeddable":true,"href":"https:\/\/gpl-love.com\/es\/wp-json\/wp\/v2\/media\/166725"}],"wp:attachment":[{"href":"https:\/\/gpl-love.com\/es\/wp-json\/wp\/v2\/media?parent=113685"}],"wp:term":[{"taxonomy":"product_brand","embeddable":true,"href":"https:\/\/gpl-love.com\/es\/wp-json\/wp\/v2\/product_brand?post=113685"},{"taxonomy":"product_cat","embeddable":true,"href":"https:\/\/gpl-love.com\/es\/wp-json\/wp\/v2\/product_cat?post=113685"},{"taxonomy":"product_tag","embeddable":true,"href":"https:\/\/gpl-love.com\/es\/wp-json\/wp\/v2\/product_tag?post=113685"}],"curies":[{"name":"wp","href":"https:\/\/api.w.org\/{rel}","templated":true}]}}