{"id":113683,"date":"2021-05-26T00:00:00","date_gmt":"2021-05-26T05:00:00","guid":{"rendered":"http:\/\/gpl-love.com\/es\/?post_type=product&#038;p=113683"},"modified":"2026-03-13T17:23:53","modified_gmt":"2026-03-13T22:23:53","slug":"luxa-luxury-black-multipurpose-wordpress-theme","status":"publish","type":"product","link":"https:\/\/gpl-love.com\/es\/producto\/luxa-luxury-black-multipurpose-wordpress-theme\/","title":{"rendered":"Luxa Luxury Black MultiPurpose WordPress Theme 1.1.9"},"content":{"rendered":"<h3>Luxa Luxury Black MultiPurpose WordPress Theme Caracteristicas<\/h3>\n<p>Luxa Luxury Black Multipurpose WordPress Temo es un tema de WordPress excepcional y de alta calidad que ha sido creado cuidadosamente para las personas que desean establecer sitios web que exuden profesionalismo y elegancia. Con un dise\u00f1o elegante y elegante, este tema est\u00e1 hecho a medida para empresas, agencias e individuos que anhelan mostrar sus productos o servicios de la manera m\u00e1s refinada y sofisticada. Luxa se enorgullece de presentar a los usuarios un potente constructor de p\u00e1ginas de arrastrar y soltar, facilitando as\u00ed la personalizaci\u00f3n perfecta de los sitios web sin necesitar ninguna experiencia de programaci\u00f3n. Adem\u00e1s, este tema es totalmente receptivo, lo que garantiza que su sitio web irradiar\u00e1 la excelencia y apele a trav\u00e9s de una variedad de dispositivos. Adem\u00e1s de estos atributos encomiables, Luxa abarca una mir\u00edada de caracter\u00edsticas impresionantes, incluidos varios estilos de encabezado, cartera vers\u00e1til y dise\u00f1os de blog, y una variedad de opciones de personalizaci\u00f3n, todo culminante en un sitio web que es realmente \u00fanico. Sin lugar a dudas, el tema de WordPress de m\u00faltiples negros de lujo de lujo es la elecci\u00f3n definitiva para aquellos que buscan un sitio web contempor\u00e1neo y sofisticado que indudablemente dejar\u00e1 una impresi\u00f3n duradera en sus estimados visitantes.<\/p>\n<ul>\n<li>Dise\u00f1o elegante y profesional adecuado para varios sitios web e industrias<\/li>\n<li>M\u00faltiples p\u00e1ginas de inicio predise\u00f1adas disponibles para una configuraci\u00f3n r\u00e1pida<\/li>\n<li>Compatible con complementos populares como WooCommerce y el Formulario de contacto 7<\/li>\n<li>Arrastre y suelte el constructor de p\u00e1ginas para una f\u00e1cil personalizaci\u00f3n<\/li>\n<li>Dise\u00f1o totalmente receptivo para una visualizaci\u00f3n \u00f3ptima en todos los dispositivos<\/li>\n<li>SEO optimizado para una mejor clasificaci\u00f3n de motores de b\u00fasqueda<\/li>\n<li>Traducci\u00f3n lista con soporte para varios idiomas<\/li>\n<li>Actualizaciones regulares y atenci\u00f3n al cliente dedicada del equipo de Luxa<\/li>\n<li>Caracter\u00edsticas premium que incluyen Slider Revolution, Mega Menu e Font Awesome Icons incluidos<\/li>\n<li>Importaci\u00f3n de demostraci\u00f3n de un solo clic para una instalaci\u00f3n simple<\/li>\n<\/ul>\n","protected":false},"excerpt":{"rendered":"<p>Nos complace presentar a Luxa, el mejor tema de WordPress que exuda un toque de opulencia. Con un dise\u00f1o negro sofisticado y un dise\u00f1o vers\u00e1til, Luxa atiende a una amplia gama de prop\u00f3sitos, por lo que es la opci\u00f3n ideal para personas de diversos or\u00edgenes, ya sea un blogger de moda o un propietario de una empresa a peque\u00f1a escala. Este tema premium presenta una variedad de caracter\u00edsticas notables, que incluyen m\u00faltiples p\u00e1ginas de inicio y dise\u00f1os de blog, widgets personalizables y un panel administrativo robusto que le permite personalizar todos los aspectos de su sitio web. Adem\u00e1s, el dise\u00f1o receptivo de Luxa garantiza una experiencia de visualizaci\u00f3n excepcional en todos los dispositivos, asegurando que su audiencia reciba la mayor satisfacci\u00f3n. Eleve su presencia en l\u00ednea actualizando a Luxa y presenciar su sitio web se eleva a nuevas alturas.<\/p>\n","protected":false},"featured_media":166642,"comment_status":"open","ping_status":"open","template":"","meta":[],"product_brand":[2337],"product_cat":[1239,1237,1238],"product_tag":[1391],"class_list":{"0":"post-113683","1":"product","2":"type-product","3":"status-publish","4":"has-post-thumbnail","6":"product_brand-themeforest","7":"product_cat-de-multiples-fines","8":"product_cat-temas","9":"product_cat-wordpress-temas","10":"product_tag-themeforest","11":"member-discount","12":"discount-restricted","14":"first","15":"instock","16":"sale","17":"downloadable","18":"virtual","19":"sold-individually","20":"purchasable","21":"product-type-simple"},"_links":{"self":[{"href":"https:\/\/gpl-love.com\/es\/wp-json\/wp\/v2\/product\/113683","targetHints":{"allow":["GET"]}}],"collection":[{"href":"https:\/\/gpl-love.com\/es\/wp-json\/wp\/v2\/product"}],"about":[{"href":"https:\/\/gpl-love.com\/es\/wp-json\/wp\/v2\/types\/product"}],"replies":[{"embeddable":true,"href":"https:\/\/gpl-love.com\/es\/wp-json\/wp\/v2\/comments?post=113683"}],"wp:featuredmedia":[{"embeddable":true,"href":"https:\/\/gpl-love.com\/es\/wp-json\/wp\/v2\/media\/166642"}],"wp:attachment":[{"href":"https:\/\/gpl-love.com\/es\/wp-json\/wp\/v2\/media?parent=113683"}],"wp:term":[{"taxonomy":"product_brand","embeddable":true,"href":"https:\/\/gpl-love.com\/es\/wp-json\/wp\/v2\/product_brand?post=113683"},{"taxonomy":"product_cat","embeddable":true,"href":"https:\/\/gpl-love.com\/es\/wp-json\/wp\/v2\/product_cat?post=113683"},{"taxonomy":"product_tag","embeddable":true,"href":"https:\/\/gpl-love.com\/es\/wp-json\/wp\/v2\/product_tag?post=113683"}],"curies":[{"name":"wp","href":"https:\/\/api.w.org\/{rel}","templated":true}]}}