{"id":113681,"date":"2021-05-26T00:00:00","date_gmt":"2021-05-26T05:00:00","guid":{"rendered":"http:\/\/gpl-love.com\/es\/?post_type=product&#038;p=113681"},"modified":"2026-03-13T17:22:54","modified_gmt":"2026-03-13T22:22:54","slug":"jms-4life-responsive-wordpress-theme","status":"publish","type":"product","link":"https:\/\/gpl-love.com\/es\/producto\/jms-4life-responsive-wordpress-theme\/","title":{"rendered":"JMS 4Life Responsive WordPress Theme 1.0.5"},"content":{"rendered":"<h3>JMS 4Life Responsive WordPress Theme Caracteristicas<\/h3>\n<p>El tema de WordPress receptivo de JMS 4Life es una herramienta incre\u00edblemente notable que sirve como un activo invaluable para la creaci\u00f3n de sitios web contempor\u00e1neos y amigables con los dispositivos m\u00f3viles. Con una apariencia elegante y elegante, este tema es una opci\u00f3n ideal para las personas que buscan desarrollar sitios web profesionales en una gran cantidad de industrias, incluidos, entre otros, negocios, blogs, comercio electr\u00f3nico y m\u00e1s. En virtud de su dise\u00f1o totalmente receptivo, tenga la seguridad de que su sitio web exudar\u00e1 excelencia y atractivo, independientemente del dispositivo en el que se acceda, desde computadoras de escritorio tradicionales hasta tel\u00e9fonos m\u00f3viles de \u00faltima generaci\u00f3n. Adem\u00e1s, el tema JMS 4Life WordPress abarca una extensa gama de opciones de personalizaci\u00f3n que le brindan la oportunidad de adaptar su sitio web para alinearse sin problemas con sus requisitos \u00fanicos y distintivos. Al aprovechar este tema, ejercer\u00e1 un dominio completo sobre un conjunto variado de facetas, incluidos, entre otros, el dise\u00f1o, el esquema de color, las fuentes y m\u00e1s. Adem\u00e1s, es pertinente observar que el tema JMS 4Life ha sido meticulosamente optimizado para SEO, lo que garantiza que su sitio web logra clasificaciones ejemplares en una variedad de motores de b\u00fasqueda de renombre. Para encapsular, el tema de WordPress receptivo de JMS 4Life representa una opci\u00f3n ejemplar para aquellos que anhelan fabricar un sitio web suave, moderno e inherentemente funcional que incorpora pura brillantez.<\/p>\n<ul>\n<li>Un tema de WordPress moderno y elegante dise\u00f1ado para una funcionalidad receptiva<\/li>\n<li>F\u00e1cil de personalizar y personalizar con varias configuraciones y opciones disponibles<\/li>\n<li>M\u00faltiples dise\u00f1os de la p\u00e1gina de inicio para elegir, incluidas las opciones de ancho completo y en caja<\/li>\n<li>Compatible con varios complementos y widgets, incluido WooCommerce para la capacidad de comercio electr\u00f3nico<\/li>\n<li>Integraci\u00f3n de redes sociales incorporadas para un f\u00e1cil intercambio y compromiso<\/li>\n<li>SEO optimizado para una mejor visibilidad y una mayor clasificaci\u00f3n de motores de b\u00fasqueda<\/li>\n<li>Retina lista para visualizaci\u00f3n de im\u00e1genes transparentes y n\u00edtidas en cualquier dispositivo<\/li>\n<li>Traducci\u00f3n lista para audiencias internacionales<\/li>\n<li>La documentaci\u00f3n y el soporte integral proporcionan una f\u00e1cil instalaci\u00f3n y mantenimiento.<\/li>\n<\/ul>\n","protected":false},"excerpt":{"rendered":"<p>El tema de WordPress receptivo de JMS 4Life, un tema elegantemente elaborado y de vanguardia, ha sido meticulosamente elaborado tanto para empresas como para personas que buscan exhibir sus productos o servicios en el vasto reino de Internet. Su dise\u00f1o altamente adaptable garantiza que su sitio web exude un atractivo visual notable, independientemente del dispositivo en el que se ve. Adem\u00e1s, el tema ofrece una variedad de dise\u00f1os personalizables, lo que le permite adaptar su sitio para cumplir con precisi\u00f3n con sus requisitos \u00fanicos. En particular, la instalaci\u00f3n y la utilizaci\u00f3n de este tema son sin esfuerzo, lo que lo hace accesible para los usuarios de diversa experiencia t\u00e9cnica. Adem\u00e1s, abarca un extenso repertorio de caracter\u00edsticas, que abarca una p\u00e1gina de inicio personalizable, una variedad de plantillas de p\u00e1gina y un panel de opciones de temas excepcionalmente potentes. Ya sea que se est\u00e9 embarcando en un nuevo esfuerzo empresarial o tratando de renovar su presencia en l\u00ednea existente, tenga la seguridad de que el tema de WordPress receptivo de JMS 4Life, sin duda, demostrar\u00e1 ser la soluci\u00f3n definitiva que se alinea perfectamente con sus aspiraciones.<\/p>\n","protected":false},"featured_media":166522,"comment_status":"open","ping_status":"open","template":"","meta":[],"product_brand":[2337],"product_cat":[1263,1469,1237],"product_tag":[1391],"class_list":{"0":"post-113681","1":"product","2":"type-product","3":"status-publish","4":"has-post-thumbnail","6":"product_brand-themeforest","7":"product_cat-comercio-electronico-temas","8":"product_cat-creativo-comercio-electronico-temas","9":"product_cat-temas","10":"product_tag-themeforest","11":"member-discount","12":"discount-restricted","14":"first","15":"instock","16":"sale","17":"downloadable","18":"virtual","19":"sold-individually","20":"purchasable","21":"product-type-simple"},"_links":{"self":[{"href":"https:\/\/gpl-love.com\/es\/wp-json\/wp\/v2\/product\/113681","targetHints":{"allow":["GET"]}}],"collection":[{"href":"https:\/\/gpl-love.com\/es\/wp-json\/wp\/v2\/product"}],"about":[{"href":"https:\/\/gpl-love.com\/es\/wp-json\/wp\/v2\/types\/product"}],"replies":[{"embeddable":true,"href":"https:\/\/gpl-love.com\/es\/wp-json\/wp\/v2\/comments?post=113681"}],"wp:featuredmedia":[{"embeddable":true,"href":"https:\/\/gpl-love.com\/es\/wp-json\/wp\/v2\/media\/166522"}],"wp:attachment":[{"href":"https:\/\/gpl-love.com\/es\/wp-json\/wp\/v2\/media?parent=113681"}],"wp:term":[{"taxonomy":"product_brand","embeddable":true,"href":"https:\/\/gpl-love.com\/es\/wp-json\/wp\/v2\/product_brand?post=113681"},{"taxonomy":"product_cat","embeddable":true,"href":"https:\/\/gpl-love.com\/es\/wp-json\/wp\/v2\/product_cat?post=113681"},{"taxonomy":"product_tag","embeddable":true,"href":"https:\/\/gpl-love.com\/es\/wp-json\/wp\/v2\/product_tag?post=113681"}],"curies":[{"name":"wp","href":"https:\/\/api.w.org\/{rel}","templated":true}]}}