{"id":113679,"date":"2024-11-15T00:00:00","date_gmt":"2024-11-15T05:00:00","guid":{"rendered":"http:\/\/gpl-love.com\/es\/?post_type=product&#038;p=113679"},"modified":"2026-03-09T07:39:12","modified_gmt":"2026-03-09T12:39:12","slug":"graphist-graphs-y-charts-para-elementor","status":"publish","type":"product","link":"https:\/\/gpl-love.com\/es\/producto\/graphist-graphs-y-charts-para-elementor\/","title":{"rendered":"Graphist Graphs y Charts para Elementor 1.2.7"},"content":{"rendered":"<h3>Graphist Graphs y Charts para Elementor Caracteristicas<\/h3>\n<p>Gr\u00e1ficos y gr\u00e1ficos de grafistas para Elementor es un complemento avanzado que ofrece a los usuarios una gran cantidad de caracter\u00edsticas y funcionalidades para crear gr\u00e1ficos y gr\u00e1ficos visualmente sin esfuerzo. Incrustado dentro de este complemento se encuentra una impresionante variedad de opciones de personalizaci\u00f3n, incluida una selecci\u00f3n expansiva de m\u00e1s de 20 tipos de gr\u00e1ficos y una variedad de esquemas de color cautivadores. Adem\u00e1s, Graphist se integra perfectamente con Elementor, facilitando la r\u00e1pida y eficiente adici\u00f3n de gr\u00e1ficos y gr\u00e1ficos a p\u00e1ginas y publicaciones web. Con una interfaz que es f\u00e1cil de usar e intuitiva, los grafistas atienden las necesidades de los creadores novatos y los profesionales experimentados, lo que les permite dise\u00f1ar representaciones gr\u00e1ficamente pulidas y est\u00e9ticamente agradables de sus datos. Si el objetivo se refiere a la presentaci\u00f3n de datos, estad\u00edsticas o cualquier otra forma de informaci\u00f3n, gr\u00e1ficos y gr\u00e1ficos de grafistas para Elementor se mantiene inequ\u00edvocamente como la herramienta por excelencia que da vida a sus datos.<\/p>\n<ul>\n<li>Gr\u00e1ficos y gr\u00e1ficos impresionantes y de aspecto profesional para su uso en Elementor<\/li>\n<li>F\u00e1cil de usar, con configuraciones personalizables para que coincida con su marca y estilo<\/li>\n<li>Incluye una amplia gama de tipos de gr\u00e1ficos que incluyen barra, l\u00ednea, pastel y m\u00e1s<\/li>\n<li>Ofrece caracter\u00edsticas avanzadas como animaci\u00f3n, dise\u00f1o receptivo y actualizaciones de datos en vivo<\/li>\n<li>Compatible con WordPress y Elementor, asegurando una integraci\u00f3n perfecta con su sitio web.<\/li>\n<\/ul>\n","protected":false},"excerpt":{"rendered":"<p>Gr\u00e1ficos y gr\u00e1ficos de grafistas para Elementor es un complemento incre\u00edblemente robusto y altamente eficiente que le proporciona una amplia gama de opciones para crear gr\u00e1ficos y gr\u00e1ficos din\u00e1micos visualmente llamativos y din\u00e1micos para su sitio web utilizando las potentes capacidades de Elementor. Con su amplia selecci\u00f3n de tipos de gr\u00e1ficos, configuraciones de personalizaci\u00f3n flexible y la capacidad de mostrar visualizaci\u00f3n de datos en tiempo real, Graphist es un activo invaluable que le permitir\u00e1 mostrar de manera efectiva sus datos de una manera articulada, convincente y visualmente cautivadora. Ya sea que se encuentre en el papel de un analista de datos, un propietario de un negocio o incluso un blogger, Graphist es sin duda la herramienta definitiva que elevar\u00e1 y impulsar\u00e1 su sitio web de Elementor a alturas sin precedentes de \u00e9xito y crecimiento.<\/p>\n","protected":false},"featured_media":166283,"comment_status":"open","ping_status":"open","template":"","meta":[],"product_brand":[2339],"product_cat":[1214,1206,1211],"product_tag":[1256],"class_list":{"0":"post-113679","1":"product","2":"type-product","3":"status-publish","4":"has-post-thumbnail","6":"product_brand-codecanyon","7":"product_cat-personalizacion","8":"product_cat-plugins","9":"product_cat-wordpress-plugins","10":"product_tag-codecanyon","11":"member-discount","12":"discount-restricted","14":"first","15":"instock","16":"sale","17":"downloadable","18":"virtual","19":"sold-individually","20":"purchasable","21":"product-type-simple"},"_links":{"self":[{"href":"https:\/\/gpl-love.com\/es\/wp-json\/wp\/v2\/product\/113679","targetHints":{"allow":["GET"]}}],"collection":[{"href":"https:\/\/gpl-love.com\/es\/wp-json\/wp\/v2\/product"}],"about":[{"href":"https:\/\/gpl-love.com\/es\/wp-json\/wp\/v2\/types\/product"}],"replies":[{"embeddable":true,"href":"https:\/\/gpl-love.com\/es\/wp-json\/wp\/v2\/comments?post=113679"}],"wp:featuredmedia":[{"embeddable":true,"href":"https:\/\/gpl-love.com\/es\/wp-json\/wp\/v2\/media\/166283"}],"wp:attachment":[{"href":"https:\/\/gpl-love.com\/es\/wp-json\/wp\/v2\/media?parent=113679"}],"wp:term":[{"taxonomy":"product_brand","embeddable":true,"href":"https:\/\/gpl-love.com\/es\/wp-json\/wp\/v2\/product_brand?post=113679"},{"taxonomy":"product_cat","embeddable":true,"href":"https:\/\/gpl-love.com\/es\/wp-json\/wp\/v2\/product_cat?post=113679"},{"taxonomy":"product_tag","embeddable":true,"href":"https:\/\/gpl-love.com\/es\/wp-json\/wp\/v2\/product_tag?post=113679"}],"curies":[{"name":"wp","href":"https:\/\/api.w.org\/{rel}","templated":true}]}}