{"id":113678,"date":"2025-07-19T00:00:00","date_gmt":"2025-07-19T05:00:00","guid":{"rendered":"http:\/\/gpl-love.com\/es\/?post_type=product&#038;p=113678"},"modified":"2026-03-13T17:20:55","modified_gmt":"2026-03-13T22:20:55","slug":"flatnews-responsive-magazine-wordpress-theme","status":"publish","type":"product","link":"https:\/\/gpl-love.com\/es\/producto\/flatnews-responsive-magazine-wordpress-theme\/","title":{"rendered":"FlatNews Responsive Magazine WordPress Theme 6.1"},"content":{"rendered":"<h3>FlatNews Responsive Magazine WordPress Theme Caracteristicas<\/h3>\n<p>Flatnews es un tema de WordPress de vanguardia y altamente adaptable que ha sido meticulosamente elaborado para satisfacer las necesidades de los sitios web de revistas. Con una est\u00e9tica simplificada y despejada, este tema integra perfectamente un sistema de navegaci\u00f3n que es intuitivo y sin esfuerzo para navegar, facilitando una experiencia de usuario \u00f3ptima independientemente del dispositivo que se utilice. Adem\u00e1s, ofrece una variedad de formatos de publicaci\u00f3n diversos, widgets personalizables y una variedad de opciones de personalizaci\u00f3n avanzada, lo que permite a los usuarios dise\u00f1ar un ambiente distintivo y personalizado que resuene con su toque individualista. Adem\u00e1s, este tema ha sido meticulosamente optimizado para la optimizaci\u00f3n de motores de b\u00fasqueda (SEO), garantizando una clasificaci\u00f3n envidiable en los principales motores de b\u00fasqueda. Con su capacidad innata para exudar profesionalismo y elegancia, los PLATONWS surgen inequ\u00edvocamente como una elecci\u00f3n excepcional para los bloggers o editores en busca de un tema refinado y sofisticado para su estimada revista o sitio web de noticias en l\u00ednea.<\/p>\n<ul>\n<li>Dise\u00f1o moderno y limpio con m\u00faltiples opciones de dise\u00f1o para personalizaci\u00f3n.<\/li>\n<li>El dise\u00f1o receptivo garantiza que su sitio web se vea genial en cualquier dispositivo.<\/li>\n<li>Opciones incorporadas para publicidad, con espacios publicitarios personalizables y detecci\u00f3n de anuncios de anuncios.<\/li>\n<li>Formatos de publicaciones m\u00faltiples, incluyendo video, audio, galer\u00eda y publicaciones regulares.<\/li>\n<li>Integraci\u00f3n de las redes sociales con botones compartidos de compartir e \u00edconos de redes sociales.<\/li>\n<li>SEO optimizado para una mayor visibilidad y mejores clasificaciones de motores de b\u00fasqueda.<\/li>\n<li>M\u00faltiples \u00e1reas de widgets para personalizaci\u00f3n y funcionalidad adicional.<\/li>\n<li>Traducci\u00f3n lista para una audiencia global.<\/li>\n<li>Panel de control f\u00e1cil de usar con funcionalidad de arrastrar y soltar.<\/li>\n<li>Actualizado regularmente con nuevas caracter\u00edsticas y correcciones de errores.<\/li>\n<\/ul>\n","protected":false},"excerpt":{"rendered":"<p>Flatnews, un tema excepcional de WordPress meticulosamente dise\u00f1ado para sitios web de noticias y revistas, encarna una est\u00e9tica contempor\u00e1nea y sofisticada. En virtud de su dise\u00f1o receptivo, su valioso contenido exudar\u00e1 excelencia y conservar\u00e1 su encanto visual en una variedad de dispositivos. Este tema cuenta con un dise\u00f1o inmaculado e impecablemente organizado, facilitando la navegaci\u00f3n perfecta y atiende sin esfuerzo a la b\u00fasqueda de informaci\u00f3n pertinente. En particular, FlatNews abarca una gran cantidad de posibilidades de personalizaci\u00f3n, lo que hace que el proceso de adaptaci\u00f3n el dise\u00f1o para encarnar la esencia de su marca sea un esfuerzo sin esfuerzo. Con sus caracter\u00edsticas aumentadas, FlatNews se erige como una opci\u00f3n inequ\u00edvoca y sobresaliente para cualquier noticia o sitio web de revistas que anhele una fachada profesional y profesional sin esfuerzo.<\/p>\n","protected":false},"featured_media":166116,"comment_status":"open","ping_status":"open","template":"","meta":[],"product_brand":[2337],"product_cat":[1245,1237,1238],"product_tag":[1391],"class_list":{"0":"post-113678","1":"product","2":"type-product","3":"status-publish","4":"has-post-thumbnail","6":"product_brand-themeforest","7":"product_cat-blog-revista","8":"product_cat-temas","9":"product_cat-wordpress-temas","10":"product_tag-themeforest","11":"member-discount","12":"discount-restricted","14":"first","15":"instock","16":"sale","17":"downloadable","18":"virtual","19":"sold-individually","20":"purchasable","21":"product-type-simple"},"_links":{"self":[{"href":"https:\/\/gpl-love.com\/es\/wp-json\/wp\/v2\/product\/113678","targetHints":{"allow":["GET"]}}],"collection":[{"href":"https:\/\/gpl-love.com\/es\/wp-json\/wp\/v2\/product"}],"about":[{"href":"https:\/\/gpl-love.com\/es\/wp-json\/wp\/v2\/types\/product"}],"replies":[{"embeddable":true,"href":"https:\/\/gpl-love.com\/es\/wp-json\/wp\/v2\/comments?post=113678"}],"wp:featuredmedia":[{"embeddable":true,"href":"https:\/\/gpl-love.com\/es\/wp-json\/wp\/v2\/media\/166116"}],"wp:attachment":[{"href":"https:\/\/gpl-love.com\/es\/wp-json\/wp\/v2\/media?parent=113678"}],"wp:term":[{"taxonomy":"product_brand","embeddable":true,"href":"https:\/\/gpl-love.com\/es\/wp-json\/wp\/v2\/product_brand?post=113678"},{"taxonomy":"product_cat","embeddable":true,"href":"https:\/\/gpl-love.com\/es\/wp-json\/wp\/v2\/product_cat?post=113678"},{"taxonomy":"product_tag","embeddable":true,"href":"https:\/\/gpl-love.com\/es\/wp-json\/wp\/v2\/product_tag?post=113678"}],"curies":[{"name":"wp","href":"https:\/\/api.w.org\/{rel}","templated":true}]}}