{"id":113636,"date":"2025-11-10T00:00:00","date_gmt":"2025-11-10T05:00:00","guid":{"rendered":"http:\/\/gpl-love.com\/es\/?post_type=product&#038;p=113636"},"modified":"2026-03-13T17:28:36","modified_gmt":"2026-03-13T22:28:36","slug":"sahifa-responsive-wordpress-news-magazine-blog-theme","status":"publish","type":"product","link":"https:\/\/gpl-love.com\/es\/producto\/sahifa-responsive-wordpress-news-magazine-blog-theme\/","title":{"rendered":"Sahifa Responsive WordPress News Magazine Blog Theme 5.8.6"},"content":{"rendered":"<h3>Sahifa Responsive WordPress News Magazine Blog Theme Caracteristicas<\/h3>\n<p>Sahifa, un tema de WordPress extremadamente receptivo y rico en caracter\u00edsticas, est\u00e1 dise\u00f1ado para cumplir con los requisitos espec\u00edficos de noticias, revistas y sitios web de blogs, proporcionando una experiencia de usuario ejemplar. Con un dise\u00f1o elegante y contempor\u00e1neo, Sahifa no solo prioriza el rendimiento y la velocidad, sino que tambi\u00e9n garantiza la m\u00e1xima usabilidad. Empoderando a los usuarios con sus formidables capacidades de personalizaci\u00f3n, este tema permite la creaci\u00f3n de un sitio web distintivo y a medida que transmite efectivamente la marca y el estilo individual. Adem\u00e1s, Sahifa viene armado con una variedad de formatos de publicaci\u00f3n, integraci\u00f3n de redes sociales sin problemas y espacios publicitarios colocados estrat\u00e9gicamente, todos los cuales sirven para mejorar la experiencia general del usuario y monetizar efectivamente el sitio web. En resumen, Sahifa emerge como una opci\u00f3n altamente encomiable para las personas que buscan establecer una presencia en l\u00ednea profesional y cautivadora a trav\u00e9s de noticias o sitios web de blogs.<\/p>\n<ul>\n<li>Tema de WordPress de alta calidad dise\u00f1ado para sitios web de noticias, revistas y blogs<\/li>\n<li>Dise\u00f1o receptivo que se ajusta autom\u00e1ticamente a cualquier tama\u00f1o de pantalla, asegurando una experiencia de usuario perfecta en todos los dispositivos<\/li>\n<li>Opciones de p\u00e1gina de inicio y dise\u00f1o personalizables, incluidos 10 dise\u00f1os de p\u00e1gina de inicio predefinidos, estilos de publicaci\u00f3n m\u00faltiples y dise\u00f1os de categor\u00edas ilimitados<\/li>\n<li>Constructor de p\u00e1gina de arrastrar y soltar f\u00e1cil de usar para crear p\u00e1ginas \u00fanicas sin necesidad de habilidades de codificaci\u00f3n<\/li>\n<li>Panel de opciones de temas avanzados para una f\u00e1cil personalizaci\u00f3n del dise\u00f1o y la funcionalidad, incluidas las opciones de color ilimitadas, la integraci\u00f3n de Google Fonts e integraci\u00f3n de las redes sociales<\/li>\n<li>Optimizaci\u00f3n de SEO integrada para ayudar a aumentar la visibilidad del sitio web en los motores de b\u00fasqueda<\/li>\n<li>Velocidad de carga r\u00e1pida gracias a la compresi\u00f3n optimizada de c\u00f3digo e imagen<\/li>\n<li>Actualizaciones continuas y soporte t\u00e9cnico dedicado para garantizar que el tema permanezca actualizado y resuelva cualquier problema r\u00e1pidamente<\/li>\n<li>Compatible con complementos populares de WordPress, incluidos WooCommerce, BBPress y WPML, para mayor funcionalidad y flexibilidad.<\/li>\n<\/ul>\n","protected":false},"excerpt":{"rendered":"<p>Sahifa, un tema de WordPress altamente potente y adaptable, ha sido meticulosamente elaborado para satisfacer las necesidades de las noticias, las revistas y los sitios web de blogs. Su dise\u00f1o exquisitamente receptivo asegura que su contenido se exhibir\u00e1 en todo su gloria a trav\u00e9s de una variedad de dispositivos, desde la grandeza de las computadoras de escritorio hasta la compacidad de los tel\u00e9fonos m\u00f3viles. Este tema cuenta con una variedad de caracter\u00edsticas encomiables, como una p\u00e1gina de inicio totalmente personalizable, una variedad de dise\u00f1os post y p\u00e1gina, y una amplia gama de opciones de personalizaci\u00f3n, todas las cuales sirven para infundir su sitio con su propia identidad \u00fanica. Adem\u00e1s, Sahifa se ha optimizado de manera inteligente para los motores de b\u00fasqueda, lo que garantiza una mayor descubrimiento para su entidad web. Adem\u00e1s, este notable tema incorpora un sistema de revisi\u00f3n de usuarios, que permite comentarios perfectos de sus apreciados lectores. Independientemente de si se identifica como blogger, periodista o editor, Sahifa emerge como la opci\u00f3n incomparable para su sitio web de noticias o revistas.<\/p>\n","protected":false},"featured_media":167391,"comment_status":"open","ping_status":"open","template":"","meta":[],"product_brand":[2337],"product_cat":[1245,1237,1238],"product_tag":[1391],"class_list":{"0":"post-113636","1":"product","2":"type-product","3":"status-publish","4":"has-post-thumbnail","6":"product_brand-themeforest","7":"product_cat-blog-revista","8":"product_cat-temas","9":"product_cat-wordpress-temas","10":"product_tag-themeforest","11":"member-discount","12":"discount-restricted","14":"first","15":"instock","16":"sale","17":"downloadable","18":"virtual","19":"sold-individually","20":"purchasable","21":"product-type-simple"},"_links":{"self":[{"href":"https:\/\/gpl-love.com\/es\/wp-json\/wp\/v2\/product\/113636","targetHints":{"allow":["GET"]}}],"collection":[{"href":"https:\/\/gpl-love.com\/es\/wp-json\/wp\/v2\/product"}],"about":[{"href":"https:\/\/gpl-love.com\/es\/wp-json\/wp\/v2\/types\/product"}],"replies":[{"embeddable":true,"href":"https:\/\/gpl-love.com\/es\/wp-json\/wp\/v2\/comments?post=113636"}],"wp:featuredmedia":[{"embeddable":true,"href":"https:\/\/gpl-love.com\/es\/wp-json\/wp\/v2\/media\/167391"}],"wp:attachment":[{"href":"https:\/\/gpl-love.com\/es\/wp-json\/wp\/v2\/media?parent=113636"}],"wp:term":[{"taxonomy":"product_brand","embeddable":true,"href":"https:\/\/gpl-love.com\/es\/wp-json\/wp\/v2\/product_brand?post=113636"},{"taxonomy":"product_cat","embeddable":true,"href":"https:\/\/gpl-love.com\/es\/wp-json\/wp\/v2\/product_cat?post=113636"},{"taxonomy":"product_tag","embeddable":true,"href":"https:\/\/gpl-love.com\/es\/wp-json\/wp\/v2\/product_tag?post=113636"}],"curies":[{"name":"wp","href":"https:\/\/api.w.org\/{rel}","templated":true}]}}