{"id":113634,"date":"2022-05-17T00:00:00","date_gmt":"2022-05-17T05:00:00","guid":{"rendered":"http:\/\/gpl-love.com\/es\/?post_type=product&#038;p=113634"},"modified":"2026-03-09T07:47:45","modified_gmt":"2026-03-09T12:47:45","slug":"mailchimper-pro-wordpress-signup-form-plugin","status":"publish","type":"product","link":"https:\/\/gpl-love.com\/es\/producto\/mailchimper-pro-wordpress-signup-form-plugin\/","title":{"rendered":"MailChimper Pro WordPress Signup Form Plugin 1.8.3.4"},"content":{"rendered":"<h3>MailChimper Pro WordPress Signup Form Plugin Caracteristicas<\/h3>\n<p>El complemento de Formulario de registro de WordPress MailChimpper Pro juega un papel crucial en facilitar la integraci\u00f3n perfecta de los formularios de MailChimp en los sitios de WordPress, lo que lo convierte en un activo invaluable para los propietarios de sitios web. Su constructor de arrastre y saliva f\u00e1cil de usar y su notable selecci\u00f3n de plantillas personalizables permiten a los usuarios crear formas de registro visualmente impresionantes y altamente efectivas. Este complemento mejora a\u00fan m\u00e1s su atractivo al proporcionar una amplia gama de estilos de formulario para elegir, otorgando a los usuarios la capacidad de adaptar los campos a sus preferencias espec\u00edficas e incluso permitiendo la adici\u00f3n de CSS personalizados para garantizar una est\u00e9tica de marca consistente y cohesiva. Adem\u00e1s, el complemento va m\u00e1s all\u00e1 de la incorporaci\u00f3n de caracter\u00edsticas avanzadas, como el env\u00edo de formularios basados \u200b\u200ben AJAX, garantizando una experiencia \u00f3ptima del usuario, el cumplimiento de GDPR para cumplir con las regulaciones de protecci\u00f3n de datos y la opci\u00f3n de enviar correos electr\u00f3nicos de confirmaci\u00f3n personalizados para proporcionar un toque personalizado. Las capacidades que lo abarcan todo de MailChimpper simplifican dr\u00e1sticamente el proceso de expansi\u00f3n de las listas de correo electr\u00f3nico y la mejora de las campa\u00f1as de marketing por correo electr\u00f3nico, posicion\u00e1ndolo como una herramienta indispensable para los propietarios de sitios web que buscan prosperar en el panorama digital.<\/p>\n<ul>\n<li>Permite a los usuarios crear f\u00e1cilmente formularios de registro personalizados para su sitio de WordPress<\/li>\n<li>Se integra a la perfecci\u00f3n con el software de marketing por correo electr\u00f3nico de MailChimp<\/li>\n<li>Ofrece una variedad de estilos y plantillas de formulario para elegir<\/li>\n<li>Proporciona la capacidad de personalizar los campos y opciones de formulario<\/li>\n<li>Ofrece m\u00faltiples opciones de visualizaci\u00f3n para formularios, incluidas ventanas emergentes y formularios integrados<\/li>\n<li>Permite la segmentaci\u00f3n de listas de suscriptores basados \u200b\u200ben env\u00edos de formulario<\/li>\n<li>Proporciona an\u00e1lisis detallados e informes sobre el rendimiento del formulario<\/li>\n<li>Ofrece la protecci\u00f3n del spam y las funciones de cumplimiento de GDPR<\/li>\n<li>Los usuarios de WordPress pueden instalar y utilizar f\u00e1cilmente de todos los niveles de habilidad.<\/li>\n<\/ul>\n","protected":false},"excerpt":{"rendered":"<p>MailChimpper Pro, un complemento de formulario de registro de WordPress altamente robusto, ofrece una integraci\u00f3n perfecta con MailChimp. Sus funcionalidades incluyen la creaci\u00f3n de formularios de registro personalizables y ventanas emergentes que atraen e involucran efectivamente a los visitantes de su sitio web, facilitando as\u00ed el crecimiento sin esfuerzo de su lista de correo electr\u00f3nico. La amplia gama de efectos de animaci\u00f3n, dise\u00f1os de formularios y campos personalizables proporcionados por MailChimpper Pro le permite elaborar una forma de registro verdaderamente \u00fanica e impactante que mejore significativamente sus tasas de conversi\u00f3n. Adem\u00e1s, este complemento cuenta con caracter\u00edsticas avanzadas como an\u00e1lisis y pruebas A\/B, lo que le permite rastrear meticulosamente el rendimiento de sus formularios y optimizarlas para obtener resultados superiores. \u00a1No pierda el tiempo, adquiere MailChimpper Pro hoy y presencie su lista de correo electr\u00f3nico florecer bajo su curaci\u00f3n experta!<\/p>\n","protected":false},"featured_media":166652,"comment_status":"open","ping_status":"open","template":"","meta":[],"product_brand":[2339],"product_cat":[1216,1206,1211],"product_tag":[1256],"class_list":{"0":"post-113634","1":"product","2":"type-product","3":"status-publish","4":"has-post-thumbnail","6":"product_brand-codecanyon","7":"product_cat-formas","8":"product_cat-plugins","9":"product_cat-wordpress-plugins","10":"product_tag-codecanyon","11":"member-discount","12":"discount-restricted","14":"first","15":"instock","16":"sale","17":"downloadable","18":"virtual","19":"sold-individually","20":"purchasable","21":"product-type-simple"},"_links":{"self":[{"href":"https:\/\/gpl-love.com\/es\/wp-json\/wp\/v2\/product\/113634","targetHints":{"allow":["GET"]}}],"collection":[{"href":"https:\/\/gpl-love.com\/es\/wp-json\/wp\/v2\/product"}],"about":[{"href":"https:\/\/gpl-love.com\/es\/wp-json\/wp\/v2\/types\/product"}],"replies":[{"embeddable":true,"href":"https:\/\/gpl-love.com\/es\/wp-json\/wp\/v2\/comments?post=113634"}],"wp:featuredmedia":[{"embeddable":true,"href":"https:\/\/gpl-love.com\/es\/wp-json\/wp\/v2\/media\/166652"}],"wp:attachment":[{"href":"https:\/\/gpl-love.com\/es\/wp-json\/wp\/v2\/media?parent=113634"}],"wp:term":[{"taxonomy":"product_brand","embeddable":true,"href":"https:\/\/gpl-love.com\/es\/wp-json\/wp\/v2\/product_brand?post=113634"},{"taxonomy":"product_cat","embeddable":true,"href":"https:\/\/gpl-love.com\/es\/wp-json\/wp\/v2\/product_cat?post=113634"},{"taxonomy":"product_tag","embeddable":true,"href":"https:\/\/gpl-love.com\/es\/wp-json\/wp\/v2\/product_tag?post=113634"}],"curies":[{"name":"wp","href":"https:\/\/api.w.org\/{rel}","templated":true}]}}