{"id":113632,"date":"2021-05-24T00:00:00","date_gmt":"2021-05-24T05:00:00","guid":{"rendered":"http:\/\/gpl-love.com\/es\/?post_type=product&#038;p=113632"},"modified":"2026-04-10T11:16:47","modified_gmt":"2026-04-10T16:16:47","slug":"moana-contact-form-7-builder","status":"publish","type":"product","link":"https:\/\/gpl-love.com\/es\/producto\/moana-contact-form-7-builder\/","title":{"rendered":"Moana Contact Form 7 Builder 1.6"},"content":{"rendered":"<h3>Moana Contact Form 7 Builder Caracteristicas<\/h3>\n<p>El Builder de Moana Contact Form 7 es una herramienta incre\u00edblemente f\u00e1cil de usar e intuitiva que ayuda de manera experta en la creaci\u00f3n de formularios de contacto personalizados, lo que hace que el proceso sea sin esfuerzo y altamente eficiente. Esta notable herramienta ofrece una interfaz de arrastrar y soltar, que proporciona a los usuarios la capacidad de dise\u00f1ar formas de contacto sin esfuerzo que se alineen sin problemas con la marca y la experiencia del usuario de su sitio web. Adem\u00e1s, la amplia selecci\u00f3n de opciones de personalizaci\u00f3n disponibles garantiza que los usuarios puedan adaptar sus formularios para cumplir con sus especificaciones exactas. Con la inclusi\u00f3n de plantillas preconstruidas, los usuarios tienen acceso a una variedad de opciones que pueden modificarse f\u00e1cilmente para satisfacer sus necesidades. La capacidad de agregar campos de formulario, grupos de campos y l\u00f3gica condicional mejora a\u00fan m\u00e1s las capacidades de personalizaci\u00f3n, lo que permite la creaci\u00f3n de formas personalizadas y personalizadas. El Builder de Moana Contact Form 7 tambi\u00e9n cuenta con caracter\u00edsticas avanzadas, como la protecci\u00f3n de spam, lo que garantiza que los env\u00edos de usuarios sean genuinos y confiables. La integraci\u00f3n con herramientas de terceros, como MailChimp y Salesforce, extiende a\u00fan m\u00e1s la funcionalidad del complemento, permitiendo una compatibilidad perfecta con los sistemas existentes. En conclusi\u00f3n, el Builder de Moana Contact Form 7 es una opci\u00f3n excepcional para las personas que buscan crear formas de contacto profesionales y visualmente atractivas visualmente.<\/p>\n<ul>\n<li>Interfaz de arrastrar y soltar f\u00e1cil de usar para construir formularios de contacto personalizado 7<\/li>\n<li>Permite la personalizaci\u00f3n de campos de formulario, etiquetas, estilos y reglas de validaci\u00f3n<\/li>\n<li>Incluye plantillas de formulario previamente construidas para ahorrar tiempo y esfuerzo<\/li>\n<li>Integraci\u00f3n con servicios populares de marketing por correo electr\u00f3nico como MailChimp y Conting Contact<\/li>\n<li>El dise\u00f1o receptivo asegura que los formularios sean amigables con los dispositivos m\u00f3viles<\/li>\n<li>Caracter\u00edsticas avanzadas que incluyen l\u00f3gica condicional, cargas de archivos y campos ocultos<\/li>\n<li>Protecci\u00f3n de spam incorporada con Google Recaptcha<\/li>\n<li>Acceso a actualizaciones oportunas y soporte t\u00e9cnico del equipo de Moana<\/li>\n<li>Compatible con WordPress -0+ y el Formulario de contacto 7 Versi\u00f3n -1+<\/li>\n<\/ul>\n","protected":false},"excerpt":{"rendered":"<p>El Builder de Moana Contact Form 7 es una herramienta incre\u00edblemente robusta y eficiente que faculta a los usuarios para generar r\u00e1pidos y sin esfuerzo formularios de contacto personalizados. Su interfaz f\u00e1cil de usar, con un sistema instintivo de arrastrar y soltar, permite a las personas incorporar a la perfecci\u00f3n varios campos, adaptar estilos a su gusto y configurar configuraciones para producir formas que se alineen sin problemas con los requisitos espec\u00edficos de sus sitios web. Ya sea que se busque un formulario de contacto b\u00e1sico o un cuestionario m\u00e1s intrincado, el constructor de Contact 7 Builder de Moana simplifica el proceso de elaboraci\u00f3n e implementaci\u00f3n de la visi\u00f3n \u00fanica. Armado con este recurso formidable, uno puede elevar r\u00e1pidamente la funcionalidad de su sitio web y enriquecer la experiencia general del usuario sin demora indebida.<\/p>\n","protected":false},"featured_media":166793,"comment_status":"open","ping_status":"open","template":"","meta":[],"product_brand":[2339],"product_cat":[1216,1206,1211],"product_tag":[1256],"class_list":{"0":"post-113632","1":"product","2":"type-product","3":"status-publish","4":"has-post-thumbnail","6":"product_brand-codecanyon","7":"product_cat-formas","8":"product_cat-plugins","9":"product_cat-wordpress-plugins","10":"product_tag-codecanyon","11":"member-discount","12":"discount-restricted","14":"first","15":"instock","16":"sale","17":"downloadable","18":"virtual","19":"sold-individually","20":"purchasable","21":"product-type-simple"},"_links":{"self":[{"href":"https:\/\/gpl-love.com\/es\/wp-json\/wp\/v2\/product\/113632","targetHints":{"allow":["GET"]}}],"collection":[{"href":"https:\/\/gpl-love.com\/es\/wp-json\/wp\/v2\/product"}],"about":[{"href":"https:\/\/gpl-love.com\/es\/wp-json\/wp\/v2\/types\/product"}],"replies":[{"embeddable":true,"href":"https:\/\/gpl-love.com\/es\/wp-json\/wp\/v2\/comments?post=113632"}],"wp:featuredmedia":[{"embeddable":true,"href":"https:\/\/gpl-love.com\/es\/wp-json\/wp\/v2\/media\/166793"}],"wp:attachment":[{"href":"https:\/\/gpl-love.com\/es\/wp-json\/wp\/v2\/media?parent=113632"}],"wp:term":[{"taxonomy":"product_brand","embeddable":true,"href":"https:\/\/gpl-love.com\/es\/wp-json\/wp\/v2\/product_brand?post=113632"},{"taxonomy":"product_cat","embeddable":true,"href":"https:\/\/gpl-love.com\/es\/wp-json\/wp\/v2\/product_cat?post=113632"},{"taxonomy":"product_tag","embeddable":true,"href":"https:\/\/gpl-love.com\/es\/wp-json\/wp\/v2\/product_tag?post=113632"}],"curies":[{"name":"wp","href":"https:\/\/api.w.org\/{rel}","templated":true}]}}