{"id":113630,"date":"2023-02-06T00:00:00","date_gmt":"2023-02-06T05:00:00","guid":{"rendered":"http:\/\/gpl-love.com\/es\/?post_type=product&#038;p=113630"},"modified":"2026-03-13T17:20:35","modified_gmt":"2026-03-13T22:20:35","slug":"eva-fashion-woocommerce-theme","status":"publish","type":"product","link":"https:\/\/gpl-love.com\/es\/producto\/eva-fashion-woocommerce-theme\/","title":{"rendered":"Eva Fashion WooCommerce Theme 1.9.9.84"},"content":{"rendered":"<h3>Eva Fashion WooCommerce Theme Caracteristicas<\/h3>\n<p>El tema de WooCommerce de la moda EVA exuda una sensaci\u00f3n de sofisticaci\u00f3n y refinamiento, por lo que es una elecci\u00f3n impecable para las boutiques virtuales dedicadas al mundo de la moda. Su dise\u00f1o est\u00e9ticamente agradable y adaptativo asegura que sus productos se muestren de la manera m\u00e1s cautivadora, al tiempo que fomentan simult\u00e1neamente una experiencia de usuario perfecta e intuitiva para su estimada clientela. Adem\u00e1s, este tema cuenta con una gran cantidad de opciones personalizables, otorg\u00e1ndole la capacidad de curar sin esfuerzo una tienda distinta y personalizada que resuena con su identidad de marca \u00fanica. Adem\u00e1s, el tema se integra perfectamente con WooCommerce, lo que le permite administrar sin esfuerzo su inventario, optimizar el procesamiento de pedidos y facilitar las transacciones de pago r\u00e1pidas y seguras. Adem\u00e1s de estas funcionalidades indispensables, el tema de WooCommerce de moda EVA abarca una variedad de caracter\u00edsticas invaluables, que incluyen, entre otras, la vista r\u00e1pida del producto, el zoom de productos y un mega men\u00fa totalmente personalizable. Con su dise\u00f1o visualmente impresionante y su funcionalidad robusta, este tema es el ep\u00edtome de la excelencia para cualquier minorista de moda que busque establecer una impresionante tienda en l\u00ednea.<\/p>\n<ul>\n<li>Dise\u00f1o moderno y elegante con dise\u00f1os de p\u00e1gina de inicio personalizables<\/li>\n<li>Compatible con WooCommerce para una f\u00e1cil creaci\u00f3n y gesti\u00f3n de tiendas en l\u00ednea<\/li>\n<li>Dise\u00f1o de respuesta m\u00f3vil para una visualizaci\u00f3n \u00f3ptima en todos los dispositivos<\/li>\n<li>Opciones de dise\u00f1o m\u00faltiples de encabezado y pie de p\u00e1gina para elegir<\/li>\n<li>Incluye una variedad de widgets y c\u00f3digos cortos personalizados para una funcionalidad adicional.<\/li>\n<li>Soporte incorporado para constructores de p\u00e1ginas populares como Elementor y Visual Composer<\/li>\n<li>SEO optimizado para ayudar a mejorar las clasificaciones de los motores de b\u00fasqueda<\/li>\n<li>Documentaci\u00f3n integral y atenci\u00f3n al cliente disponible para asistencia<\/li>\n<li>Traducci\u00f3n lista para sitios web multiling\u00fces<\/li>\n<li>Actualizaciones regulares y correcciones de errores proporcionadas por el equipo de desarrolladores.<\/li>\n<\/ul>\n","protected":false},"excerpt":{"rendered":"<p>Actualice su tienda de moda en l\u00ednea utilizando la entrada sofisticada y multifuncional: el tema de WooCommerce de moda EVA. Este tema visualmente agradable abarca un dise\u00f1o elegante y contempor\u00e1neo, que es ideal para exhibir su mercanc\u00eda de moda. A trav\u00e9s de una variedad de opciones de personalizaci\u00f3n, como paletas de colores variables y selecciones de fuentes, tiene la capacidad de personalizar el tema para alinearse con su marca distintiva. Adem\u00e1s, el tema ofrece un encuentro de compras f\u00e1cil de usar y sin problemas, equipado con navegaci\u00f3n sin esfuerzo y un dise\u00f1o receptivo que est\u00e1 optimizado para la compatibilidad en todos los dispositivos. Eleve sus ingresos y aumente el viaje de compra de su clientela adoptando las ventajas incomparables que ofrece el Input: Eva Fashion WooCommerce Tema.<\/p>\n","protected":false},"featured_media":166025,"comment_status":"open","ping_status":"open","template":"","meta":[],"product_brand":[2337],"product_cat":[1263,1469,1237],"product_tag":[1391],"class_list":{"0":"post-113630","1":"product","2":"type-product","3":"status-publish","4":"has-post-thumbnail","6":"product_brand-themeforest","7":"product_cat-comercio-electronico-temas","8":"product_cat-creativo-comercio-electronico-temas","9":"product_cat-temas","10":"product_tag-themeforest","11":"member-discount","12":"discount-restricted","14":"first","15":"instock","16":"sale","17":"downloadable","18":"virtual","19":"sold-individually","20":"purchasable","21":"product-type-simple"},"_links":{"self":[{"href":"https:\/\/gpl-love.com\/es\/wp-json\/wp\/v2\/product\/113630","targetHints":{"allow":["GET"]}}],"collection":[{"href":"https:\/\/gpl-love.com\/es\/wp-json\/wp\/v2\/product"}],"about":[{"href":"https:\/\/gpl-love.com\/es\/wp-json\/wp\/v2\/types\/product"}],"replies":[{"embeddable":true,"href":"https:\/\/gpl-love.com\/es\/wp-json\/wp\/v2\/comments?post=113630"}],"wp:featuredmedia":[{"embeddable":true,"href":"https:\/\/gpl-love.com\/es\/wp-json\/wp\/v2\/media\/166025"}],"wp:attachment":[{"href":"https:\/\/gpl-love.com\/es\/wp-json\/wp\/v2\/media?parent=113630"}],"wp:term":[{"taxonomy":"product_brand","embeddable":true,"href":"https:\/\/gpl-love.com\/es\/wp-json\/wp\/v2\/product_brand?post=113630"},{"taxonomy":"product_cat","embeddable":true,"href":"https:\/\/gpl-love.com\/es\/wp-json\/wp\/v2\/product_cat?post=113630"},{"taxonomy":"product_tag","embeddable":true,"href":"https:\/\/gpl-love.com\/es\/wp-json\/wp\/v2\/product_tag?post=113630"}],"curies":[{"name":"wp","href":"https:\/\/api.w.org\/{rel}","templated":true}]}}