{"id":113628,"date":"2022-06-09T00:00:00","date_gmt":"2022-06-09T05:00:00","guid":{"rendered":"http:\/\/gpl-love.com\/es\/?post_type=product&#038;p=113628"},"modified":"2026-03-13T17:23:02","modified_gmt":"2026-03-13T22:23:02","slug":"junko-technology-tema-para-woocommerce-wordpress","status":"publish","type":"product","link":"https:\/\/gpl-love.com\/es\/producto\/junko-technology-tema-para-woocommerce-wordpress\/","title":{"rendered":"Junko Technology Tema para WooCommerce WordPress 1.1.2"},"content":{"rendered":"<h3>Junko Technology Tema para WooCommerce WordPress Caracteristicas<\/h3>\n<p>El tema de la tecnolog\u00eda Junko para WooCommerce WordPress cuenta con una gran cantidad de opciones de personalizaci\u00f3n y una interfaz intuitiva, que atiende espec\u00edficamente a los sitios web de comercio electr\u00f3nico. Su dise\u00f1o elegante y contempor\u00e1neo no solo mejora el atractivo visual, sino que tambi\u00e9n ofrece una gran cantidad de funcionalidades, incluida una multitud de dise\u00f1os de p\u00e1gina de inicio, redes de productos personalizables y una extensa paleta de colores, lo que permite a las empresas dise\u00f1ar una tienda en l\u00ednea distintiva y profesional. Adem\u00e1s, este tema est\u00e1 optimizado para la optimizaci\u00f3n de la velocidad y el motor de b\u00fasqueda (SEO), garantizando tiempos de carga r\u00e1pida y altas clasificaciones en los motores de b\u00fasqueda. Adem\u00e1s, la integraci\u00f3n perfecta con WooCommerce simplifica la gesti\u00f3n de productos, pedidos y pagos, por lo que es f\u00e1cil para las empresas de todos los tama\u00f1os, ya sean peque\u00f1as empresas o grandes corporaciones, crear una tienda en l\u00ednea visualmente cautivadora y pr\u00f3spera.<\/p>\n<ul>\n<li>Totalmente compatible con WooCommerce y WordPress<\/li>\n<li>Dise\u00f1o \u00fanico, elegante y moderno<\/li>\n<li>Proporciona una excelente experiencia de usuario para los clientes.<\/li>\n<li>Ofrece una variedad de opciones de personalizaci\u00f3n<\/li>\n<li>Optimizaci\u00f3n de SEO incorporada para una mejor clasificaci\u00f3n de motores de b\u00fasqueda<\/li>\n<li>M\u00f3vil receptiva para una experiencia fluida en diferentes dispositivos<\/li>\n<li>Admite m\u00faltiples pasarelas de pago para opciones de pago flexibles<\/li>\n<li>F\u00e1cil de instalar y configurar, incluso para principiantes<\/li>\n<li>Compatible con una variedad de complementos y extensiones para una funcionalidad adicional<\/li>\n<li>Actualizado regularmente con nuevas funciones y correcciones de errores.<\/li>\n<\/ul>\n","protected":false},"excerpt":{"rendered":"<p>El tema de la tecnolog\u00eda Junko para WooCommerce WordPress es un tema de comercio electr\u00f3nico excepcionalmente sofisticado y contempor\u00e1neo que ha sido meticulosamente elaborado para atender espec\u00edficamente a los requisitos de las tiendas de tecnolog\u00eda en l\u00ednea. Este tema exuda un aura de limpieza y minimalismo, lo que le permite exhibir de manera experta su variedad de productos de manera extremadamente profesional y elegante. Adem\u00e1s, el tema posee la notable capacidad de adaptarse perfectamente a varios tama\u00f1os de pantalla y se optimiza diligentemente para la optimizaci\u00f3n de motores de b\u00fasqueda (SEO), lo que garantiza que su sitio web no solo parezca visualmente impresionante, sino que tambi\u00e9n alcanza clasificaciones encomiables en todos los dispositivos. Incre\u00edblemente, este tema proporciona opciones de personalizaci\u00f3n sin esfuerzo que le otorgan el poder de adaptarlo de acuerdo con sus preferencias precisas, lo que le permite establecer una tienda en l\u00ednea incomparable y distintiva que se distingue sin esfuerzo de la abrumadora competencia. Independientemente de si est\u00e1 expendiendo las computadoras port\u00e1tiles, los tel\u00e9fonos inteligentes o cualquier otro tipo de maravillas tecnol\u00f3gicas, tenga la seguridad de que el tema de la tecnolog\u00eda Junko supera todas las expectativas y emerge como la opci\u00f3n inequ\u00edvoca y ejemplar para elevar el rendimiento y la presentaci\u00f3n de su sitio WooCommerce Wordpress.<\/p>\n","protected":false},"featured_media":166532,"comment_status":"open","ping_status":"open","template":"","meta":[],"product_brand":[2337],"product_cat":[1263,1469,1237],"product_tag":[1391],"class_list":{"0":"post-113628","1":"product","2":"type-product","3":"status-publish","4":"has-post-thumbnail","6":"product_brand-themeforest","7":"product_cat-comercio-electronico-temas","8":"product_cat-creativo-comercio-electronico-temas","9":"product_cat-temas","10":"product_tag-themeforest","11":"member-discount","12":"discount-restricted","14":"first","15":"instock","16":"sale","17":"downloadable","18":"virtual","19":"sold-individually","20":"purchasable","21":"product-type-simple"},"_links":{"self":[{"href":"https:\/\/gpl-love.com\/es\/wp-json\/wp\/v2\/product\/113628","targetHints":{"allow":["GET"]}}],"collection":[{"href":"https:\/\/gpl-love.com\/es\/wp-json\/wp\/v2\/product"}],"about":[{"href":"https:\/\/gpl-love.com\/es\/wp-json\/wp\/v2\/types\/product"}],"replies":[{"embeddable":true,"href":"https:\/\/gpl-love.com\/es\/wp-json\/wp\/v2\/comments?post=113628"}],"wp:featuredmedia":[{"embeddable":true,"href":"https:\/\/gpl-love.com\/es\/wp-json\/wp\/v2\/media\/166532"}],"wp:attachment":[{"href":"https:\/\/gpl-love.com\/es\/wp-json\/wp\/v2\/media?parent=113628"}],"wp:term":[{"taxonomy":"product_brand","embeddable":true,"href":"https:\/\/gpl-love.com\/es\/wp-json\/wp\/v2\/product_brand?post=113628"},{"taxonomy":"product_cat","embeddable":true,"href":"https:\/\/gpl-love.com\/es\/wp-json\/wp\/v2\/product_cat?post=113628"},{"taxonomy":"product_tag","embeddable":true,"href":"https:\/\/gpl-love.com\/es\/wp-json\/wp\/v2\/product_tag?post=113628"}],"curies":[{"name":"wp","href":"https:\/\/api.w.org\/{rel}","templated":true}]}}