{"id":113626,"date":"2021-05-24T00:00:00","date_gmt":"2021-05-24T05:00:00","guid":{"rendered":"http:\/\/gpl-love.com\/es\/?post_type=product&#038;p=113626"},"modified":"2026-03-13T17:23:19","modified_gmt":"2026-03-13T22:23:19","slug":"koncrete-construction-building-wordpress-theme","status":"publish","type":"product","link":"https:\/\/gpl-love.com\/es\/producto\/koncrete-construction-building-wordpress-theme\/","title":{"rendered":"Koncrete Construction Building WordPress Theme 1.5.8"},"content":{"rendered":"<h3>Koncrete Construction Building WordPress Theme Caracteristicas<\/h3>\n<p>El tema de WordPress de Koncrete Construction Building, que es una plantilla de sitio web notablemente de alta calidad, ha sido dise\u00f1ado espec\u00edficamente para empresas de construcci\u00f3n, constructores, contratistas y otras empresas estrechamente relacionadas. Este tema muestra un dise\u00f1o excepcionalmente contempor\u00e1neo y elegante que posee no solo funcionalidad sino tambi\u00e9n un atractivo visual cautivador. Con su interfaz intuitivamente dise\u00f1ada y f\u00e1cil de usar, adaptar sin esfuerzo el tema para alinearse con su marca y los requisitos comerciales se convierte en una brisa absoluta. Adem\u00e1s, una extensa gama de caracter\u00edsticas y complementos acompa\u00f1a a este tema, lo que le permite fabricar p\u00e1ginas impresionantes, exhibir sus proyectos y servicios e interactuar efectivamente con su p\u00fablico objetivo. Al optar por el tema de WordPress de Koncrete Construction Building, est\u00e1 tomando una decisi\u00f3n realmente magn\u00edfica en t\u00e9rminos de establecer una presencia en l\u00ednea robusta y impulsar el crecimiento de su negocio a nuevas alturas.<\/p>\n<ul>\n<li>Dise\u00f1o profesional y moderno adecuado para la industria de la construcci\u00f3n<\/li>\n<li>Optimizado para la velocidad y el rendimiento para garantizar tiempos de carga r\u00e1pidas<\/li>\n<li>Totalmente receptivo y amigable para los dispositivos m\u00f3viles para acomodar a los usuarios en todos los dispositivos<\/li>\n<li>Construido utilizando las \u00faltimas tecnolog\u00edas web y est\u00e1ndares de codificaci\u00f3n<\/li>\n<li>P\u00e1gina de inicio personalizable y plantillas preconstruidas para una f\u00e1cil configuraci\u00f3n del sitio web<\/li>\n<li>Integraci\u00f3n con complementos populares de WordPress para una funcionalidad adicional<\/li>\n<li>interfaz intuitiva y f\u00e1cil de usar para facilitar el uso<\/li>\n<li>Documentaci\u00f3n integral y atenci\u00f3n al cliente para asistencia y soluci\u00f3n de problemas<\/li>\n<\/ul>\n","protected":false},"excerpt":{"rendered":"<p>El tema de WordPress de Koncrete Construction Building es realmente una opci\u00f3n ejemplar para las empresas en el campo de la construcci\u00f3n, la arquitectura y la ingenier\u00eda. Con un dise\u00f1o pr\u00edstino y contempor\u00e1neo, este tema ofrece una apariencia sofisticada y pulida en su sitio web. Lo que distingue a este tema es su gran parte de las caracter\u00edsticas, incluido un dise\u00f1o receptivo que garantiza una adaptaci\u00f3n perfecta en diferentes dispositivos, una multitud de opciones de personalizaci\u00f3n para permitir toques personalizados, una interfaz intuitiva y f\u00e1cil de usar que simplifica el proceso de construcci\u00f3n del sitio web, y complementos premium preinstalados que elevan la funcionalidad de su sitio web. Al optar por el tema de WordPress de Koncrete Construction Building, est\u00e1 seleccionando efectivamente una soluci\u00f3n que abarca todo lo que atiende a la creaci\u00f3n de un sitio web extraordinario que cumple con todos los requisitos comerciales.<\/p>\n","protected":false},"featured_media":166560,"comment_status":"open","ping_status":"open","template":"","meta":[],"product_brand":[2337],"product_cat":[1307,1237,1238],"product_tag":[1391],"class_list":{"0":"post-113626","1":"product","2":"type-product","3":"status-publish","4":"has-post-thumbnail","6":"product_brand-themeforest","7":"product_cat-negocio-wordpress-temas","8":"product_cat-temas","9":"product_cat-wordpress-temas","10":"product_tag-themeforest","11":"member-discount","12":"discount-restricted","14":"first","15":"instock","16":"sale","17":"downloadable","18":"virtual","19":"sold-individually","20":"purchasable","21":"product-type-simple"},"_links":{"self":[{"href":"https:\/\/gpl-love.com\/es\/wp-json\/wp\/v2\/product\/113626","targetHints":{"allow":["GET"]}}],"collection":[{"href":"https:\/\/gpl-love.com\/es\/wp-json\/wp\/v2\/product"}],"about":[{"href":"https:\/\/gpl-love.com\/es\/wp-json\/wp\/v2\/types\/product"}],"replies":[{"embeddable":true,"href":"https:\/\/gpl-love.com\/es\/wp-json\/wp\/v2\/comments?post=113626"}],"wp:featuredmedia":[{"embeddable":true,"href":"https:\/\/gpl-love.com\/es\/wp-json\/wp\/v2\/media\/166560"}],"wp:attachment":[{"href":"https:\/\/gpl-love.com\/es\/wp-json\/wp\/v2\/media?parent=113626"}],"wp:term":[{"taxonomy":"product_brand","embeddable":true,"href":"https:\/\/gpl-love.com\/es\/wp-json\/wp\/v2\/product_brand?post=113626"},{"taxonomy":"product_cat","embeddable":true,"href":"https:\/\/gpl-love.com\/es\/wp-json\/wp\/v2\/product_cat?post=113626"},{"taxonomy":"product_tag","embeddable":true,"href":"https:\/\/gpl-love.com\/es\/wp-json\/wp\/v2\/product_tag?post=113626"}],"curies":[{"name":"wp","href":"https:\/\/api.w.org\/{rel}","templated":true}]}}