{"id":113624,"date":"2021-09-08T00:00:00","date_gmt":"2021-09-08T05:00:00","guid":{"rendered":"http:\/\/gpl-love.com\/es\/?post_type=product&#038;p=113624"},"modified":"2026-03-13T17:23:10","modified_gmt":"2026-03-13T22:23:10","slug":"kids-heaven-children-wordpress-theme","status":"publish","type":"product","link":"https:\/\/gpl-love.com\/es\/producto\/kids-heaven-children-wordpress-theme\/","title":{"rendered":"Kids Heaven Children WordPress Theme 3.0"},"content":{"rendered":"<h3>Kids Heaven Children WordPress Theme Caracteristicas<\/h3>\n<p>Kids Heaven Kids WordPress El tema es una soluci\u00f3n que lo abarca todo lo que tiene como objetivo facilitar la creaci\u00f3n de sitios web visualmente cautivadores y cautivadores para ni\u00f1os. Con una amplia gama de caracter\u00edsticas, este tema se ha creado meticulosamente para satisfacer las diversas necesidades de los centros de cuidado infantil, preescolares, jardines de infancia y otros negocios relacionados. Su dise\u00f1o vibrante y en\u00e9rgico exuda un aire de juego, mientras que su dise\u00f1o receptivo garantiza una compatibilidad perfecta en todos los dispositivos, promoviendo as\u00ed una experiencia de usuario constantemente gratificante y positiva. Adem\u00e1s de eso, este tema ofrece una gran cantidad de opciones de personalizaci\u00f3n, lo que le permite ajustar sin esfuerzo su apariencia y funcionalidad para alinearse con sus requisitos espec\u00edficos. Adem\u00e1s, viene equipado con una amplia variedad de plantillas, widgets y complementos preconstruidos, todos los cuales sirven para optimizar y acelerar el proceso de construcci\u00f3n del sitio web. Por \u00faltimo, vale la pena se\u00f1alar que el tema de WordPress de los ni\u00f1os del cielo de los ni\u00f1os est\u00e1 optimizado deliberadamente para SEO, facilitando efectivamente las clasificaciones m\u00e1s altas en los motores de b\u00fasqueda y conduciendo una mayor afluencia de tr\u00e1fico a su sitio web.<\/p>\n<ul>\n<li>Un tema de WordPress vibrante y divertido dise\u00f1ado espec\u00edficamente para sitios web infantiles<\/li>\n<li>Presenta un dise\u00f1o colorido y l\u00fadico, con opciones de color personalizables disponibles<\/li>\n<li>Incluye m\u00e1s de 10 plantillas de p\u00e1gina dise\u00f1adas profesionalmente para una f\u00e1cil creaci\u00f3n de sitios web<\/li>\n<li>Compatible con todos los complementos populares de WordPress y totalmente receptivo para dispositivos m\u00f3viles<\/li>\n<li>Builder de p\u00e1gina de arrastrar y soltar f\u00e1cil de usar para personalizar y crear p\u00e1ginas \u00fanicas<\/li>\n<li>Viene con opciones incorporadas para exhibir eventos, galer\u00edas y publicaciones de blog<\/li>\n<li>Incluye una pr\u00e1ctica funci\u00f3n de importaci\u00f3n de demostraci\u00f3n de un clic para comenzar r\u00e1pidamente<\/li>\n<li>SEO optimizado para una mejor clasificaci\u00f3n de motores de b\u00fasqueda e incluye integraci\u00f3n de schema.org<\/li>\n<li>Construido sobre una base s\u00f3lida de c\u00f3digo limpio y eficiente para tiempos de carga m\u00e1s r\u00e1pidos y un mejor rendimiento<\/li>\n<li>Incluye soporte dedicado y actualizaciones peri\u00f3dicas para garantizar que su sitio web se mantenga actualizado y funcionando sin problemas.<\/li>\n<\/ul>\n","protected":false},"excerpt":{"rendered":"<p>El tema de WordPress de los ni\u00f1os del cielo de los ni\u00f1os se presenta como la mejor soluci\u00f3n para las personas que desean embarcarse en la creaci\u00f3n de un sitio web vibrante y jovial que gira en torno a las actividades e intereses de los ni\u00f1os. Con su dise\u00f1o visualmente atractivo, v\u00edvido y llamativo, as\u00ed como sus atributos personalizables, elaborar un sitio web que sea distintivo y cautivador para padres e hijos se convierte en un esfuerzo sin costuras. La naturaleza f\u00e1cil de usar del tema, combinada con su amplia gama de opciones para adaptar el dise\u00f1o, los colores, las fuentes y varios otros elementos, garantiza una experiencia perfecta para los usuarios. Adem\u00e1s, cuenta con una calidad altamente receptiva, lo que garantiza que su sitio web mantenga su atractivo visual y su rendimiento \u00f3ptimo en todos los dispositivos. Ya sea que maneje una guarder\u00eda, un preescolar o simplemente aspire a exhibir los proyectos art\u00edsticos o de artesan\u00eda de sus hijos, el tema de WordPress de los ni\u00f1os del cielo de los ni\u00f1os emerge como el ep\u00edtome de la excelencia y la elecci\u00f3n ideal.<\/p>\n","protected":false},"featured_media":166550,"comment_status":"open","ping_status":"open","template":"","meta":[],"product_brand":[2337],"product_cat":[1267,1237,1238],"product_tag":[1391],"class_list":{"0":"post-113624","1":"product","2":"type-product","3":"status-publish","4":"has-post-thumbnail","6":"product_brand-themeforest","7":"product_cat-creativo","8":"product_cat-temas","9":"product_cat-wordpress-temas","10":"product_tag-themeforest","11":"member-discount","12":"discount-restricted","14":"first","15":"instock","16":"sale","17":"downloadable","18":"virtual","19":"sold-individually","20":"purchasable","21":"product-type-simple"},"_links":{"self":[{"href":"https:\/\/gpl-love.com\/es\/wp-json\/wp\/v2\/product\/113624","targetHints":{"allow":["GET"]}}],"collection":[{"href":"https:\/\/gpl-love.com\/es\/wp-json\/wp\/v2\/product"}],"about":[{"href":"https:\/\/gpl-love.com\/es\/wp-json\/wp\/v2\/types\/product"}],"replies":[{"embeddable":true,"href":"https:\/\/gpl-love.com\/es\/wp-json\/wp\/v2\/comments?post=113624"}],"wp:featuredmedia":[{"embeddable":true,"href":"https:\/\/gpl-love.com\/es\/wp-json\/wp\/v2\/media\/166550"}],"wp:attachment":[{"href":"https:\/\/gpl-love.com\/es\/wp-json\/wp\/v2\/media?parent=113624"}],"wp:term":[{"taxonomy":"product_brand","embeddable":true,"href":"https:\/\/gpl-love.com\/es\/wp-json\/wp\/v2\/product_brand?post=113624"},{"taxonomy":"product_cat","embeddable":true,"href":"https:\/\/gpl-love.com\/es\/wp-json\/wp\/v2\/product_cat?post=113624"},{"taxonomy":"product_tag","embeddable":true,"href":"https:\/\/gpl-love.com\/es\/wp-json\/wp\/v2\/product_tag?post=113624"}],"curies":[{"name":"wp","href":"https:\/\/api.w.org\/{rel}","templated":true}]}}