{"id":113615,"date":"2022-03-08T00:00:00","date_gmt":"2022-03-08T05:00:00","guid":{"rendered":"http:\/\/gpl-love.com\/es\/?post_type=product&#038;p=113615"},"modified":"2026-04-10T11:22:08","modified_gmt":"2026-04-10T16:22:08","slug":"product-loops-para-woocommerce","status":"publish","type":"product","link":"https:\/\/gpl-love.com\/es\/producto\/product-loops-para-woocommerce\/","title":{"rendered":"Product Loops para WooCommerce 1.7.2"},"content":{"rendered":"<h3>Product Loops para WooCommerce Caracteristicas<\/h3>\n<p>Los bucles de productos para WooCommerce son un complemento altamente eficiente y efectivo que mejora significativamente la presentaci\u00f3n visual de los listados de productos en su tienda WooCommerce. Al incorporar este ingenioso complemento, se le otorga la notable capacidad de personalizar sin esfuerzo la apariencia de sus bucles de productos, aumentando as\u00ed su atractivo est\u00e9tico y su atractivo general. Adem\u00e1s, este notable complemento le permite integrar a la perfecci\u00f3n los filtros de productos y las opciones de clasificaci\u00f3n, lo que le permite organizar meticulosamente la informaci\u00f3n de su producto de una manera excepcionalmente sistem\u00e1tica y visualmente agradable. Ya sea que su objetivo sea resaltar sus \u00faltimos llegadas o mostrar de manera efectiva sus productos m\u00e1s vendidos, tenga la seguridad de que los bucles de productos para WooCommerce le otorgan la versatilidad incomparable para curar una lista de productos que atiende con precisi\u00f3n sus requisitos \u00fanicos y espec\u00edficos. Adem\u00e1s, la facilidad de uso incomparable y la integraci\u00f3n sin esfuerzo de este complemento con su tienda WooCommerce existente lo convierten en una opci\u00f3n excepcionalmente prudente para las empresas de todas las magnitudes, solidificando su estado como un activo indispensable.<\/p>\n<ul>\n<li>Permite la creaci\u00f3n y personalizaci\u00f3n f\u00e1cil de los bucles de productos en WooCommerce<\/li>\n<li>Ofrece plantillas preconstruidas para varios dise\u00f1os de bucles de productos<\/li>\n<li>Proporciona opciones flexibles para mostrar informaci\u00f3n del producto, como precios y revisiones<\/li>\n<li>Ayuda a mejorar la experiencia general del usuario para los clientes que navegan en una tienda WooCommerce<\/li>\n<li>Compatible con todos los temas de WordPress y marcos CSS<\/li>\n<li>Ligero y optimizado para tiempos de carga r\u00e1pidas<\/li>\n<li>Ofrece control total sobre el dise\u00f1o y el dise\u00f1o de los bucles de productos, incluida la capacidad de agregar CSS y HTML personalizados<\/li>\n<li>Permite una f\u00e1cil integraci\u00f3n con otros complementos y extensiones de WooCommerce<\/li>\n<li>Proporciona un excelente soporte y documentaci\u00f3n para ayudar a los usuarios a aprovechar al m\u00e1ximo el producto.<\/li>\n<\/ul>\n","protected":false},"excerpt":{"rendered":"<p>Experimente un impulso significativo tanto en sus ventas como en la satisfacci\u00f3n del cliente mediante la implementaci\u00f3n de los bucles de productos poderosos y vers\u00e1tiles para WooCommerce. Al integrar este complemento excepcional en su sitio web, obtiene la capacidad de exhibir sin esfuerzo rejillas y carruseles personalizados y totalmente personalizables. Esta herramienta rica en caracter\u00edsticas no solo facilita las opciones convenientes de filtrado, clasificaci\u00f3n y paginaci\u00f3n de productos, sino que tambi\u00e9n garantiza que sus clientes puedan localizar r\u00e1pidamente y adquirir precisamente lo que desean. Adem\u00e1s, el complemento ofrece funcionalidades avanzadas de estilo y compatibilidad completa con dispositivos m\u00f3viles, lo que garantiza que sus pantallas de productos visualmente impresionantes se adaptar\u00e1n perfectamente a cualquier tama\u00f1o de pantalla. Eleve sus triunfos de comercio electr\u00f3nico a alturas sin precedentes con las capacidades inigualables de los bucles de productos para WooCommerce.<\/p>\n","protected":false},"featured_media":167261,"comment_status":"open","ping_status":"open","template":"","meta":[],"product_brand":[2339],"product_cat":[1207,1248,1206],"product_tag":[1256],"class_list":{"0":"post-113615","1":"product","2":"type-product","3":"status-publish","4":"has-post-thumbnail","6":"product_brand-codecanyon","7":"product_cat-comercio-electronico-plugins","8":"product_cat-personalizacion-comercio-electronico-plugins","9":"product_cat-plugins","10":"product_tag-codecanyon","11":"member-discount","12":"discount-restricted","14":"first","15":"instock","16":"sale","17":"downloadable","18":"virtual","19":"sold-individually","20":"purchasable","21":"product-type-simple"},"_links":{"self":[{"href":"https:\/\/gpl-love.com\/es\/wp-json\/wp\/v2\/product\/113615","targetHints":{"allow":["GET"]}}],"collection":[{"href":"https:\/\/gpl-love.com\/es\/wp-json\/wp\/v2\/product"}],"about":[{"href":"https:\/\/gpl-love.com\/es\/wp-json\/wp\/v2\/types\/product"}],"replies":[{"embeddable":true,"href":"https:\/\/gpl-love.com\/es\/wp-json\/wp\/v2\/comments?post=113615"}],"wp:featuredmedia":[{"embeddable":true,"href":"https:\/\/gpl-love.com\/es\/wp-json\/wp\/v2\/media\/167261"}],"wp:attachment":[{"href":"https:\/\/gpl-love.com\/es\/wp-json\/wp\/v2\/media?parent=113615"}],"wp:term":[{"taxonomy":"product_brand","embeddable":true,"href":"https:\/\/gpl-love.com\/es\/wp-json\/wp\/v2\/product_brand?post=113615"},{"taxonomy":"product_cat","embeddable":true,"href":"https:\/\/gpl-love.com\/es\/wp-json\/wp\/v2\/product_cat?post=113615"},{"taxonomy":"product_tag","embeddable":true,"href":"https:\/\/gpl-love.com\/es\/wp-json\/wp\/v2\/product_tag?post=113615"}],"curies":[{"name":"wp","href":"https:\/\/api.w.org\/{rel}","templated":true}]}}