{"id":113613,"date":"2021-05-23T00:00:00","date_gmt":"2021-05-23T05:00:00","guid":{"rendered":"http:\/\/gpl-love.com\/es\/?post_type=product&#038;p=113613"},"modified":"2026-03-13T17:22:20","modified_gmt":"2026-03-13T22:22:20","slug":"hotello-hotel-booking-wordpress-theme","status":"publish","type":"product","link":"https:\/\/gpl-love.com\/es\/producto\/hotello-hotel-booking-wordpress-theme\/","title":{"rendered":"Hotello Hotel Booking WordPress Theme 1.3.6"},"content":{"rendered":"<h3>Hotello Hotel Booking WordPress Theme Caracteristicas<\/h3>\n<p>Hotello Hotel Booking WordPress Theme es una soluci\u00f3n premium que ha sido meticulosamente elaborada para ayudar a los proveedores de hoteles y alojamientos a establecer una presencia sofisticada en l\u00ednea. Este notable tema cuenta con una mir\u00edada de caracter\u00edsticas impresionantes, que incluye un sistema de reserva avanzado, la capacidad de personalizar los dise\u00f1os de p\u00e1gina al deseo de su coraz\u00f3n y un dise\u00f1o receptivo que garantiza una experiencia de visualizaci\u00f3n \u00f3ptima en todos los dispositivos. Con las capacidades extraordinarias de Hotello, las tarifas de las habitaciones, la disponibilidad y las reservas de gesti\u00f3n sin esfuerzo se convierten en una brisa absoluta, lo que es la opci\u00f3n perfecta para hoteles, resorts y casas de hu\u00e9spedes por igual. Adem\u00e1s, el tema otorga a los usuarios acceso a una variedad encantadora de plantillas preconstruidas espec\u00edficamente adaptadas para habitaciones, galer\u00edas y testimonios, lo que garantiza que elaborar un sitio web realmente impresionante que muestre la magnificencia de su propiedad nunca ha sido m\u00e1s f\u00e1cil. En resumen, el tema de WordPress de Hotello Hotel es una herramienta extremadamente potente y vers\u00e1til que est\u00e1 preparada para reforzar significativamente su presencia en l\u00ednea y cautivar la atenci\u00f3n de una clientela m\u00e1s grande.<\/p>\n<ul>\n<li>Un tema de WordPress moderno y elegante dise\u00f1ado espec\u00edficamente para reservas de hoteles<\/li>\n<li>Optimizado para la velocidad y el rendimiento, asegurando tiempos de carga r\u00e1pidos para los usuarios<\/li>\n<li>Viene con una gama de plantillas predise\u00f1adas para exhibir habitaciones de hotel, servicios y planes de precios.<\/li>\n<li>Ofrece una integraci\u00f3n perfecta con motores de reserva populares, como Airbnb y Booking.com<\/li>\n<li>Sistema de gesti\u00f3n de reservas f\u00e1cil de usar, que permite a los propietarios de hoteles ver y administrar reservas directamente desde su tablero de WordPress<\/li>\n<li>Dise\u00f1o totalmente receptivo, asegurando que el sitio web de su hotel se vea muy bien en todos los dispositivos<\/li>\n<li>Opciones de dise\u00f1o personalizables, que incluyen una gama de esquemas de color y fuentes para elegir<\/li>\n<li>Integraci\u00f3n incorporada en las redes sociales, permitiendo a los invitados compartir sus detalles de reserva con amigos y familiares<\/li>\n<li>Dise\u00f1o amigable para SEO, ayudando a su sitio web de hotel a clasificar m\u00e1s alto en las p\u00e1ginas de resultados del motor de b\u00fasqueda<\/li>\n<li>Documentaci\u00f3n integral y equipo de apoyo dedicado disponible para responder cualquier pregunta o inquietud<\/li>\n<\/ul>\n","protected":false},"excerpt":{"rendered":"<p>El tema de WordPress del hotel Hotello, con una est\u00e9tica elegante y moderna, ha sido meticulosamente elaborada para satisfacer las necesidades de los hoteles y el alojamiento de viajes. Esta plantilla exquisitamente dise\u00f1ada est\u00e1 llena de una variedad de caracter\u00edsticas de vanguardia, incluida la capacidad de personalizar dise\u00f1os, opciones de reserva sin interrupciones y un dise\u00f1o receptivo altamente adaptable, lo que hace que la selecci\u00f3n por excelencia para los hoteles que aspira a exhibir sus propiedades distintivas en el \u00e1mbito digital . Con su interfaz notablemente f\u00e1cil de usar y un arsenal de herramientas robustas a su disposici\u00f3n, el tema de WordPress de Hotello sirve como un activo indispensable para los hoteleros que anhelan amplificar su presencia en l\u00ednea y aumentar sus reservas.<\/p>\n","protected":false},"featured_media":166434,"comment_status":"open","ping_status":"open","template":"","meta":[],"product_brand":[2337],"product_cat":[1548,1237,1238],"product_tag":[1391],"class_list":{"0":"post-113613","1":"product","2":"type-product","3":"status-publish","4":"has-post-thumbnail","6":"product_brand-themeforest","7":"product_cat-resort-hotel","8":"product_cat-temas","9":"product_cat-wordpress-temas","10":"product_tag-themeforest","11":"member-discount","12":"discount-restricted","14":"first","15":"instock","16":"sale","17":"downloadable","18":"virtual","19":"sold-individually","20":"purchasable","21":"product-type-simple"},"_links":{"self":[{"href":"https:\/\/gpl-love.com\/es\/wp-json\/wp\/v2\/product\/113613","targetHints":{"allow":["GET"]}}],"collection":[{"href":"https:\/\/gpl-love.com\/es\/wp-json\/wp\/v2\/product"}],"about":[{"href":"https:\/\/gpl-love.com\/es\/wp-json\/wp\/v2\/types\/product"}],"replies":[{"embeddable":true,"href":"https:\/\/gpl-love.com\/es\/wp-json\/wp\/v2\/comments?post=113613"}],"wp:featuredmedia":[{"embeddable":true,"href":"https:\/\/gpl-love.com\/es\/wp-json\/wp\/v2\/media\/166434"}],"wp:attachment":[{"href":"https:\/\/gpl-love.com\/es\/wp-json\/wp\/v2\/media?parent=113613"}],"wp:term":[{"taxonomy":"product_brand","embeddable":true,"href":"https:\/\/gpl-love.com\/es\/wp-json\/wp\/v2\/product_brand?post=113613"},{"taxonomy":"product_cat","embeddable":true,"href":"https:\/\/gpl-love.com\/es\/wp-json\/wp\/v2\/product_cat?post=113613"},{"taxonomy":"product_tag","embeddable":true,"href":"https:\/\/gpl-love.com\/es\/wp-json\/wp\/v2\/product_tag?post=113613"}],"curies":[{"name":"wp","href":"https:\/\/api.w.org\/{rel}","templated":true}]}}