{"id":113611,"date":"2023-04-13T00:00:00","date_gmt":"2023-04-13T05:00:00","guid":{"rendered":"http:\/\/gpl-love.com\/es\/?post_type=product&#038;p=113611"},"modified":"2026-03-13T17:21:49","modified_gmt":"2026-03-13T22:21:49","slug":"green-planet-ecology-y-environment-wordpress-theme","status":"publish","type":"product","link":"https:\/\/gpl-love.com\/es\/producto\/green-planet-ecology-y-environment-wordpress-theme\/","title":{"rendered":"Green Planet Ecology y Environment WordPress Theme 1.1.6"},"content":{"rendered":"<h3>Green Planet Ecology y Environment WordPress Theme Caracteristicas<\/h3>\n<p>El tema de WordPress de Ecolog\u00eda y Medio Ambiente del Planeta Verde es un tema incre\u00edblemente cautivador y excepcionalmente receptivo que se ha ideado meticulosamente espec\u00edficamente para empresas y organizaciones que ponen un fuerte \u00e9nfasis en las causas ambientales. Con su dise\u00f1o elegante y de vanguardia, este tema proporciona una amplia gama de caracter\u00edsticas personalizables que le brindan la oportunidad de dise\u00f1ar un sitio web \u00fanico y cautivador que realmente encarna su marca. Con un constructor de p\u00e1ginas de arrastrar y soltar altamente influyente, una multitud de p\u00e1ginas predise\u00f1adas y opciones de temas avanzados, Green Planet simplifica el proceso de construcci\u00f3n de un sitio web centrado en las preocupaciones ambientales que es amigable y est\u00e9ticamente agradable. Ya sea que su objetivo sea establecer una presencia en l\u00ednea para su organizaci\u00f3n ambiental o exhibir sus productos o servicios ecol\u00f3gicos, el tema de WordPress de Green Planet Planet es la herramienta definitiva para ayudarlo a lograr sus aspiraciones.<\/p>\n<ul>\n<li>Tema de WordPress personalizable y f\u00e1cil de usar dise\u00f1ado para organizaciones ambientales y de ecolog\u00eda<\/li>\n<li>Presenta un dise\u00f1o moderno y visualmente atractivo con m\u00faltiples opciones de dise\u00f1o<\/li>\n<li>Incluye widgets personalizados y tipos de publicaciones para mostrar informaci\u00f3n sobre iniciativas y proyectos ambientales.<\/li>\n<li>Proporciona una variedad de caracter\u00edsticas pr\u00e1cticas para el compromiso con seguidores y miembros, como botones de donaci\u00f3n, calendarios de eventos y enlaces de redes sociales.<\/li>\n<li>Admite opciones de ingl\u00e9s y espa\u00f1ol<\/li>\n<li>Compatible con complementos populares como WooCommerce y el Formulario de contacto 7 para una funcionalidad adicional<\/li>\n<li>Incluye una amplia documentaci\u00f3n y apoyo de los desarrolladores de temas<\/li>\n<li>Actualizado y mantenido regularmente para garantizar la compatibilidad con las \u00faltimas versiones de WordPress y actualizaciones de seguridad.<\/li>\n<\/ul>\n","protected":false},"excerpt":{"rendered":"<p>El tema de WordPress y el tema de WordPress exquisitamente elaborado y altamente funcional de WordPress se ha adaptado espec\u00edficamente para satisfacer las necesidades exigentes de organizaciones ambientales, organizaciones ben\u00e9ficas y ONG. Este tema impresionante, que adopta un esquema de color verde para reflejar su enfoque ecol\u00f3gico, cuenta con un nivel incomparable de personalizaci\u00f3n, lo que permite a los usuarios moldearlo sin esfuerzo a sus especificaciones \u00fanicas. Con una multitud de caracter\u00edsticas a su disposici\u00f3n, puede dise\u00f1ar sin esfuerzo un sitio web impactante e informativo que dejar\u00e1 una impresi\u00f3n duradera en los visitantes. El tema viene repleto de una amplia gama de plantillas predise\u00f1adas y m\u00faltiples p\u00e1ginas, lo que permite que incluso los usuarios m\u00e1s novatos construyan sin esfuerzo un sitio web que exude la profesionalidad y cautive la atenci\u00f3n de la audiencia. La simplicidad inherente del tema se acent\u00faa a\u00fan m\u00e1s por su interfaz intuitiva y herramientas f\u00e1ciles de usar, asegurando que administrar su contenido, publicar publicaciones de blog y mostrar sus proyectos de una manera visualmente impresionante se convierte en un esfuerzo sin problemas y sin esfuerzo. Indudablemente, el tema de WordPress de la Ecolog\u00eda y el Medio Ambiente del Planeta Verde es la mejor opci\u00f3n para aquellas personas apasionadas que se esfuerzan por marcar una diferencia tangible y aspiran ardientemente a contribuir al mejoramiento de nuestro planeta al crear conciencia sobre problemas ambientales apremiantes a trav\u00e9s de su sitio web.<\/p>\n","protected":false},"featured_media":166384,"comment_status":"open","ping_status":"open","template":"","meta":[],"product_brand":[2337],"product_cat":[1267,1237,1238],"product_tag":[1391],"class_list":{"0":"post-113611","1":"product","2":"type-product","3":"status-publish","4":"has-post-thumbnail","6":"product_brand-themeforest","7":"product_cat-creativo","8":"product_cat-temas","9":"product_cat-wordpress-temas","10":"product_tag-themeforest","11":"member-discount","12":"discount-restricted","14":"first","15":"instock","16":"sale","17":"downloadable","18":"virtual","19":"sold-individually","20":"purchasable","21":"product-type-simple"},"_links":{"self":[{"href":"https:\/\/gpl-love.com\/es\/wp-json\/wp\/v2\/product\/113611","targetHints":{"allow":["GET"]}}],"collection":[{"href":"https:\/\/gpl-love.com\/es\/wp-json\/wp\/v2\/product"}],"about":[{"href":"https:\/\/gpl-love.com\/es\/wp-json\/wp\/v2\/types\/product"}],"replies":[{"embeddable":true,"href":"https:\/\/gpl-love.com\/es\/wp-json\/wp\/v2\/comments?post=113611"}],"wp:featuredmedia":[{"embeddable":true,"href":"https:\/\/gpl-love.com\/es\/wp-json\/wp\/v2\/media\/166384"}],"wp:attachment":[{"href":"https:\/\/gpl-love.com\/es\/wp-json\/wp\/v2\/media?parent=113611"}],"wp:term":[{"taxonomy":"product_brand","embeddable":true,"href":"https:\/\/gpl-love.com\/es\/wp-json\/wp\/v2\/product_brand?post=113611"},{"taxonomy":"product_cat","embeddable":true,"href":"https:\/\/gpl-love.com\/es\/wp-json\/wp\/v2\/product_cat?post=113611"},{"taxonomy":"product_tag","embeddable":true,"href":"https:\/\/gpl-love.com\/es\/wp-json\/wp\/v2\/product_tag?post=113611"}],"curies":[{"name":"wp","href":"https:\/\/api.w.org\/{rel}","templated":true}]}}