{"id":113607,"date":"2025-03-20T00:00:00","date_gmt":"2025-03-20T05:00:00","guid":{"rendered":"http:\/\/gpl-love.com\/es\/?post_type=product&#038;p=113607"},"modified":"2026-03-13T17:33:20","modified_gmt":"2026-03-13T22:33:20","slug":"wp-rentals-booking-accommodation-wordpress-theme","status":"publish","type":"product","link":"https:\/\/gpl-love.com\/es\/producto\/wp-rentals-booking-accommodation-wordpress-theme\/","title":{"rendered":"WP Rentals Booking Accommodation WordPress Theme 3.14.1"},"content":{"rendered":"<h3>WP Rentals Booking Accommodation WordPress Theme Caracteristicas<\/h3>\n<p>El tema de WordPress de alojamiento de WP Rentals Booking, con su innumerable caracter\u00edsticas impresionantes, ha sido elaborado a prop\u00f3sito para ofrecer una experiencia de usuario incomparable para aquellos que buscan reservas de alojamiento de alquiler. Dentro de este tema, uno puede encontrar una amplia selecci\u00f3n de formularios de reserva personalizables, listados de propiedades y calendarios de reserva, todos espec\u00edficamente adaptados para satisfacer las necesidades \u00fanicas de los negocios de alquiler. Adem\u00e1s, ofrece una variedad de potentes herramientas de gesti\u00f3n de reservas, lo que permite a los usuarios vigilar sin esfuerzo en sus reservas, pagos e invitados. Adem\u00e1s, el extenso panel de opciones de tema del tema permite a los usuarios alinear sin esfuerzo su identidad de marca con su est\u00e9tica. Sin lugar a dudas, WP Rentals se erige como una soluci\u00f3n inigualable para las empresas de alquiler en busca de un sistema de reserva confiable, est\u00e9ticamente agradable y centrado en el usuario.<\/p>\n<ul>\n<li>Dise\u00f1o elegante y moderno<\/li>\n<li>Experiencia de usuario aumentada<\/li>\n<li>Sistema de reserva front-end dedicado e interactivo<\/li>\n<li>Filtros de b\u00fasqueda avanzados y opciones de clasificaci\u00f3n<\/li>\n<li>P\u00e1ginas de propiedades totalmente personalizables<\/li>\n<li>Gesti\u00f3n f\u00e1cil de reservas y alojamientos<\/li>\n<li>Opciones de pasarela de pago m\u00faltiples<\/li>\n<li>Integraci\u00f3n perfecta con plataformas de reserva populares como Airbnb y TripAdvisor<\/li>\n<li>Sistema de mensajes y revisi\u00f3n incorporados para invitados y anfitriones<\/li>\n<li>Compatible con varios complementos y complementos para una funcionalidad adicional.<\/li>\n<\/ul>\n","protected":false},"excerpt":{"rendered":"<p>El tema de WordPress de alojamiento de WP Rentals Booking es una herramienta altamente vers\u00e1til y totalmente personalizable que satisface las necesidades de los due\u00f1os de negocios de alquiler de propiedades, as\u00ed como las agencias inmobiliarias. Con una interfaz intuitiva y f\u00e1cil de usar, este tema presenta una oportunidad perfecta para establecer un sitio web visualmente convincente que exhiba efectivamente sus propiedades al tiempo que facilita las reservas en l\u00ednea para su estimada clientela. Este tema ofrece una variedad de caracter\u00edsticas notables, como un sistema de reserva robusto, herramientas integrales de administraci\u00f3n de propiedades, opciones de precios flexibles, integraci\u00f3n perfecta con Google Maps y mucho m\u00e1s. Al incorporar el tema de WordPress de alojamiento de alojamiento de WP en su presencia en l\u00ednea, puede mejorar significativamente su visibilidad en el \u00e1mbito digital y impulsar su negocio hacia un \u00e9xito incomparable.<\/p>\n","protected":false},"featured_media":168430,"comment_status":"open","ping_status":"open","template":"","meta":[],"product_brand":[2337],"product_cat":[1307,1237,1238],"product_tag":[1391],"class_list":{"0":"post-113607","1":"product","2":"type-product","3":"status-publish","4":"has-post-thumbnail","6":"product_brand-themeforest","7":"product_cat-negocio-wordpress-temas","8":"product_cat-temas","9":"product_cat-wordpress-temas","10":"product_tag-themeforest","11":"member-discount","12":"discount-restricted","14":"first","15":"instock","16":"sale","17":"downloadable","18":"virtual","19":"sold-individually","20":"purchasable","21":"product-type-simple"},"_links":{"self":[{"href":"https:\/\/gpl-love.com\/es\/wp-json\/wp\/v2\/product\/113607","targetHints":{"allow":["GET"]}}],"collection":[{"href":"https:\/\/gpl-love.com\/es\/wp-json\/wp\/v2\/product"}],"about":[{"href":"https:\/\/gpl-love.com\/es\/wp-json\/wp\/v2\/types\/product"}],"replies":[{"embeddable":true,"href":"https:\/\/gpl-love.com\/es\/wp-json\/wp\/v2\/comments?post=113607"}],"wp:featuredmedia":[{"embeddable":true,"href":"https:\/\/gpl-love.com\/es\/wp-json\/wp\/v2\/media\/168430"}],"wp:attachment":[{"href":"https:\/\/gpl-love.com\/es\/wp-json\/wp\/v2\/media?parent=113607"}],"wp:term":[{"taxonomy":"product_brand","embeddable":true,"href":"https:\/\/gpl-love.com\/es\/wp-json\/wp\/v2\/product_brand?post=113607"},{"taxonomy":"product_cat","embeddable":true,"href":"https:\/\/gpl-love.com\/es\/wp-json\/wp\/v2\/product_cat?post=113607"},{"taxonomy":"product_tag","embeddable":true,"href":"https:\/\/gpl-love.com\/es\/wp-json\/wp\/v2\/product_tag?post=113607"}],"curies":[{"name":"wp","href":"https:\/\/api.w.org\/{rel}","templated":true}]}}