{"id":113605,"date":"2022-06-11T00:00:00","date_gmt":"2022-06-11T05:00:00","guid":{"rendered":"http:\/\/gpl-love.com\/es\/?post_type=product&#038;p=113605"},"modified":"2026-04-10T11:23:34","modified_gmt":"2026-04-10T16:23:34","slug":"roofix-roofing-services-wordpress-theme","status":"publish","type":"product","link":"https:\/\/gpl-love.com\/es\/producto\/roofix-roofing-services-wordpress-theme\/","title":{"rendered":"Roofix Roofing Services WordPress Theme 2.0.5"},"content":{"rendered":"<h3>Roofix Roofing Services WordPress Theme Caracteristicas<\/h3>\n<p>El tema de WordPress de Roofix Roofing Services ha sido meticulosamente elaborado para satisfacer las necesidades de las compa\u00f1\u00edas de servicios de techado, lo que lo convierte en una herramienta formidable para tales negocios. Empaquetado con una gran cantidad de caracter\u00edsticas pr\u00e1cticas, este tema optimiza el proceso de los clientes que localiza y adquiere sus servicios. Las adiciones notables incluyen un formulario de reserva f\u00e1cil de usar, capacidades de programaci\u00f3n de citas perfectas y tablas de precios integrales. Adem\u00e1s, este tema cuenta con una personalizaci\u00f3n completa, lo que permite ajustes sin esfuerzo para alinearse con sus requisitos de marca distintivos. Con su dise\u00f1o navegable sin esfuerzo y su interfaz f\u00e1cil de usar, el tema de WordPress de Roofix Roofing Services surge como la soluci\u00f3n definitiva para cualquier empresa de techos que aspira a establecer una presencia en l\u00ednea dominante y atraer una base de clientes m\u00e1s grande.<\/p>\n<ul>\n<li>Dise\u00f1o profesional y moderno construido espec\u00edficamente para compa\u00f1\u00edas de techos<\/li>\n<li>Dise\u00f1o receptivo que se ve muy bien en cualquier dispositivo o tama\u00f1o de pantalla<\/li>\n<li>Opciones de personalizaci\u00f3n f\u00e1ciles, incluidos esquemas de color y fuentes<\/li>\n<li>Integraci\u00f3n con complementos populares de WordPress, como el formulario de contacto 7 y yoast SEO<\/li>\n<li>M\u00faltiples opciones de dise\u00f1o de la p\u00e1gina de inicio y p\u00e1ginas preconstruidas para una f\u00e1cil configuraci\u00f3n<\/li>\n<li>Sistema de reserva de citas incorporado y galer\u00eda de exhibici\u00f3n de servicios<\/li>\n<li>Opciones de blog y cartera ilimitadas para exhibir el trabajo de su empresa<\/li>\n<li>Equipo de soporte dedicado disponible para ayudar con la configuraci\u00f3n y la personalizaci\u00f3n<\/li>\n<li>Actualizaciones y mejoras regulares para garantizar la compatibilidad con la \u00faltima versi\u00f3n y complementos de WordPress.<\/li>\n<\/ul>\n","protected":false},"excerpt":{"rendered":"<p>El tema de WordPress de Roofix Roofing Services, elaborado con una atenci\u00f3n impecable al detalle, es un tema del sitio web excepcionalmente vers\u00e1til y visualmente cautivador adaptado exclusivamente para satisfacer las necesidades de los contratistas y los servicios de reparaci\u00f3n de techos. Este tema de vanguardia cuenta no solo una experiencia de navegaci\u00f3n perfecta, sino tambi\u00e9n una notable exhibici\u00f3n de su profunda experiencia en el \u00e1mbito de los servicios de techado, asegurando que sus estimados visitantes del sitio web obtengan acceso sin restricciones a un repositorio integral de informaci\u00f3n indispensable. Impulsado por una interfaz intuitiva y f\u00e1cil de usar, el tema de Roofix presenta una impresionante variedad de opciones de personalizaci\u00f3n, lo que le permite amplificar la presencia de su marca e inculcar una impresi\u00f3n indeleble en las mentes de su audiencia, impulsando as\u00ed su sitio web a una estad\u00edstica de distinci\u00f3n sin parar. . Con su dise\u00f1o elegante y contempor\u00e1neo, este tema est\u00e1 armado con caracter\u00edsticas de \u00faltima generaci\u00f3n, un constructor de dise\u00f1o sin esfuerzo, un constructor de control deslizante y una mir\u00edada de otras funcionalidades de vanguardia. Prep\u00e1rese para embarcarse en un viaje estimulante hacia un triunfo sin precedentes mientras trasciende los l\u00edmites de los sitios web de techos convencionales con el asombroso tema de WordPress de Roofix Roofix Services.<\/p>\n","protected":false},"featured_media":167383,"comment_status":"open","ping_status":"open","template":"","meta":[],"product_brand":[2337],"product_cat":[1307,1237,1238],"product_tag":[1391],"class_list":{"0":"post-113605","1":"product","2":"type-product","3":"status-publish","4":"has-post-thumbnail","6":"product_brand-themeforest","7":"product_cat-negocio-wordpress-temas","8":"product_cat-temas","9":"product_cat-wordpress-temas","10":"product_tag-themeforest","11":"member-discount","12":"discount-restricted","14":"first","15":"instock","16":"sale","17":"downloadable","18":"virtual","19":"sold-individually","20":"purchasable","21":"product-type-simple"},"_links":{"self":[{"href":"https:\/\/gpl-love.com\/es\/wp-json\/wp\/v2\/product\/113605","targetHints":{"allow":["GET"]}}],"collection":[{"href":"https:\/\/gpl-love.com\/es\/wp-json\/wp\/v2\/product"}],"about":[{"href":"https:\/\/gpl-love.com\/es\/wp-json\/wp\/v2\/types\/product"}],"replies":[{"embeddable":true,"href":"https:\/\/gpl-love.com\/es\/wp-json\/wp\/v2\/comments?post=113605"}],"wp:featuredmedia":[{"embeddable":true,"href":"https:\/\/gpl-love.com\/es\/wp-json\/wp\/v2\/media\/167383"}],"wp:attachment":[{"href":"https:\/\/gpl-love.com\/es\/wp-json\/wp\/v2\/media?parent=113605"}],"wp:term":[{"taxonomy":"product_brand","embeddable":true,"href":"https:\/\/gpl-love.com\/es\/wp-json\/wp\/v2\/product_brand?post=113605"},{"taxonomy":"product_cat","embeddable":true,"href":"https:\/\/gpl-love.com\/es\/wp-json\/wp\/v2\/product_cat?post=113605"},{"taxonomy":"product_tag","embeddable":true,"href":"https:\/\/gpl-love.com\/es\/wp-json\/wp\/v2\/product_tag?post=113605"}],"curies":[{"name":"wp","href":"https:\/\/api.w.org\/{rel}","templated":true}]}}