{"id":113603,"date":"2021-05-23T00:00:00","date_gmt":"2021-05-23T05:00:00","guid":{"rendered":"http:\/\/gpl-love.com\/es\/?post_type=product&#038;p=113603"},"modified":"2026-04-10T11:20:33","modified_gmt":"2026-04-10T16:20:33","slug":"outdoor-creative-photography-portfolio-wordpress-theme","status":"publish","type":"product","link":"https:\/\/gpl-love.com\/es\/producto\/outdoor-creative-photography-portfolio-wordpress-theme\/","title":{"rendered":"Outdoor Creative Photography Portfolio WordPress Theme 3.9.3"},"content":{"rendered":"<h3>Outdoor Creative Photography Portfolio WordPress Theme Caracteristicas<\/h3>\n<p>El tema de WordPress de la cartera de fotograf\u00eda creativa al aire libre sirve como una soluci\u00f3n id\u00edlica para los fot\u00f3grafos que se esfuerzan por exhibir sus esfuerzos art\u00edsticos en Internet. Este tema cuenta con un dise\u00f1o contempor\u00e1neo y sofisticado que es completamente receptivo, lo que lo hace compatible con varios dispositivos. En virtud de su dise\u00f1o personalizable y caracter\u00edsticas f\u00e1ciles de usar, construir una cartera visualmente llamativa que acent\u00fae sus habilidades y estilo distintivo es una haza\u00f1a sin esfuerzo. Independientemente de si es un profesional experimentado o un aficionado que se embarca en su viaje fotogr\u00e1fico, este tema abarca todas las herramientas necesarias para mostrar efectivamente su trabajo y cautivar a los clientes potenciales. Al aprovechar las opciones de cartera avanzadas del tema, la integraci\u00f3n perfecta con las plataformas de redes sociales y los widgets f\u00e1cilmente configurables, sin duda puede asegurarse de que su cartera en l\u00ednea atraiga una atenci\u00f3n incomparable y se distingue de la competencia. \u00bfPor qu\u00e9 retrasar m\u00e1s? \u00a1Abrace hoy el tema de WordPress de la cartera de fotograf\u00eda creativa al aire libre y impulse su negocio de fotograf\u00eda a alturas sin precedentes!<\/p>\n<ul>\n<li>Un tema de cartera impresionante y visualmente atractivo dise\u00f1ado espec\u00edficamente para fotograf\u00eda al aire libre y creativa<\/li>\n<li>Opciones altamente personalizables para mostrar su trabajo de la mejor manera posible<\/li>\n<li>Imagen destacado y videos deslizadores para causar una impresi\u00f3n duradera en los visitantes<\/li>\n<li>Dise\u00f1os de galer\u00eda y cartera dise\u00f1ados para resaltar los detalles de sus im\u00e1genes<\/li>\n<li>Filtros de cartera avanzados para permitir que los visitantes naveguen f\u00e1cilmente y encuentren las im\u00e1genes que est\u00e1n buscando<\/li>\n<li>Opciones m\u00faltiples de encabezado y pie de p\u00e1gina para proporcionar una apariencia \u00fanica en su sitio web<\/li>\n<li>Optimizaci\u00f3n de SEO para mejorar la visibilidad en l\u00ednea y la clasificaci\u00f3n en los motores de b\u00fasqueda<\/li>\n<li>Dise\u00f1o receptivo para una visualizaci\u00f3n perfecta en todos los dispositivos y tama\u00f1os de pantalla<\/li>\n<li>Integraci\u00f3n con las redes sociales y las opciones de intercambio para ayudar a aumentar su presencia en l\u00ednea<\/li>\n<li>Actualizaciones regulares y atenci\u00f3n al cliente dedicada para una experiencia sin problemas.<\/li>\n<\/ul>\n","protected":false},"excerpt":{"rendered":"<p>El tema de WordPress de la cartera de fotograf\u00eda creativa al aire libre, que est\u00e1 espec\u00edficamente dise\u00f1ado para fot\u00f3grafos al aire libre que buscan exhibir sus obras maestras en una cartera en l\u00ednea impresionante, se destaca como la selecci\u00f3n definitiva. Su dise\u00f1o sofisticado y contempor\u00e1neo permite una personalizaci\u00f3n completa, lo que le permite forjar un sitio web distintivo y personalizado que se alinee impecablemente con su identidad de marca. Con caracter\u00edsticas de fotograf\u00eda avanzada y un dise\u00f1o de respuesta m\u00f3vil, este tema garantiza la presentaci\u00f3n \u00f3ptima de sus impresionantes instant\u00e1neas en todos los dispositivos. Independientemente de si cuenta con una experiencia sustancial en el campo o se est\u00e1 embarcando en su viaje fotogr\u00e1fico, tenga la seguridad de que el tema de WordPress de la cartera de fotograf\u00eda creativa al aire libre impulsar\u00e1 su presencia en l\u00ednea a alturas incomparables.<\/p>\n","protected":false},"featured_media":167119,"comment_status":"open","ping_status":"open","template":"","meta":[],"product_brand":[2337],"product_cat":[1267,1237,1238],"product_tag":[1391],"class_list":{"0":"post-113603","1":"product","2":"type-product","3":"status-publish","4":"has-post-thumbnail","6":"product_brand-themeforest","7":"product_cat-creativo","8":"product_cat-temas","9":"product_cat-wordpress-temas","10":"product_tag-themeforest","11":"member-discount","12":"discount-restricted","14":"first","15":"instock","16":"sale","17":"downloadable","18":"virtual","19":"sold-individually","20":"purchasable","21":"product-type-simple"},"_links":{"self":[{"href":"https:\/\/gpl-love.com\/es\/wp-json\/wp\/v2\/product\/113603","targetHints":{"allow":["GET"]}}],"collection":[{"href":"https:\/\/gpl-love.com\/es\/wp-json\/wp\/v2\/product"}],"about":[{"href":"https:\/\/gpl-love.com\/es\/wp-json\/wp\/v2\/types\/product"}],"replies":[{"embeddable":true,"href":"https:\/\/gpl-love.com\/es\/wp-json\/wp\/v2\/comments?post=113603"}],"wp:featuredmedia":[{"embeddable":true,"href":"https:\/\/gpl-love.com\/es\/wp-json\/wp\/v2\/media\/167119"}],"wp:attachment":[{"href":"https:\/\/gpl-love.com\/es\/wp-json\/wp\/v2\/media?parent=113603"}],"wp:term":[{"taxonomy":"product_brand","embeddable":true,"href":"https:\/\/gpl-love.com\/es\/wp-json\/wp\/v2\/product_brand?post=113603"},{"taxonomy":"product_cat","embeddable":true,"href":"https:\/\/gpl-love.com\/es\/wp-json\/wp\/v2\/product_cat?post=113603"},{"taxonomy":"product_tag","embeddable":true,"href":"https:\/\/gpl-love.com\/es\/wp-json\/wp\/v2\/product_tag?post=113603"}],"curies":[{"name":"wp","href":"https:\/\/api.w.org\/{rel}","templated":true}]}}