{"id":113599,"date":"2021-10-02T00:00:00","date_gmt":"2021-10-02T05:00:00","guid":{"rendered":"http:\/\/gpl-love.com\/es\/?post_type=product&#038;p=113599"},"modified":"2026-03-13T17:20:54","modified_gmt":"2026-03-13T22:20:54","slug":"flatastic-versatile-multi-vendor-wordpress-theme","status":"publish","type":"product","link":"https:\/\/gpl-love.com\/es\/producto\/flatastic-versatile-multi-vendor-wordpress-theme\/","title":{"rendered":"Flatastic Versatile Multi Vendor WordPress Theme 1.8.8"},"content":{"rendered":"<h3>Flatastic Versatile Multi Vendor WordPress Theme Caracteristicas<\/h3>\n<p>El tema de WordPress vers\u00e1til de WordPress vers\u00e1tiles vers\u00e1til es un tema extremadamente multifac\u00e9tico y adaptable, cuidadosamente elaborado para satisfacer las intrincadas demandas de los sitios web de comercio electr\u00f3nico de m\u00faltiples proveedores. Con un dise\u00f1o elegante y contempor\u00e1neo, este tema se ha optimizado meticulosamente para ofrecer un rendimiento inigualable y una facilidad de uso, facilitando la navegaci\u00f3n de productos sin problemas y las compras sin esfuerzo. Distinguido por una gran cantidad de herramientas y caracter\u00edsticas robustas, incluida la funcionalidad de b\u00fasqueda de vanguardia, diversas opciones de pasarela de pago y dise\u00f1os de productos personalizables, este tema es una opci\u00f3n ejemplar para cualquier g\u00e9nero de tienda en l\u00ednea. Adem\u00e1s, el tema es meticulosamente receptivo, asegurando una experiencia visualmente espl\u00e9ndida en todos los dispositivos, ya sean tel\u00e9fonos m\u00f3viles o tabletas. En general, el tema de WordPress m\u00faltiple vers\u00e1til de WordPress vers\u00e1tiles de Flatastic surge como una soluci\u00f3n extraordinariamente eficaz para cualquier empresa de comercio electr\u00f3nico que busque aumentar su presencia digital y su rentabilidad.<\/p>\n<ul>\n<li>Tema altamente personalizable y vers\u00e1til dise\u00f1ado para sitios web de comercio electr\u00f3nico con m\u00faltiples proveedores<\/li>\n<li>Dise\u00f1o limpio y moderno con opciones para elegir entre 6 dise\u00f1os de p\u00e1gina de inicio diferentes<\/li>\n<li>Opciones de b\u00fasqueda avanzadas y filtros para ayudar a los clientes a encontrar productos f\u00e1cilmente<\/li>\n<li>Opciones para la venta de productos f\u00edsicos y digitales<\/li>\n<li>Integrado con las pasarelas de pago populares para transacciones seguras y sin problemas<\/li>\n<li>Panel de proveedores para una f\u00e1cil gesti\u00f3n de productos, pedidos e informes de ventas<\/li>\n<li>M\u00faltiples opciones de env\u00edo para elegir y configurar<\/li>\n<li>Integraci\u00f3n con complementos populares de terceros para una funcionalidad adicional<\/li>\n<li>Responsable m\u00f3vil y optimizado para velocidades de carga r\u00e1pidas<\/li>\n<li>Actualizaciones regulares y atenci\u00f3n al cliente de los desarrolladores de temas<\/li>\n<\/ul>\n","protected":false},"excerpt":{"rendered":"<p>El tema de WordPress de m\u00faltiples proveedores vers\u00e1tiles de Flatastic es una opci\u00f3n altamente encomiable para las personas que buscan iniciar un mercado en l\u00ednea. Con una amplia gama de funcionalidades, como numerosas alternativas de pago, diversas variaciones de productos y paneles adaptados espec\u00edficamente para proveedores, este tema facilita la gesti\u00f3n perfecta de su tienda virtual. Adem\u00e1s, su elegante dise\u00f1o y su interfaz f\u00e1cil de usar contribuyen a un viaje del cliente sin esfuerzo refinado y sofisticado. Independientemente de si est\u00e1 ofreciendo productos tangibles, descargas digitales o servicios, tenga la seguridad de que el tema de WordPress m\u00faltiple vers\u00e1til de WordPress de Flatastic Versatile satisfar\u00e1 todas sus necesidades.<\/p>\n","protected":false},"featured_media":166115,"comment_status":"open","ping_status":"open","template":"","meta":[],"product_brand":[2337],"product_cat":[1307,1237,1238],"product_tag":[1391],"class_list":{"0":"post-113599","1":"product","2":"type-product","3":"status-publish","4":"has-post-thumbnail","6":"product_brand-themeforest","7":"product_cat-negocio-wordpress-temas","8":"product_cat-temas","9":"product_cat-wordpress-temas","10":"product_tag-themeforest","11":"member-discount","12":"discount-restricted","14":"first","15":"instock","16":"sale","17":"downloadable","18":"virtual","19":"sold-individually","20":"purchasable","21":"product-type-simple"},"_links":{"self":[{"href":"https:\/\/gpl-love.com\/es\/wp-json\/wp\/v2\/product\/113599","targetHints":{"allow":["GET"]}}],"collection":[{"href":"https:\/\/gpl-love.com\/es\/wp-json\/wp\/v2\/product"}],"about":[{"href":"https:\/\/gpl-love.com\/es\/wp-json\/wp\/v2\/types\/product"}],"replies":[{"embeddable":true,"href":"https:\/\/gpl-love.com\/es\/wp-json\/wp\/v2\/comments?post=113599"}],"wp:featuredmedia":[{"embeddable":true,"href":"https:\/\/gpl-love.com\/es\/wp-json\/wp\/v2\/media\/166115"}],"wp:attachment":[{"href":"https:\/\/gpl-love.com\/es\/wp-json\/wp\/v2\/media?parent=113599"}],"wp:term":[{"taxonomy":"product_brand","embeddable":true,"href":"https:\/\/gpl-love.com\/es\/wp-json\/wp\/v2\/product_brand?post=113599"},{"taxonomy":"product_cat","embeddable":true,"href":"https:\/\/gpl-love.com\/es\/wp-json\/wp\/v2\/product_cat?post=113599"},{"taxonomy":"product_tag","embeddable":true,"href":"https:\/\/gpl-love.com\/es\/wp-json\/wp\/v2\/product_tag?post=113599"}],"curies":[{"name":"wp","href":"https:\/\/api.w.org\/{rel}","templated":true}]}}