{"id":113597,"date":"2021-07-13T00:00:00","date_gmt":"2021-07-13T05:00:00","guid":{"rendered":"http:\/\/gpl-love.com\/es\/?post_type=product&#038;p=113597"},"modified":"2026-04-10T11:22:55","modified_gmt":"2026-04-10T16:22:55","slug":"realplaces-estate-sale-y-rental-wordpress-theme","status":"publish","type":"product","link":"https:\/\/gpl-love.com\/es\/producto\/realplaces-estate-sale-y-rental-wordpress-theme\/","title":{"rendered":"Real Places Estate Sale y Rental WordPress Theme 1.9.2"},"content":{"rendered":"<h3>Real Places Estate Sale y Rental WordPress Theme Caracteristicas<\/h3>\n<p>El tema de WordPress de venta y alquiler de bienes de Real Lugares ofrece una soluci\u00f3n perfecta para las personas en busca de un sitio web sofisticado e integral para exhibir su empresa inmobiliaria. Con una interfaz f\u00e1cil de usar, este tema otorga acceso a alternativas de b\u00fasqueda avanzadas, listados de propiedades personalizables y herramientas directas de administraci\u00f3n de propiedades. Adem\u00e1s, el tema est\u00e1 meticulosamente elaborado para abordar los requisitos de los agentes y agencias inmobiliarias, constructores y compa\u00f1\u00edas de alquiler de propiedades. Su dise\u00f1o receptivo, dise\u00f1ado para dispositivos m\u00f3viles, garantiza un rendimiento \u00f3ptimo, mientras que sus velocidades de carga convenientes y c\u00f3digo listo para SEO contribuyen a una presencia en l\u00ednea mejorada. Los lugares reales amplifican efectivamente la prominencia de las empresas inmobiliarias al otorgar una apariencia profesional y refinada que sin duda cautiva a la clientela potencial.<\/p>\n<ul>\n<li>Un tema de WordPress moderno y profesional dise\u00f1ado espec\u00edficamente para ventas y alquileres inmobiliarios<\/li>\n<li>Funcionalidad incorporada para enumerar y mostrar f\u00e1cilmente propiedades, incluidas fotos, descripciones e informaci\u00f3n de precios<\/li>\n<li>Una interfaz f\u00e1cil de usar que simplifica tanto para los profesionales de bienes ra\u00edces como para los compradores\/inquilinos potenciales navegar y explorar los listados disponibles<\/li>\n<li>Opciones de dise\u00f1o personalizables para garantizar que su sitio coincida con su marca y se destaque de la competencia<\/li>\n<li>Integraci\u00f3n con plataformas de pago populares y herramientas de programaci\u00f3n para optimizar el proceso de alquiler y ventas<\/li>\n<li>Dise\u00f1o receptivo que se ve muy bien en todos los dispositivos, desde escritorios hasta tel\u00e9fonos inteligentes<\/li>\n<li>Optimizaci\u00f3n de SEO para aumentar la clasificaci\u00f3n y la visibilidad del motor de b\u00fasqueda de su sitio<\/li>\n<li>Actualizaciones regulares y soporte continuo para garantizar que su sitio permanezca actualizado y seguro.<\/li>\n<\/ul>\n","protected":false},"excerpt":{"rendered":"<p>El tema de WordPress de venta y alquiler de bienes de WordPress de Real Places Estate se presenta como una soluci\u00f3n confiable y contempor\u00e1nea para administrar efectivamente su empresa inmobiliaria. Con una interfaz pr\u00edstina y f\u00e1cil de usar, este tema ofrece una amplia gama de caracter\u00edsticas, que incluye listados de propiedades, filtros de b\u00fasqueda avanzados, integraci\u00f3n perfecta con Google Maps y la opci\u00f3n de personalizar las p\u00e1ginas de propiedades. Adem\u00e1s, tambi\u00e9n atiende al alquiler de propiedades, lo que permite una presentaci\u00f3n sin esfuerzo de sus propiedades de alquiler y gesti\u00f3n de reservas simplificada. Adem\u00e1s, este tema es totalmente receptivo, lo que garantiza una presentaci\u00f3n visual impecable en varios dispositivos. Independientemente de si usted es un agente de bienes ra\u00edces o un propietario de la propiedad, el tema Real Places se destaca como la selecci\u00f3n ideal para mostrar sus propiedades en un entorno en l\u00ednea.<\/p>\n","protected":false},"featured_media":167325,"comment_status":"open","ping_status":"open","template":"","meta":[],"product_brand":[2337],"product_cat":[1381,1237,1238],"product_tag":[1391],"class_list":{"0":"post-113597","1":"product","2":"type-product","3":"status-publish","4":"has-post-thumbnail","6":"product_brand-themeforest","7":"product_cat-bienes-raices","8":"product_cat-temas","9":"product_cat-wordpress-temas","10":"product_tag-themeforest","11":"member-discount","12":"discount-restricted","14":"first","15":"instock","16":"sale","17":"downloadable","18":"virtual","19":"sold-individually","20":"purchasable","21":"product-type-simple"},"_links":{"self":[{"href":"https:\/\/gpl-love.com\/es\/wp-json\/wp\/v2\/product\/113597","targetHints":{"allow":["GET"]}}],"collection":[{"href":"https:\/\/gpl-love.com\/es\/wp-json\/wp\/v2\/product"}],"about":[{"href":"https:\/\/gpl-love.com\/es\/wp-json\/wp\/v2\/types\/product"}],"replies":[{"embeddable":true,"href":"https:\/\/gpl-love.com\/es\/wp-json\/wp\/v2\/comments?post=113597"}],"wp:featuredmedia":[{"embeddable":true,"href":"https:\/\/gpl-love.com\/es\/wp-json\/wp\/v2\/media\/167325"}],"wp:attachment":[{"href":"https:\/\/gpl-love.com\/es\/wp-json\/wp\/v2\/media?parent=113597"}],"wp:term":[{"taxonomy":"product_brand","embeddable":true,"href":"https:\/\/gpl-love.com\/es\/wp-json\/wp\/v2\/product_brand?post=113597"},{"taxonomy":"product_cat","embeddable":true,"href":"https:\/\/gpl-love.com\/es\/wp-json\/wp\/v2\/product_cat?post=113597"},{"taxonomy":"product_tag","embeddable":true,"href":"https:\/\/gpl-love.com\/es\/wp-json\/wp\/v2\/product_tag?post=113597"}],"curies":[{"name":"wp","href":"https:\/\/api.w.org\/{rel}","templated":true}]}}