{"id":113595,"date":"2024-02-05T00:00:00","date_gmt":"2024-02-05T05:00:00","guid":{"rendered":"http:\/\/gpl-love.com\/es\/?post_type=product&#038;p=113595"},"modified":"2026-03-13T17:18:14","modified_gmt":"2026-03-13T22:18:14","slug":"cryptico-ico-crypto-landing-y-cryptocurrency-wordpress-theme","status":"publish","type":"product","link":"https:\/\/gpl-love.com\/es\/producto\/cryptico-ico-crypto-landing-y-cryptocurrency-wordpress-theme\/","title":{"rendered":"Cryptico ICO Crypto Landing y Cryptocurrency WordPress Theme 1.4.12"},"content":{"rendered":"<h3>Cryptico ICO Crypto Landing y Cryptocurrency WordPress Theme Caracteristicas<\/h3>\n<p>El tema Cryptico ICO Crypto Landing y la criptomoneda de WordPress ofrece una soluci\u00f3n ideal para las personas que buscan lanzar un sitio web relacionado con las criptomonedas. Este tema est\u00e1 espec\u00edficamente dise\u00f1ado con ICO e intercambios de criptomonedas en mente, proporcionando todos los componentes necesarios para que su sitio web realmente se destaque. Con su dise\u00f1o elegante y contempor\u00e1neo, Cryptico responde totalmente y presenta una amplia gama de opciones de personalizaci\u00f3n, lo que permite la creaci\u00f3n de un sitio web que refleja sin problemas su marca. En particular, este tema incorpora caracter\u00edsticas impresionantes como un temporizador de cuenta regresiva, widgets personalizados y soporte para m\u00faltiples idiomas, facilitando as\u00ed el desarrollo de un sitio web capaz de atraer a usuarios de todo el mundo. Adem\u00e1s, Cryptico est\u00e1 meticulosamente optimizado para el SEO, asegurando que su sitio web se pueda descubrir f\u00e1cilmente y alcanzar las altas clasificaciones en las p\u00e1ginas de resultados del motor de b\u00fasqueda. Independientemente de si usted es un novato que se aventura en el reino de la criptomonedas o en una entidad establecida que busca elevar el rendimiento de su sitio web, Cryptico sirve como el tema por excelencia para sus necesidades.<\/p>\n<ul>\n<li>Dise\u00f1ado espec\u00edficamente para p\u00e1ginas de destino ICO y criptomonedas<\/li>\n<li>Incluye plantillas de p\u00e1gina prefabricadas para todas las secciones necesarias (documento t\u00e9cnico, equipo, hoja de ruta, etc.)<\/li>\n<li>Soporte incorporado para todas las criptomonedas principales<\/li>\n<li>Personalizaci\u00f3n f\u00e1cil con panel de p\u00e1gina de arrastrar y soltar y panel de opciones de temas<\/li>\n<li>Dise\u00f1o de respuesta m\u00f3vil para una visualizaci\u00f3n \u00f3ptima en todos los dispositivos<\/li>\n<li>SEO optimizado para clasificaciones de motores de b\u00fasqueda m\u00e1s altos<\/li>\n<li>Se integra con todas las principales billeteras de criptomonedas y pasarelas de pago<\/li>\n<li>Incluye un temporizador de cuenta regresiva de ICO personalizable<\/li>\n<li>Importaci\u00f3n de demostraci\u00f3n de un solo clic para comenzar r\u00e1pidamente<\/li>\n<li>Actualizaciones regulares y atenci\u00f3n al cliente.<\/li>\n<\/ul>\n","protected":false},"excerpt":{"rendered":"<p>Cryptico ICO Crypto Landing y Cryptomurnency WordPress El tema es una soluci\u00f3n innovadora e integral para todas sus necesidades de moneda digital. Este tema premium de WordPress est\u00e1 dise\u00f1ado espec\u00edficamente para nuevas empresas de criptomonedas, agencias de ICO, sitios web de miner\u00eda de bitcoin y plataformas de comercio de criptograf\u00eda. Cuenta con un temporizador de cuenta regresiva ICO, una p\u00e1gina de destino totalmente personalizable y una gran cantidad de widgets informativos de criptomonedas. Con Cryptico, puede crear f\u00e1cilmente una presencia en l\u00ednea atractiva y profesional para su negocio de criptomonedas. Su interfaz f\u00e1cil de usar y su integraci\u00f3n perfecta con WordPress lo hacen conveniente incluso para principiantes. Destacar sus caracter\u00edsticas y beneficios clave nunca ha sido m\u00e1s f\u00e1cil con las secciones personalizables de Cryptico. Entra en el futuro de la moneda digital con cripto cripto de Crypto Landing y criptomonedas de WordPress de criptomonedas.<\/p>\n","protected":false},"featured_media":165684,"comment_status":"open","ping_status":"open","template":"","meta":[],"product_brand":[2337],"product_cat":[1267,1237,1238],"product_tag":[1391],"class_list":{"0":"post-113595","1":"product","2":"type-product","3":"status-publish","4":"has-post-thumbnail","6":"product_brand-themeforest","7":"product_cat-creativo","8":"product_cat-temas","9":"product_cat-wordpress-temas","10":"product_tag-themeforest","11":"member-discount","12":"discount-restricted","14":"first","15":"instock","16":"sale","17":"downloadable","18":"virtual","19":"sold-individually","20":"purchasable","21":"product-type-simple"},"_links":{"self":[{"href":"https:\/\/gpl-love.com\/es\/wp-json\/wp\/v2\/product\/113595","targetHints":{"allow":["GET"]}}],"collection":[{"href":"https:\/\/gpl-love.com\/es\/wp-json\/wp\/v2\/product"}],"about":[{"href":"https:\/\/gpl-love.com\/es\/wp-json\/wp\/v2\/types\/product"}],"replies":[{"embeddable":true,"href":"https:\/\/gpl-love.com\/es\/wp-json\/wp\/v2\/comments?post=113595"}],"wp:featuredmedia":[{"embeddable":true,"href":"https:\/\/gpl-love.com\/es\/wp-json\/wp\/v2\/media\/165684"}],"wp:attachment":[{"href":"https:\/\/gpl-love.com\/es\/wp-json\/wp\/v2\/media?parent=113595"}],"wp:term":[{"taxonomy":"product_brand","embeddable":true,"href":"https:\/\/gpl-love.com\/es\/wp-json\/wp\/v2\/product_brand?post=113595"},{"taxonomy":"product_cat","embeddable":true,"href":"https:\/\/gpl-love.com\/es\/wp-json\/wp\/v2\/product_cat?post=113595"},{"taxonomy":"product_tag","embeddable":true,"href":"https:\/\/gpl-love.com\/es\/wp-json\/wp\/v2\/product_tag?post=113595"}],"curies":[{"name":"wp","href":"https:\/\/api.w.org\/{rel}","templated":true}]}}