{"id":113593,"date":"2026-04-10T00:00:00","date_gmt":"2026-04-10T05:00:00","guid":{"rendered":"http:\/\/gpl-love.com\/es\/?post_type=product&#038;p=113593"},"modified":"2026-04-10T11:15:17","modified_gmt":"2026-04-10T16:15:17","slug":"billey-creative-portfolio-y-agency-wordpress-theme","status":"publish","type":"product","link":"https:\/\/gpl-love.com\/es\/producto\/billey-creative-portfolio-y-agency-wordpress-theme\/","title":{"rendered":"Billey Creative Portfolio y Agency WordPress Theme 2.2.2"},"content":{"rendered":"<h3>Billey Creative Portfolio y Agency WordPress Theme Caracteristicas<\/h3>\n<p>El tema de la cartera creativa de Billey y la agencia de WordPress se presenta como un tema notablemente potente y vers\u00e1til, meticulosamente elaborado tanto para individuos como para empresas que buscan exhibir sus esfuerzos art\u00edsticos en el escenario cibern\u00e9tico. Exhibiendo un dise\u00f1o pr\u00edstino y contempor\u00e1neo, Billey alberga una variedad de atributos y plantillas personalizables que facilitan la creaci\u00f3n de un sitio web visualmente cautivador y extremadamente profesional. Independientemente de si su llamado se encuentra en los \u00e1mbitos del arte, el dise\u00f1o, la fotograf\u00eda o una agencia creativa, Bilney est\u00e1 repleto de un conjunto de herramientas y recursos que abarca todo para mostrar su cartera, anunciar sus servicios y fomentar un compromiso significativo con sus P\u00fablico objetivo. Aprovechando su dise\u00f1o receptivo y empleando un c\u00f3digo amigable con SEO, Bilney garantiza que su sitio web obtenga una apariencia atractiva en todos los dispositivos y permanezca f\u00e1cilmente descubierto en una variedad de motores de b\u00fasqueda. Por lo tanto, si actualmente est\u00e1 buscando un tema de WordPress confiable y flexible que tenga el potencial de elevar su presencia en l\u00ednea a alturas sin precedentes, tenga la seguridad de que la cartera creativa de Bilney y el tema de la agencia de WordPress es inequ\u00edvocamente el pin\u00e1culo de la perfecci\u00f3n.<\/p>\n<ul>\n<li>Dise\u00f1o elegante y profesional perfecto para carteras y agencias creativas<\/li>\n<li>Dise\u00f1o totalmente receptivo que se ve muy bien en cualquier dispositivo<\/li>\n<li>M\u00faltiples opciones de p\u00e1gina de inicio y p\u00e1gina interior para la personalizaci\u00f3n<\/li>\n<li>Importador de demostraci\u00f3n de un solo clic para configurar r\u00e1pidamente su sitio con dise\u00f1os predise\u00f1ados<\/li>\n<li>Animaciones suaves y efectos de transici\u00f3n para una experiencia visualmente atractiva<\/li>\n<li>Constructor de p\u00e1gina de arrastrar y soltar f\u00e1ciles de usar para dise\u00f1os personalizados<\/li>\n<li>Secciones de cartera incorporadas y miembros del equipo para mostrar los miembros de su trabajo y su equipo<\/li>\n<li>Panel de opciones de temas flexibles y potentes para una f\u00e1cil personalizaci\u00f3n<\/li>\n<li>SEO optimizado para mejorar la clasificaci\u00f3n del motor de b\u00fasqueda<\/li>\n<li>Compatible con complementos populares de WordPress para una funcionalidad adicional<\/li>\n<li>Actualizado regularmente con nuevas caracter\u00edsticas y mejoras.<\/li>\n<\/ul>\n","protected":false},"excerpt":{"rendered":"<p>El tema de WordPress de Biley Creative Portfolio and Agency es una herramienta muy vers\u00e1til, perfecta para cualquier agencia creativa o individuo que busque exhibir su cartera. Este tema de WordPress est\u00e1 cargado de caracter\u00edsticas avanzadas y opciones personalizables, lo que le permite crear un sitio web \u00fanico y profesional con facilidad. El tema de WordPress de Biley Creative Portfolio and Agency es totalmente receptivo, asegurando que su contenido se vea genial en todos los dispositivos. Su dise\u00f1o amigable con SEO ayuda a mejorar la visibilidad de su sitio web en los motores de b\u00fasqueda. Con su integraci\u00f3n perfecta con WooCommerce, puede configurar f\u00e1cilmente una tienda en l\u00ednea. Sin mencionar que ofrece atenci\u00f3n al cliente de primer nivel, listo para ayudarlo cuando lo necesite. El tema tambi\u00e9n cumple con GDPR, ofreciendo una plataforma segura y segura para sus usuarios. Con la cartera creativa de Bilney y el tema de WordPress de la agencia, puede expresar su creatividad e impresionar a los clientes potenciales con una poderosa presencia en l\u00ednea.<\/p>\n","protected":false},"featured_media":165478,"comment_status":"open","ping_status":"open","template":"","meta":[],"product_brand":[2337],"product_cat":[1267,1237,1238],"product_tag":[1391],"class_list":{"0":"post-113593","1":"product","2":"type-product","3":"status-publish","4":"has-post-thumbnail","6":"product_brand-themeforest","7":"product_cat-creativo","8":"product_cat-temas","9":"product_cat-wordpress-temas","10":"product_tag-themeforest","11":"member-discount","12":"discount-restricted","14":"first","15":"instock","16":"sale","17":"downloadable","18":"virtual","19":"sold-individually","20":"purchasable","21":"product-type-simple"},"_links":{"self":[{"href":"https:\/\/gpl-love.com\/es\/wp-json\/wp\/v2\/product\/113593","targetHints":{"allow":["GET"]}}],"collection":[{"href":"https:\/\/gpl-love.com\/es\/wp-json\/wp\/v2\/product"}],"about":[{"href":"https:\/\/gpl-love.com\/es\/wp-json\/wp\/v2\/types\/product"}],"replies":[{"embeddable":true,"href":"https:\/\/gpl-love.com\/es\/wp-json\/wp\/v2\/comments?post=113593"}],"wp:featuredmedia":[{"embeddable":true,"href":"https:\/\/gpl-love.com\/es\/wp-json\/wp\/v2\/media\/165478"}],"wp:attachment":[{"href":"https:\/\/gpl-love.com\/es\/wp-json\/wp\/v2\/media?parent=113593"}],"wp:term":[{"taxonomy":"product_brand","embeddable":true,"href":"https:\/\/gpl-love.com\/es\/wp-json\/wp\/v2\/product_brand?post=113593"},{"taxonomy":"product_cat","embeddable":true,"href":"https:\/\/gpl-love.com\/es\/wp-json\/wp\/v2\/product_cat?post=113593"},{"taxonomy":"product_tag","embeddable":true,"href":"https:\/\/gpl-love.com\/es\/wp-json\/wp\/v2\/product_tag?post=113593"}],"curies":[{"name":"wp","href":"https:\/\/api.w.org\/{rel}","templated":true}]}}