{"id":113591,"date":"2025-06-16T00:00:00","date_gmt":"2025-06-16T05:00:00","guid":{"rendered":"http:\/\/gpl-love.com\/es\/?post_type=product&#038;p=113591"},"modified":"2026-03-09T07:40:10","modified_gmt":"2026-03-09T12:40:10","slug":"gravity-forms-quiz-addon","status":"publish","type":"product","link":"https:\/\/gpl-love.com\/es\/producto\/gravity-forms-quiz-addon\/","title":{"rendered":"Gravity Forms Quiz Addon 4.3.0"},"content":{"rendered":"<h3>Gravity Forms Quiz Addon Caracteristicas<\/h3>\n<p>El complemento de Gravity Forms Quiz es una herramienta inmensamente valiosa que proporciona a los propietarios de sitios web la capacidad de cultivar cuestionarios y encuestas cautivadoras para su estimada audiencia. A trav\u00e9s de la utilizaci\u00f3n de este notable complemento, est\u00e1 facultado para fabricar cuestionarios llenos de preguntas, casillas de verificaci\u00f3n y men\u00fas desplegables multifac\u00e9ticos, facilitando as\u00ed la evaluaci\u00f3n del conocimiento de sus visitantes o la colecci\u00f3n de comentarios perspicaces. Adem\u00e1s, un aspecto notable de este complemento implica la capacidad de asignar puntos a cada pregunta, establecer criterios de aprobaci\u00f3n\/fallas e incluso exhibir mensajes personalizados dependiendo de los resultados del cuestionario. Adem\u00e1s de estas caracter\u00edsticas notables, el complemento ofrece una extensa gama de opciones de personalizaci\u00f3n, que abarca la capacidad de modificar el dise\u00f1o y el dise\u00f1o del cuestionario, incorporan im\u00e1genes cautivadoras visualmente e imponen restricciones temporales. En la totalidad, el complemento de Gravity Forms Quiz representa un aumento excepcional para cualquier sitio web que anhele mejorar la participaci\u00f3n de la audiencia, acumular comentarios valiosos o proporcionar a los visitantes contenido entretenido e interactivo.<\/p>\n<ul>\n<li>Complemento f\u00e1cil de usar para crear cuestionarios utilizando formularios de gravedad<\/li>\n<li>Opciones de dise\u00f1o y dise\u00f1o de cuestionarios personalizables<\/li>\n<li>M\u00faltiples tipos de preguntas como opci\u00f3n m\u00faltiple, verdadero\/falso y respuestas abiertas<\/li>\n<li>Capacidad para asignar valores de puntos y establecer puntajes de aprobaci\u00f3n para cada cuestionario<\/li>\n<li>Integraci\u00f3n con software popular de marketing por correo electr\u00f3nico como MailChimp y Monitor de campa\u00f1a<\/li>\n<li>Opci\u00f3n para enviar correos electr\u00f3nicos automatizados con resultados de cuestionarios y mensajes personalizados<\/li>\n<li>Informes detallados y an\u00e1lisis para rastrear el rendimiento del cuestionario y la participaci\u00f3n del usuario<\/li>\n<li>Dise\u00f1o receptivo para cuestionarios para ser amigables con los dispositivos m\u00f3viles y accesibles en cualquier dispositivo<\/li>\n<li>Env\u00edos de cuestiones ilimitados y gesti\u00f3n f\u00e1cil de datos dentro de formularios de gravedad.<\/li>\n<\/ul>\n","protected":false},"excerpt":{"rendered":"<p>La gravedad Forms Quiz Addon, una herramienta altamente formidable, ha sido meticulosamente dise\u00f1ada para integrar a la perfecci\u00f3n las pruebas en sus formularios de WordPress. Al emplear este notable complemento, obtiene la capacidad de elaborar pruebas cautivadoras e interactivas que sirven como un conducto para reunir ideas invaluables de sus usuarios. La naturaleza f\u00e1cil de usar de los formularios de gravedad complemento complementa se ve mejorada por su extensa gama de caracter\u00edsticas, lo que le permite personalizar sus cuestionarios y monitorear meticulosamente las respuestas de los usuarios. Ya sea que su objetivo es mejorar la participaci\u00f3n del usuario o simplemente obtener una cr\u00edtica constructiva, el complemento de Gravity Forms Quiz es un activo indispensable para cualquier sitio web de WordPress.<\/p>\n","protected":false},"featured_media":166326,"comment_status":"open","ping_status":"open","template":"","meta":[],"product_brand":[2469],"product_cat":[1214,1206,1211],"product_tag":[1300],"class_list":{"0":"post-113591","1":"product","2":"type-product","3":"status-publish","4":"has-post-thumbnail","6":"product_brand-gravityforms","7":"product_cat-personalizacion","8":"product_cat-plugins","9":"product_cat-wordpress-plugins","10":"product_tag-gravityforms","11":"member-discount","12":"discount-restricted","14":"first","15":"instock","16":"sale","17":"downloadable","18":"virtual","19":"sold-individually","20":"purchasable","21":"product-type-simple"},"_links":{"self":[{"href":"https:\/\/gpl-love.com\/es\/wp-json\/wp\/v2\/product\/113591","targetHints":{"allow":["GET"]}}],"collection":[{"href":"https:\/\/gpl-love.com\/es\/wp-json\/wp\/v2\/product"}],"about":[{"href":"https:\/\/gpl-love.com\/es\/wp-json\/wp\/v2\/types\/product"}],"replies":[{"embeddable":true,"href":"https:\/\/gpl-love.com\/es\/wp-json\/wp\/v2\/comments?post=113591"}],"wp:featuredmedia":[{"embeddable":true,"href":"https:\/\/gpl-love.com\/es\/wp-json\/wp\/v2\/media\/166326"}],"wp:attachment":[{"href":"https:\/\/gpl-love.com\/es\/wp-json\/wp\/v2\/media?parent=113591"}],"wp:term":[{"taxonomy":"product_brand","embeddable":true,"href":"https:\/\/gpl-love.com\/es\/wp-json\/wp\/v2\/product_brand?post=113591"},{"taxonomy":"product_cat","embeddable":true,"href":"https:\/\/gpl-love.com\/es\/wp-json\/wp\/v2\/product_cat?post=113591"},{"taxonomy":"product_tag","embeddable":true,"href":"https:\/\/gpl-love.com\/es\/wp-json\/wp\/v2\/product_tag?post=113591"}],"curies":[{"name":"wp","href":"https:\/\/api.w.org\/{rel}","templated":true}]}}