{"id":113589,"date":"2026-03-18T00:00:00","date_gmt":"2026-03-18T05:00:00","guid":{"rendered":"http:\/\/gpl-love.com\/es\/?post_type=product&#038;p=113589"},"modified":"2026-03-18T11:15:44","modified_gmt":"2026-03-18T16:15:44","slug":"hub-responsive-multi-purpose-wordpress-theme","status":"publish","type":"product","link":"https:\/\/gpl-love.com\/es\/producto\/hub-responsive-multi-purpose-wordpress-theme\/","title":{"rendered":"Hub Responsive Multi-Purpose WordPress Theme 6.0.2"},"content":{"rendered":"<h3>Hub Responsive Multi-Purpose WordPress Theme Caracteristicas<\/h3>\n<p>El tema de WordPress multiprop\u00f3sito de HUB es un tema incre\u00edblemente vers\u00e1til y excepcionalmente moderno que tiene la capacidad de atender una mir\u00edada de fines. Con su dise\u00f1o intuitivamente receptivo, este tema se adapta sin esfuerzo y se integra sin problemas con varios dispositivos y tama\u00f1os de pantalla. Adem\u00e1s, el tema cuenta con un extenso repertorio de opciones de personalizaci\u00f3n, lo que permite a los usuarios personalizarlo para satisfacer sus requisitos espec\u00edficos. Adem\u00e1s de esto, el tema se acompa\u00f1a de una gran cantidad de plantillas y demostraciones preconstruidas, lo que permite a los usuarios establecer r\u00e1pidamente sus sitios web sin ninguna molestia. Tenga la seguridad de que la naturaleza f\u00e1cil de usar de este tema garantiza una experiencia suave y gratificante para los usuarios. Este notable tema es realmente un ep\u00edtome de excelencia, que atiende a las diversas necesidades de empresas, blogueros, creativos y esencialmente cualquier persona que busque forjar una presencia en l\u00ednea visualmente cautivadora y funcionalmente eficiente. Al aprovechar el poder del tema de WordPress multiprop\u00f3sito de HUB, los usuarios pueden curar sin esfuerzo una plataforma en l\u00ednea fascinante y pulida profesionalmente.<\/p>\n<ul>\n<li>Dise\u00f1o totalmente personalizable y flexible para adaptarse a cualquier sitio web o negocio<\/li>\n<li>12 demostraciones preconstruidas para elegir y personalizar<\/li>\n<li>Panel de opciones de temas avanzados para una f\u00e1cil personalizaci\u00f3n<\/li>\n<li>Dise\u00f1o receptivo optimizado para todos los dispositivos<\/li>\n<li>Compatible con complementos populares de WordPress como WooCommerce, Yoast SEO y MailChimp<\/li>\n<li>Opciones m\u00faltiples de encabezado y pie de p\u00e1gina<\/li>\n<li>Drag y suelte el constructor de p\u00e1ginas para una construcci\u00f3n de sitios web f\u00e1cil y f\u00e1cil<\/li>\n<li>Funcionalidad de men\u00fa de mega incorporada para una f\u00e1cil navegaci\u00f3n<\/li>\n<li>SEO optimizado para una mejor visibilidad en los motores de b\u00fasqueda<\/li>\n<li>Incluye m\u00e1s de 800 fuentes de Google y m\u00e1s de 2000 iconos<\/li>\n<li>Traducci\u00f3n lista y compatible con el complemento de traducci\u00f3n WPML<\/li>\n<li>Actualizado regularmente con nuevas funciones y correcciones de errores.<\/li>\n<\/ul>\n","protected":false},"excerpt":{"rendered":"<p>Presentaci\u00f3n del tema de WordPress multiprop\u00f3sito de entrada de Input Hub, una selecci\u00f3n notable para los propietarios de sitios web que buscan establecer un sitio web extraordinariamente cautivador y vers\u00e1til. Con su dise\u00f1o elegante y caracter\u00edsticas potentes, este tema demuestra ser un ep\u00edtome de excelencia para empresas, blogueros y creativos por igual. Su capacidad de respuesta completa y amigable m\u00f3vil aseguran que su sitio web exhiba una apariencia espl\u00e9ndida en varios dispositivos. Adem\u00e1s, abarca atributos avanzados, como dise\u00f1os personalizables, opciones de encabezado m\u00faltiple y un constructor de p\u00e1ginas de arrastre y suelto f\u00e1cil de usar. Independientemente de si tiene la intenci\u00f3n de exhibir sus productos, difundir su publicaci\u00f3n de blog m\u00e1s reciente o crear una cartera impresionante, el tema de entrada de entrada atiende impecablemente sus necesidades. Comience su viaje hoy y revolucione su sitio web en una existencia en l\u00ednea exquisitamente agradable y funcionalmente eficiente.<\/p>\n","protected":false},"featured_media":166445,"comment_status":"open","ping_status":"open","template":"","meta":[],"product_brand":[2337],"product_cat":[1239,1237,1238],"product_tag":[1391],"class_list":{"0":"post-113589","1":"product","2":"type-product","3":"status-publish","4":"has-post-thumbnail","6":"product_brand-themeforest","7":"product_cat-de-multiples-fines","8":"product_cat-temas","9":"product_cat-wordpress-temas","10":"product_tag-themeforest","11":"member-discount","12":"discount-restricted","14":"first","15":"instock","16":"sale","17":"downloadable","18":"virtual","19":"sold-individually","20":"purchasable","21":"product-type-simple"},"_links":{"self":[{"href":"https:\/\/gpl-love.com\/es\/wp-json\/wp\/v2\/product\/113589","targetHints":{"allow":["GET"]}}],"collection":[{"href":"https:\/\/gpl-love.com\/es\/wp-json\/wp\/v2\/product"}],"about":[{"href":"https:\/\/gpl-love.com\/es\/wp-json\/wp\/v2\/types\/product"}],"replies":[{"embeddable":true,"href":"https:\/\/gpl-love.com\/es\/wp-json\/wp\/v2\/comments?post=113589"}],"wp:featuredmedia":[{"embeddable":true,"href":"https:\/\/gpl-love.com\/es\/wp-json\/wp\/v2\/media\/166445"}],"wp:attachment":[{"href":"https:\/\/gpl-love.com\/es\/wp-json\/wp\/v2\/media?parent=113589"}],"wp:term":[{"taxonomy":"product_brand","embeddable":true,"href":"https:\/\/gpl-love.com\/es\/wp-json\/wp\/v2\/product_brand?post=113589"},{"taxonomy":"product_cat","embeddable":true,"href":"https:\/\/gpl-love.com\/es\/wp-json\/wp\/v2\/product_cat?post=113589"},{"taxonomy":"product_tag","embeddable":true,"href":"https:\/\/gpl-love.com\/es\/wp-json\/wp\/v2\/product_tag?post=113589"}],"curies":[{"name":"wp","href":"https:\/\/api.w.org\/{rel}","templated":true}]}}