{"id":113498,"date":"2022-05-16T00:00:00","date_gmt":"2022-05-16T05:00:00","guid":{"rendered":"http:\/\/gpl-love.com\/es\/?post_type=product&#038;p=113498"},"modified":"2026-04-10T11:22:07","modified_gmt":"2026-04-10T16:22:07","slug":"private-content-multilevel-content-wordpress-plugin","status":"publish","type":"product","link":"https:\/\/gpl-love.com\/es\/producto\/private-content-multilevel-content-wordpress-plugin\/","title":{"rendered":"Private Content Multilevel Content WordPress Plugin 8.2.3"},"content":{"rendered":"<h3>Private Content Multilevel Content WordPress Plugin Caracteristicas<\/h3>\n<p>El complemento de WordPress de contenido multinivel de contenido privado sirve como una herramienta indispensable para las personas que poseen sitios web y desean una gesti\u00f3n perfecta de sus niveles de acceso de contenido. Este notable complemento le permite establecer sin esfuerzo \u00e1reas privadas exclusivamente accesibles para los miembros en su sitio web, otorg\u00e1ndole la autoridad para regular la accesibilidad del contenido. En virtud de sus capacidades de contenido multinivel, posee la capacidad de limitar el acceso a ciertas p\u00e1ginas o publicaciones que dependen del estado de membres\u00eda de un usuario. En consecuencia, esto garantiza que los miembros autorizados \u00fanicamente obtengan el privilegio de leer y participar con su contenido. Adem\u00e1s, el complemento cuenta con un proceso de configuraci\u00f3n f\u00e1cil de usar y ofrece amplias oportunidades de personalizaci\u00f3n, lo que es una inversi\u00f3n excepcional para cualquier persona que busque fabricar una comunidad en l\u00ednea segura y exclusiva.<\/p>\n<ul>\n<li>Cree y administre contenido privado en su sitio de WordPress con facilidad utilizando el contenido de contenido privado de contenido multinivel WordPress Plugin<\/li>\n<li>Configure m\u00faltiples niveles de acceso para diferentes usuarios o grupos, lo que permite un control estricto sobre qui\u00e9n puede ver y editar su contenido privado<\/li>\n<li>Elija entre varios tipos de contenido, como publicaciones, p\u00e1ginas y tipos de publicaciones personalizadas para mantener todo su contenido privado organizado y f\u00e1cilmente accesible<\/li>\n<li>Personalice el complemento para que coincida con el dise\u00f1o y la marca de su sitio web con una gama de opciones de estilo y plantillas<\/li>\n<li>Mantenga su contenido privado seguro con las funciones de cifrado y autenticaci\u00f3n incorporados, asegurando que solo pueda ser accedido por usuarios autorizados.<\/li>\n<li>Use la interfaz intuitiva del complemento para agregar, editar y administrar r\u00e1pida y f\u00e1cilmente su contenido privado, ahorrar tiempo y aumentar la productividad<\/li>\n<li>Beneficiarse de las actualizaciones regulares y el soporte del desarrollador del complemento, asegurando que su sitio permanezca actualizado y seguro<\/li>\n<li>Aumente el compromiso y la retenci\u00f3n ofreciendo contenido exclusivo detr\u00e1s de escena a sus usuarios y suscriptores<\/li>\n<li>Elija entre una gama de opciones de precios para satisfacer sus necesidades, incluida una versi\u00f3n gratuita con caracter\u00edsticas limitadas y una versi\u00f3n premium con acceso completo a todas las caracter\u00edsticas y actualizaciones.<\/li>\n<\/ul>\n","protected":false},"excerpt":{"rendered":"<p>Estamos encantados de introducir el contenido privado de contenido multinivel WordPress Plugin, una herramienta incre\u00edblemente robusta que le permite establecer zonas confidenciales e impregnables sin esfuerzo dentro de su sitio de WordPress. Este complemento notable le permite limitar el contenido particular exclusivamente a los usuarios designados o grupos de usuarios, al tiempo que le otorga la capacidad de administrar permisos con la mayor facilidad y garantizar que las personas autorizadas \u00fanicamente puedan ingresar a material sensible. Dise\u00f1ado con la m\u00e1xima precisi\u00f3n, este complemento demuestra ser una soluci\u00f3n impecable para sitios de membres\u00eda, plataformas de aprendizaje electr\u00f3nico y cualquier otra entidad que necesite la m\u00e1xima seguridad en la administraci\u00f3n de contenido. \u00a1Te imploramos que te embarces en este viaje hoy y aproveche el comando completo sobre tu contenido!<\/p>\n","protected":false},"featured_media":167260,"comment_status":"open","ping_status":"open","template":"","meta":[],"product_brand":[2339],"product_cat":[1214,1206,1211],"product_tag":[1256],"class_list":{"0":"post-113498","1":"product","2":"type-product","3":"status-publish","4":"has-post-thumbnail","6":"product_brand-codecanyon","7":"product_cat-personalizacion","8":"product_cat-plugins","9":"product_cat-wordpress-plugins","10":"product_tag-codecanyon","11":"member-discount","12":"discount-restricted","14":"first","15":"instock","16":"sale","17":"downloadable","18":"virtual","19":"sold-individually","20":"purchasable","21":"product-type-simple"},"_links":{"self":[{"href":"https:\/\/gpl-love.com\/es\/wp-json\/wp\/v2\/product\/113498","targetHints":{"allow":["GET"]}}],"collection":[{"href":"https:\/\/gpl-love.com\/es\/wp-json\/wp\/v2\/product"}],"about":[{"href":"https:\/\/gpl-love.com\/es\/wp-json\/wp\/v2\/types\/product"}],"replies":[{"embeddable":true,"href":"https:\/\/gpl-love.com\/es\/wp-json\/wp\/v2\/comments?post=113498"}],"wp:featuredmedia":[{"embeddable":true,"href":"https:\/\/gpl-love.com\/es\/wp-json\/wp\/v2\/media\/167260"}],"wp:attachment":[{"href":"https:\/\/gpl-love.com\/es\/wp-json\/wp\/v2\/media?parent=113498"}],"wp:term":[{"taxonomy":"product_brand","embeddable":true,"href":"https:\/\/gpl-love.com\/es\/wp-json\/wp\/v2\/product_brand?post=113498"},{"taxonomy":"product_cat","embeddable":true,"href":"https:\/\/gpl-love.com\/es\/wp-json\/wp\/v2\/product_cat?post=113498"},{"taxonomy":"product_tag","embeddable":true,"href":"https:\/\/gpl-love.com\/es\/wp-json\/wp\/v2\/product_tag?post=113498"}],"curies":[{"name":"wp","href":"https:\/\/api.w.org\/{rel}","templated":true}]}}