{"id":113494,"date":"2023-11-05T00:00:00","date_gmt":"2023-11-05T05:00:00","guid":{"rendered":"http:\/\/gpl-love.com\/es\/?post_type=product&#038;p=113494"},"modified":"2026-03-13T17:23:25","modified_gmt":"2026-03-13T22:23:25","slug":"lapa-minimal-y-modern-woocommerce-theme","status":"publish","type":"product","link":"https:\/\/gpl-love.com\/es\/producto\/lapa-minimal-y-modern-woocommerce-theme\/","title":{"rendered":"Lapa Minimal y Modern WooCommerce Theme 1.4"},"content":{"rendered":"<h3>Lapa Minimal y Modern WooCommerce Theme Caracteristicas<\/h3>\n<p>El tema de WooCommerce Minimal y Modern de LAPA es una opci\u00f3n ejemplar para las personas que buscan establecer una tienda en l\u00ednea que exude una est\u00e9tica minimalista y contempor\u00e1nea. Con un dise\u00f1o que es inmaculado y sofisticado, este tema ofrece una personalizaci\u00f3n completa para satisfacer sus requisitos espec\u00edficos, todo al tiempo que garantiza tiempos de carga optimizados y un rendimiento impecable. Su extenso repertorio de caracter\u00edsticas potentes abarca un dise\u00f1o amigable para dispositivos m\u00f3viles, la capacidad de personalizar los colores y las fuentes, as\u00ed como la integraci\u00f3n perfecta con WooCommerce, facilitando as\u00ed la gesti\u00f3n f\u00e1cil de sus productos, pedidos y pagos. Adem\u00e1s, LAPA proporciona una variedad de plantillas y elementos predise\u00f1ados, lo que hace que la creaci\u00f3n de un sitio web de grado profesional se pueda lograr sin esfuerzo, incluso para aquellos que carecen de experiencia en codificaci\u00f3n. En general, LAPA es una necesidad indiscutible para las personas que buscan construir una tienda en l\u00ednea que exude la modernidad y el estilo, que finalmente se distingue en medio de la competencia.<\/p>\n<ul>\n<li>Dise\u00f1o limpio y moderno, adecuado para cualquier tipo de tienda en l\u00ednea<\/li>\n<li>Totalmente personalizable con opciones de color ilimitadas e integraci\u00f3n de Google Fonts<\/li>\n<li>Compatible con WooCommerce, la plataforma de comercio electr\u00f3nico m\u00e1s popular<\/li>\n<li>Incluye opciones avanzadas de filtrado de productos y p\u00e1ginas de productos personalizables<\/li>\n<li>Dise\u00f1o para dispositivos m\u00f3viles y receptivos, asegurando una experiencia de usuario fluida en cualquier dispositivo<\/li>\n<li>Optimizado para SEO y tiempos de carga r\u00e1pidas, mejorando la clasificaci\u00f3n de los motores de b\u00fasqueda y la satisfacci\u00f3n del cliente<\/li>\n<li>Incluye una amplia documentaci\u00f3n y un apoyo confiable de los desarrolladores de temas<\/li>\n<li>Construido con el marco HTML5, CSS3 y Bootstrap, asegurando la durabilidad y la seguridad del tema.<\/li>\n<li>Incluye caracter\u00edsticas como efectos de desplazamiento de im\u00e1genes, comparaci\u00f3n de productos y revisiones y calificaciones para clientes.<\/li>\n<\/ul>\n","protected":false},"excerpt":{"rendered":"<p>El tema de WooCommerce Minimal y Modern de LAPA se destaca por su impresionante dise\u00f1o y capacidad de respuesta, que sirve como un tema impecable de WordPress adaptado para tiendas virtuales contempor\u00e1neas. Con una est\u00e9tica y funcionalidades directas no cerradas, LAPA allana el camino para la personalizaci\u00f3n y configuraci\u00f3n sin esfuerzo, lo que le permite exhibir su mercanc\u00eda de manera refinada y pulida. Con una compatibilidad completa con WooCommerce, este tema abarca todos los atributos esenciales necesarios para operar una tienda en l\u00ednea pr\u00f3spera, que abarca capacidades de filtrado de productos, funcionalidad de la lista de deseos y un proceso de pago optimizado. Ya sea que se encuentre embarcado en su primera incursi\u00f3n en las ventas en l\u00ednea o que busque elevar el estado de su tienda preexistente, el tema de WooCommerce m\u00ednimo y moderno de LAPA representa una selecci\u00f3n ejemplar.<\/p>\n","protected":false},"featured_media":166568,"comment_status":"open","ping_status":"open","template":"","meta":[],"product_brand":[2337],"product_cat":[1263,1469,1237],"product_tag":[1391],"class_list":{"0":"post-113494","1":"product","2":"type-product","3":"status-publish","4":"has-post-thumbnail","6":"product_brand-themeforest","7":"product_cat-comercio-electronico-temas","8":"product_cat-creativo-comercio-electronico-temas","9":"product_cat-temas","10":"product_tag-themeforest","11":"member-discount","12":"discount-restricted","14":"first","15":"instock","16":"sale","17":"downloadable","18":"virtual","19":"sold-individually","20":"purchasable","21":"product-type-simple"},"_links":{"self":[{"href":"https:\/\/gpl-love.com\/es\/wp-json\/wp\/v2\/product\/113494","targetHints":{"allow":["GET"]}}],"collection":[{"href":"https:\/\/gpl-love.com\/es\/wp-json\/wp\/v2\/product"}],"about":[{"href":"https:\/\/gpl-love.com\/es\/wp-json\/wp\/v2\/types\/product"}],"replies":[{"embeddable":true,"href":"https:\/\/gpl-love.com\/es\/wp-json\/wp\/v2\/comments?post=113494"}],"wp:featuredmedia":[{"embeddable":true,"href":"https:\/\/gpl-love.com\/es\/wp-json\/wp\/v2\/media\/166568"}],"wp:attachment":[{"href":"https:\/\/gpl-love.com\/es\/wp-json\/wp\/v2\/media?parent=113494"}],"wp:term":[{"taxonomy":"product_brand","embeddable":true,"href":"https:\/\/gpl-love.com\/es\/wp-json\/wp\/v2\/product_brand?post=113494"},{"taxonomy":"product_cat","embeddable":true,"href":"https:\/\/gpl-love.com\/es\/wp-json\/wp\/v2\/product_cat?post=113494"},{"taxonomy":"product_tag","embeddable":true,"href":"https:\/\/gpl-love.com\/es\/wp-json\/wp\/v2\/product_tag?post=113494"}],"curies":[{"name":"wp","href":"https:\/\/api.w.org\/{rel}","templated":true}]}}