{"id":113492,"date":"2023-11-05T00:00:00","date_gmt":"2023-11-05T05:00:00","guid":{"rendered":"http:\/\/gpl-love.com\/es\/?post_type=product&#038;p=113492"},"modified":"2026-03-13T17:22:04","modified_gmt":"2026-03-13T22:22:04","slug":"helas-multipurpose-woocommerce-theme","status":"publish","type":"product","link":"https:\/\/gpl-love.com\/es\/producto\/helas-multipurpose-woocommerce-theme\/","title":{"rendered":"Helas Multipurpose WooCommerce Theme 1.4.0"},"content":{"rendered":"<h3>Helas Multipurpose WooCommerce Theme Caracteristicas<\/h3>\n<p>El tema de WooCommerce multiprop\u00f3sito Helas es un tema de WordPress excepcionalmente robusto y vers\u00e1til que ha sido meticulosamente elaborado para facilitar la creaci\u00f3n de sitios web de comercio electr\u00f3nico visualmente llamativos y altamente receptivos. Con una amplia gama de plantillas y dise\u00f1os preconstruidos, este tema formidable faculta a los usuarios para dise\u00f1ar una tienda en l\u00ednea distintiva y memorable que se distingue sin esfuerzo de sus competidores. Complementando su ya impresionante variedad de caracter\u00edsticas, el tema de WooCommerce multiprop\u00f3sito de Helas otorga a\u00fan m\u00e1s a los usuarios una interfaz que es notablemente f\u00e1cil de usar y un creador intuitivo de arrastrar y soltar, permitiendo as\u00ed una personalizaci\u00f3n perfecta de cada aspecto concebible del sitio web de uno, que abarca todo Desde el dise\u00f1o y el dise\u00f1o, hasta las minucias del esquema de color y la tipograf\u00eda. Adem\u00e1s de estos atributos ya notables, este tema es totalmente compatible con WooCommerce, que se considera ampliamente como la principal plataforma de comercio electr\u00f3nico para WordPress. En consecuencia, la integraci\u00f3n de este potente emparejamiento asegura que la gesti\u00f3n de los productos, pedidos y pagos de la tienda de uno sea un esfuerzo sin esfuerzo. Independientemente de si uno es un ne\u00f3fito de la industria o un profesional experimentado, es innegable que el tema de WooCommerce multiprop\u00f3sito Helas es una verdadera panacea cuando se trata de la creaci\u00f3n de una tienda en l\u00ednea pulida, profesional y, en \u00faltima instancia, triunfante.<\/p>\n<ul>\n<li>Dise\u00f1o profesional y moderno que se puede utilizar para una variedad de negocios<\/li>\n<li>Construido para WooCommerce, lo que permite una f\u00e1cil integraci\u00f3n con plataformas populares de comercio electr\u00f3nico<\/li>\n<li>Totalmente receptivo, asegurando una visualizaci\u00f3n \u00f3ptima en todos los tama\u00f1os de pantalla<\/li>\n<li>Opciones de dise\u00f1o m\u00faltiples, incluidas las opciones en caja y de ancho completo<\/li>\n<li>Secciones personalizables de encabezado y pie de p\u00e1gina para fines de marca y marketing<\/li>\n<li>Funci\u00f3n de importaci\u00f3n de demostraci\u00f3n de un solo clic para una f\u00e1cil configuraci\u00f3n y personalizaci\u00f3n<\/li>\n<li>Numerosas plantillas de p\u00e1gina, incluido el contacto predise\u00f1ado y sobre las p\u00e1ginas<\/li>\n<li>Integraci\u00f3n con complementos populares como Elementor, Slider Revolution y MailChimp<\/li>\n<li>SEO optimizado para mejorar la visibilidad del motor de b\u00fasqueda<\/li>\n<li>Traducci\u00f3n lista, con soporte para varios idiomas<\/li>\n<li>Documentaci\u00f3n y soporte extenso para una f\u00e1cil resoluci\u00f3n de problemas e instalaci\u00f3n.<\/li>\n<\/ul>\n","protected":false},"excerpt":{"rendered":"<p>El tema de WooCommerce multiprop\u00f3sito Helas, dise\u00f1ado para satisfacer las necesidades de las empresas en l\u00ednea que se esfuerzan por establecer un sitio web elegante y sin costuras de comercio electr\u00f3nico, es un tema incre\u00edblemente vers\u00e1til y contempor\u00e1neo. Con un dise\u00f1o elegante y receptivo, este tema presenta a sus usuarios una interfaz de usuario intuitiva, facilitando la gesti\u00f3n sin esfuerzo de productos, pedidos y clientes. Al ofrecer una gran cantidad de opciones de personalizaci\u00f3n, como esquemas de color, fuentes y dise\u00f1os, este tema le permite adaptar meticulosamente su tienda en l\u00ednea para armonizar perfectamente con su marca. Adem\u00e1s, el tema Helas est\u00e1 equipado con una variedad de complementos premium, elevando la funcionalidad de su tienda y proporcionando a sus clientes una experiencia de pago sin fricci\u00f3n. Emb\u00e1rcate en tu viaje de lanzar una tienda en l\u00ednea con la m\u00e1xima confianza, cortes\u00eda del tema de WooCommerce multiprop\u00f3sito Helas.<\/p>\n","protected":false},"featured_media":166411,"comment_status":"open","ping_status":"open","template":"","meta":[],"product_brand":[2337],"product_cat":[1239,1237,1238],"product_tag":[1391],"class_list":{"0":"post-113492","1":"product","2":"type-product","3":"status-publish","4":"has-post-thumbnail","6":"product_brand-themeforest","7":"product_cat-de-multiples-fines","8":"product_cat-temas","9":"product_cat-wordpress-temas","10":"product_tag-themeforest","11":"member-discount","12":"discount-restricted","14":"first","15":"instock","16":"sale","17":"downloadable","18":"virtual","19":"sold-individually","20":"purchasable","21":"product-type-simple"},"_links":{"self":[{"href":"https:\/\/gpl-love.com\/es\/wp-json\/wp\/v2\/product\/113492","targetHints":{"allow":["GET"]}}],"collection":[{"href":"https:\/\/gpl-love.com\/es\/wp-json\/wp\/v2\/product"}],"about":[{"href":"https:\/\/gpl-love.com\/es\/wp-json\/wp\/v2\/types\/product"}],"replies":[{"embeddable":true,"href":"https:\/\/gpl-love.com\/es\/wp-json\/wp\/v2\/comments?post=113492"}],"wp:featuredmedia":[{"embeddable":true,"href":"https:\/\/gpl-love.com\/es\/wp-json\/wp\/v2\/media\/166411"}],"wp:attachment":[{"href":"https:\/\/gpl-love.com\/es\/wp-json\/wp\/v2\/media?parent=113492"}],"wp:term":[{"taxonomy":"product_brand","embeddable":true,"href":"https:\/\/gpl-love.com\/es\/wp-json\/wp\/v2\/product_brand?post=113492"},{"taxonomy":"product_cat","embeddable":true,"href":"https:\/\/gpl-love.com\/es\/wp-json\/wp\/v2\/product_cat?post=113492"},{"taxonomy":"product_tag","embeddable":true,"href":"https:\/\/gpl-love.com\/es\/wp-json\/wp\/v2\/product_tag?post=113492"}],"curies":[{"name":"wp","href":"https:\/\/api.w.org\/{rel}","templated":true}]}}