{"id":113490,"date":"2021-08-08T00:00:00","date_gmt":"2021-08-08T05:00:00","guid":{"rendered":"http:\/\/gpl-love.com\/es\/?post_type=product&#038;p=113490"},"modified":"2026-03-13T17:22:35","modified_gmt":"2026-03-13T22:22:35","slug":"industrial-corporate-industry-y-factory","status":"publish","type":"product","link":"https:\/\/gpl-love.com\/es\/producto\/industrial-corporate-industry-y-factory\/","title":{"rendered":"Industrial Corporate Industry y Factory 1.4.3"},"content":{"rendered":"<h3>Industrial Corporate Industry y Factory Caracteristicas<\/h3>\n<p>Nuestro producto ha sido dise\u00f1ado meticulosamente para satisfacer los requisitos espec\u00edficos de la industria corporativa industrial y las f\u00e1bricas por igual. A trav\u00e9s de la integraci\u00f3n de la tecnolog\u00eda de vanguardia y la utilizaci\u00f3n de materiales de primer nivel, ofrecemos una soluci\u00f3n inigualable que garantiza tanto la confiabilidad como la eficiencia para todas sus necesidades industriales. Ha sido especialmente dise\u00f1ado para soportar los entornos m\u00e1s desafiantes e intransigentes mientras funcionan sin problemas incluso bajo las cargas m\u00e1s pesadas. Ya sea que su objetivo sea mejorar la productividad, disminuir los gastos de mantenimiento o elevar la seguridad de los trabajadores, nuestro producto emerge como la elecci\u00f3n por excelencia. Al priorizar los principios de calidad y durabilidad, le aseguramos que nuestro producto ofrecer\u00e1 constantemente un rendimiento excepcional y una confiabilidad inquebrantable durante innumerables a\u00f1os. Por lo tanto, si se encuentra en busca de una soluci\u00f3n confiable y firme para sus requisitos industriales, realmente no es necesario buscar m\u00e1s all\u00e1 de nuestro producto incomparable.<\/p>\n<ul>\n<li>Sistema de comunicaci\u00f3n simplificado y eficiente entre diferentes departamentos y estaciones de trabajo en la industria corporativa industrial y f\u00e1brica<\/li>\n<li>Mejora de la productividad y el tiempo de inactividad reducido a trav\u00e9s del monitoreo y el an\u00e1lisis de datos en tiempo real<\/li>\n<li>Configuraci\u00f3n personalizable e interfaz f\u00e1cil de usar para una f\u00e1cil integraci\u00f3n con los sistemas existentes<\/li>\n<li>Herramientas integrales de informes y visualizaci\u00f3n de datos para un an\u00e1lisis preciso y toma de decisiones<\/li>\n<li>Caracter\u00edsticas de seguridad robustas para garantizar la confidencialidad y proteger contra las amenazas cibern\u00e9ticas<\/li>\n<li>Soporte t\u00e9cnico 24\/7 para la operaci\u00f3n y mantenimiento sin problemas<\/li>\n<li>Dise\u00f1o escalable para acomodar la expansi\u00f3n y el crecimiento futuros<\/li>\n<li>Componentes modulares para flexibilidad y personalizaci\u00f3n para satisfacer necesidades y requisitos espec\u00edficos<\/li>\n<li>Bajo costos de mantenimiento y operaci\u00f3n para la m\u00e1xima efectividad rentable<\/li>\n<li>Dise\u00f1o ambientalmente amigable y sostenible para la huella de carbono reducida y el consumo de energ\u00eda.<\/li>\n<\/ul>\n","protected":false},"excerpt":{"rendered":"<p>Nuestro producto innovador ha sido meticulosamente elaborado para mejorar y racionalizar las operaciones en la industria corporativa industrial, as\u00ed como a los entornos de f\u00e1brica. Al aprovechar el poder de nuestra tecnolog\u00eda de vanguardia, las empresas pueden supervisar y gobernar todo el proceso de producci\u00f3n, monitorear diligentemente los niveles de inventario, manejar con expertos la log\u00edstica de la cadena de suministro y aumentar sustancialmente la eficiencia general. Adem\u00e1s, nuestra soluci\u00f3n integral ofrece la invaluable capacidad de equipar a las empresas con an\u00e1lisis de datos en tiempo real, capacit\u00e1ndolos para tomar decisiones informadas y astutas de inmediato, al tiempo que aborda los dilemas de producci\u00f3n o fluctuaciones en la demanda. Con nuestro producto excepcional, las empresas pueden optimizar de manera efectiva sus operaciones, alcanzando niveles incomparables de productividad, todo mientras frenamos efectivamente los costos y minimizan cualquier desperdicio.<\/p>\n","protected":false},"featured_media":166464,"comment_status":"open","ping_status":"open","template":"","meta":[],"product_brand":[2337],"product_cat":[1307,1237,1238],"product_tag":[1391],"class_list":{"0":"post-113490","1":"product","2":"type-product","3":"status-publish","4":"has-post-thumbnail","6":"product_brand-themeforest","7":"product_cat-negocio-wordpress-temas","8":"product_cat-temas","9":"product_cat-wordpress-temas","10":"product_tag-themeforest","11":"member-discount","12":"discount-restricted","14":"first","15":"instock","16":"sale","17":"downloadable","18":"virtual","19":"sold-individually","20":"purchasable","21":"product-type-simple"},"_links":{"self":[{"href":"https:\/\/gpl-love.com\/es\/wp-json\/wp\/v2\/product\/113490","targetHints":{"allow":["GET"]}}],"collection":[{"href":"https:\/\/gpl-love.com\/es\/wp-json\/wp\/v2\/product"}],"about":[{"href":"https:\/\/gpl-love.com\/es\/wp-json\/wp\/v2\/types\/product"}],"replies":[{"embeddable":true,"href":"https:\/\/gpl-love.com\/es\/wp-json\/wp\/v2\/comments?post=113490"}],"wp:featuredmedia":[{"embeddable":true,"href":"https:\/\/gpl-love.com\/es\/wp-json\/wp\/v2\/media\/166464"}],"wp:attachment":[{"href":"https:\/\/gpl-love.com\/es\/wp-json\/wp\/v2\/media?parent=113490"}],"wp:term":[{"taxonomy":"product_brand","embeddable":true,"href":"https:\/\/gpl-love.com\/es\/wp-json\/wp\/v2\/product_brand?post=113490"},{"taxonomy":"product_cat","embeddable":true,"href":"https:\/\/gpl-love.com\/es\/wp-json\/wp\/v2\/product_cat?post=113490"},{"taxonomy":"product_tag","embeddable":true,"href":"https:\/\/gpl-love.com\/es\/wp-json\/wp\/v2\/product_tag?post=113490"}],"curies":[{"name":"wp","href":"https:\/\/api.w.org\/{rel}","templated":true}]}}