{"id":113488,"date":"2021-05-18T00:00:00","date_gmt":"2021-05-18T05:00:00","guid":{"rendered":"http:\/\/gpl-love.com\/es\/?post_type=product&#038;p=113488"},"modified":"2026-03-13T17:19:43","modified_gmt":"2026-03-13T22:19:43","slug":"education-pack-education-learning-tema-wp","status":"publish","type":"product","link":"https:\/\/gpl-love.com\/es\/producto\/education-pack-education-learning-tema-wp\/","title":{"rendered":"Education Pack Education Learning Tema WP 2.4"},"content":{"rendered":"<h3>Education Pack Education Learning Tema WP Caracteristicas<\/h3>\n<p>El tema de aprendizaje educativo del paquete Education WP proporciona a los educadores un paquete integral y que lo abarca todo lo que tiene como objetivo apoyar la creaci\u00f3n de experiencias de aprendizaje cautivadoras y altamente efectivas para los estudiantes. A trav\u00e9s de una amplia gama de herramientas personalizables, este tema permite a los maestros dise\u00f1ar sus propios planes de lecciones, pruebas y evaluaciones, al tiempo que les permite monitorear y evaluar sin esfuerzo el progreso de los estudiantes. Su interfaz f\u00e1cil de usar y su sistema de navegaci\u00f3n perfectamente intuitivo facilitan la r\u00e1pida creaci\u00f3n de contenido atractivo que no solo fomenta la participaci\u00f3n activa de los estudiantes, sino que tambi\u00e9n mejora la retenci\u00f3n de conocimiento. Adem\u00e1s, este tema ha sido h\u00e1bilmente optimizado para dispositivos m\u00f3viles, asegurando as\u00ed que los estudiantes puedan acceder convenientemente a sus materiales de aprendizaje desde cualquier ubicaci\u00f3n. En \u00faltima instancia, el tema de aprendizaje educativo del paquete Education WP es un recurso invaluable para los educadores que buscan aumentar sus estrategias de ense\u00f1anza y amplificar los resultados generales de los estudiantes.<\/p>\n<ul>\n<li>Tema de aprendizaje educativo integral para WordPress<\/li>\n<li>20+ plantillas de p\u00e1gina totalmente personalizables para escuelas, universidades y otras instituciones educativas<\/li>\n<li>Incluye caracter\u00edsticas incorporadas para crear y administrar cursos, clases y eventos.<\/li>\n<li>Integraci\u00f3n con complementos educativos populares como LearnDash y WP Courseware<\/li>\n<li>Dise\u00f1o receptivo para una visualizaci\u00f3n \u00f3ptima en cualquier dispositivo<\/li>\n<li>Compatible con constructores de p\u00e1ginas populares como Elementor y Wpbakery<\/li>\n<li>Personalizaci\u00f3n f\u00e1cil con una variedad de esquemas de color y opciones de fuentes<\/li>\n<li>Equipo de soporte dedicado disponible para ayudar con cualquier pregunta o problema<\/li>\n<\/ul>\n","protected":false},"excerpt":{"rendered":"<p>El tema de aprendizaje educativo de Education Pack WP es una herramienta incre\u00edblemente vers\u00e1til e integral que se ha creado meticulosamente para mejorar la experiencia educativa en l\u00ednea, asegurando que sea cautivador y accesible. Este tema se ha dise\u00f1ado cuidadosamente con el mismo \u00e9nfasis en la est\u00e9tica y la funcionalidad, proporcionando a los usuarios una variedad de caracter\u00edsticas personalizables que permiten la creaci\u00f3n de un sitio web verdaderamente profesional atendido espec\u00edficamente a su programa de aprendizaje electr\u00f3nico. Con un dise\u00f1o receptivo, varios tipos de publicaciones, widgets hechos a medida y una gran cantidad de herramientas integradas, el tema de aprendizaje educativo del paquete educativo WP es una opci\u00f3n excepcional para educadores y estudiantes que desean transiciones sin problemas de sus esfuerzos de aprendizaje en la esfera digital. Independientemente de si est\u00e1 en el proceso de desarrollar un curso, vendiendo productos digitales o simplemente con el objetivo de difundir contenido educativo, este tema es inequ\u00edvocamente la opci\u00f3n final para establecer un entorno de aprendizaje en l\u00ednea inmersivo e interactivo.<\/p>\n","protected":false},"featured_media":165911,"comment_status":"open","ping_status":"open","template":"","meta":[],"product_brand":[2337],"product_cat":[1267,1237,1238],"product_tag":[1391],"class_list":{"0":"post-113488","1":"product","2":"type-product","3":"status-publish","4":"has-post-thumbnail","6":"product_brand-themeforest","7":"product_cat-creativo","8":"product_cat-temas","9":"product_cat-wordpress-temas","10":"product_tag-themeforest","11":"member-discount","12":"discount-restricted","14":"first","15":"instock","16":"sale","17":"downloadable","18":"virtual","19":"sold-individually","20":"purchasable","21":"product-type-simple"},"_links":{"self":[{"href":"https:\/\/gpl-love.com\/es\/wp-json\/wp\/v2\/product\/113488","targetHints":{"allow":["GET"]}}],"collection":[{"href":"https:\/\/gpl-love.com\/es\/wp-json\/wp\/v2\/product"}],"about":[{"href":"https:\/\/gpl-love.com\/es\/wp-json\/wp\/v2\/types\/product"}],"replies":[{"embeddable":true,"href":"https:\/\/gpl-love.com\/es\/wp-json\/wp\/v2\/comments?post=113488"}],"wp:featuredmedia":[{"embeddable":true,"href":"https:\/\/gpl-love.com\/es\/wp-json\/wp\/v2\/media\/165911"}],"wp:attachment":[{"href":"https:\/\/gpl-love.com\/es\/wp-json\/wp\/v2\/media?parent=113488"}],"wp:term":[{"taxonomy":"product_brand","embeddable":true,"href":"https:\/\/gpl-love.com\/es\/wp-json\/wp\/v2\/product_brand?post=113488"},{"taxonomy":"product_cat","embeddable":true,"href":"https:\/\/gpl-love.com\/es\/wp-json\/wp\/v2\/product_cat?post=113488"},{"taxonomy":"product_tag","embeddable":true,"href":"https:\/\/gpl-love.com\/es\/wp-json\/wp\/v2\/product_tag?post=113488"}],"curies":[{"name":"wp","href":"https:\/\/api.w.org\/{rel}","templated":true}]}}